{"id":18918,"date":"2025-03-07T12:34:44","date_gmt":"2025-03-07T15:34:44","guid":{"rendered":"https:\/\/betterpros.com\/careers\/privacy-policy-2\/"},"modified":"2025-03-07T12:54:44","modified_gmt":"2025-03-07T15:54:44","slug":"politica-de-privacidad","status":"publish","type":"page","link":"https:\/\/betterpros.com\/careers\/es\/politica-de-privacidad\/","title":{"rendered":"Politica de privacidad"},"content":{"rendered":"\t\t<div data-elementor-type=\"wp-page\" data-elementor-id=\"18918\" class=\"elementor elementor-18918 elementor-18897\" data-elementor-post-type=\"page\">\n\t\t\t\t<div class=\"elementor-element elementor-element-b521614 e-flex e-con-boxed e-con e-parent\" data-id=\"b521614\" data-element_type=\"container\" data-e-type=\"container\" data-settings=\"{&quot;jet_parallax_layout_list&quot;:[]}\">\n\t\t\t\t\t<div class=\"e-con-inner\">\n\t\t\t\t<div class=\"elementor-element elementor-element-3376024 elementor-widget elementor-widget-heading\" data-id=\"3376024\" data-element_type=\"widget\" data-e-type=\"widget\" data-widget_type=\"heading.default\">\n\t\t\t\t<div class=\"elementor-widget-container\">\n\t\t\t\t\t<h1 class=\"elementor-heading-title elementor-size-default\">BETTERPROS PRIVACY STATEMENT.<\/h1>\t\t\t\t<\/div>\n\t\t\t\t<\/div>\n\t\t\t\t<div class=\"elementor-element elementor-element-15e37b2 elementor-widget elementor-widget-text-editor\" data-id=\"15e37b2\" data-element_type=\"widget\" data-e-type=\"widget\" data-widget_type=\"text-editor.default\">\n\t\t\t\t<div class=\"elementor-widget-container\">\n\t\t\t\t\t\t\t\t\t<p data-start=\"190\" data-end=\"458\">BetterPros mantiene las medidas t\u00e9cnicas y organizativas adecuadas para proteger sus datos personales contra el procesamiento no autorizado o ilegal y\/o contra la p\u00e9rdida, alteraci\u00f3n, divulgaci\u00f3n o acceso accidental, o la destrucci\u00f3n accidental o ilegal de los mismos.<\/p><p data-start=\"460\" data-end=\"781\">Usamos la informaci\u00f3n que recopilamos para brindarle la mejor y m\u00e1s personalizada experiencia posible, incluidas las campa\u00f1as de marketing. Esta informaci\u00f3n es procesada autom\u00e1ticamente por nuestros sistemas. Pero, en algunos casos, tambi\u00e9n utilizamos una revisi\u00f3n manual para acceder y revisar la informaci\u00f3n recopilada.<\/p><p data-start=\"783\" data-end=\"1063\">Su n\u00famero de tel\u00e9fono no ser\u00e1 compartido con terceros\/afiliados para fines de marketing\/promoci\u00f3n. Todas las categor\u00edas enumeradas en esta pol\u00edtica de privacidad excluyen el consentimiento y los datos de origen de mensajes de texto; esta informaci\u00f3n no se compartir\u00e1 con terceros.<\/p><p data-start=\"1065\" data-end=\"1210\"><strong data-start=\"1065\" data-end=\"1120\">Para promover la seguridad, protecci\u00f3n e integridad<\/strong><br data-start=\"1120\" data-end=\"1123\" \/>Usamos la informaci\u00f3n que recopilamos para proporcionar servicios seguros y protegidos.<\/p><p data-start=\"1212\" data-end=\"1418\"><strong data-start=\"1212\" data-end=\"1255\">Para medir y analizar nuestra audiencia<\/strong><br data-start=\"1255\" data-end=\"1258\" \/>Ayudamos a nuestros clientes a hacer que sus negocios sean m\u00e1s eficientes al reducir sus costos laborales, por lo que necesitamos procesar y analizar sus datos.<\/p><p data-start=\"1420\" data-end=\"1589\"><strong data-start=\"1420\" data-end=\"1451\">Para comunicarnos con usted<\/strong><br data-start=\"1451\" data-end=\"1454\" \/>Nos comunicamos con usted utilizando la informaci\u00f3n que nos ha proporcionado, como la informaci\u00f3n de contacto que ingres\u00f3 en su perfil.<\/p><p data-start=\"1591\" data-end=\"1815\"><strong data-start=\"1591\" data-end=\"1691\">Para comprender las necesidades de nuestros clientes y mejorar constantemente nuestros servicios<\/strong><br data-start=\"1691\" data-end=\"1694\" \/>Queremos hacer la vida de nuestros clientes m\u00e1s f\u00e1cil, por eso les proporcionamos talentos de calidad y soporte continuo.<\/p><p data-start=\"1817\" data-end=\"2070\"><strong data-start=\"1817\" data-end=\"2070\">Conservamos la informaci\u00f3n solo el tiempo que sea necesario para proporcionar nuestros servicios, cumplir con obligaciones legales o proteger nuestros intereses. Decidimos cu\u00e1nto tiempo necesitamos la informaci\u00f3n de manera individual, caso por caso.<\/strong><\/p><p data-start=\"2072\" data-end=\"2264\">En cuanto al procesamiento de sus datos personales, usted tiene derecho (en las circunstancias y bajo las condiciones, y sujeta a las excepciones, establecidas por la legislaci\u00f3n aplicable) a:<\/p><ul data-start=\"2266\" data-end=\"3004\"><li data-start=\"2266\" data-end=\"2474\">Solicitar acceso a los datos personales que procesamos sobre usted: esto le permite saber si tenemos datos personales sobre usted y, si los tenemos, obtener informaci\u00f3n y una copia de esos datos personales.<\/li><li data-start=\"2475\" data-end=\"2614\">Solicitar la rectificaci\u00f3n de sus datos personales: este derecho le permite corregir sus datos personales si son inexactos o incompletos.<\/li><li data-start=\"2615\" data-end=\"2747\">Oponerse al procesamiento de sus datos personales: esto le permite solicitar que BetterPros deje de procesar sus datos personales.<\/li><li data-start=\"2748\" data-end=\"2799\">Solicitar la eliminaci\u00f3n de sus datos personales.<\/li><li data-start=\"2800\" data-end=\"3004\">Solicitar la restricci\u00f3n del procesamiento de sus datos personales: esto le permite solicitar que BetterPros solo procese sus datos personales en circunstancias limitadas, incluso con su consentimiento.<\/li><\/ul><p data-start=\"3006\" data-end=\"3176\">La forma en que se utilizan y\/o procesan sus datos personales puede modificarse dependiendo del contexto, en cuyo caso, las modificaciones se reflejar\u00e1n en esta pol\u00edtica.<\/p><p data-start=\"3178\" data-end=\"3316\">Esta pol\u00edtica de privacidad se actualizar\u00e1 de vez en cuando; BetterPros no est\u00e1 obligado a notificar con antelaci\u00f3n ninguna actualizaci\u00f3n.<\/p><p data-start=\"3318\" data-end=\"3447\" data-is-last-node=\"\" data-is-only-node=\"\">En caso de que BetterPros est\u00e9 obligado por ley a entregar la informaci\u00f3n contenida en sus registros, lo har\u00e1 seg\u00fan lo requerido.<\/p>\t\t\t\t\t\t\t\t<\/div>\n\t\t\t\t<\/div>\n\t\t\t\t\t<\/div>\n\t\t\t\t<\/div>\n\t\t\t\t<\/div>\n\t\t","protected":false},"excerpt":{"rendered":"<p>BETTERPROS PRIVACY STATEMENT. BetterPros mantiene las medidas t\u00e9cnicas y organizativas adecuadas para proteger sus datos personales contra el procesamiento no autorizado o ilegal y\/o contra la p\u00e9rdida, alteraci\u00f3n, divulgaci\u00f3n o acceso accidental, o la destrucci\u00f3n accidental o ilegal de los mismos. Usamos la informaci\u00f3n que recopilamos para brindarle la mejor y m\u00e1s personalizada experiencia posible, [&hellip;]<\/p>\n","protected":false},"author":17,"featured_media":0,"parent":0,"menu_order":0,"comment_status":"closed","ping_status":"closed","template":"","meta":{"content-type":"","footnotes":""},"product-category":[],"class_list":["post-18918","page","type-page","status-publish","hentry"],"yoast_head":"<!-- This site is optimized with the Yoast SEO plugin v27.3 - https:\/\/yoast.com\/product\/yoast-seo-wordpress\/ -->\n<title>Politica de privacidad - Careers<\/title>\n<meta name=\"description\" content=\"BETTERPROS PRIVACY STATEMENT. BetterPros mantiene las medidas t\u00e9cnicas y organizativas adecuadas para proteger sus datos personales contra el\" \/>\n<meta name=\"robots\" content=\"index, follow, max-snippet:-1, max-image-preview:large, max-video-preview:-1\" \/>\n<link rel=\"canonical\" href=\"https:\/\/betterpros.com\/careers\/es\/politica-de-privacidad\/\" \/>\n<meta property=\"og:locale\" content=\"es_ES\" \/>\n<meta property=\"og:type\" content=\"article\" \/>\n<meta property=\"og:title\" content=\"Politica de privacidad - Careers\" \/>\n<meta property=\"og:description\" content=\"BETTERPROS PRIVACY STATEMENT. BetterPros mantiene las medidas t\u00e9cnicas y organizativas adecuadas para proteger sus datos personales contra el\" \/>\n<meta property=\"og:url\" content=\"https:\/\/betterpros.com\/careers\/es\/politica-de-privacidad\/\" \/>\n<meta property=\"og:site_name\" content=\"Careers\" \/>\n<meta property=\"article:publisher\" content=\"https:\/\/www.facebook.com\/Better-Pros-105415752069554\" \/>\n<meta property=\"article:modified_time\" content=\"2025-03-07T15:54:44+00:00\" \/>\n<meta property=\"og:image\" content=\"https:\/\/betterpros.com\/careers\/wp-content\/uploads\/2023\/07\/BETTER-PROS-logo.webp\" \/>\n\t<meta property=\"og:image:width\" content=\"600\" \/>\n\t<meta property=\"og:image:height\" content=\"600\" \/>\n\t<meta property=\"og:image:type\" content=\"image\/webp\" \/>\n<meta name=\"twitter:card\" content=\"summary_large_image\" \/>\n<meta name=\"twitter:label1\" content=\"Tiempo de lectura\" \/>\n\t<meta name=\"twitter:data1\" content=\"3 minutos\" \/>\n<script type=\"application\/ld+json\" class=\"yoast-schema-graph\">{\"@context\":\"https:\\\/\\\/schema.org\",\"@graph\":[{\"@type\":\"WebPage\",\"@id\":\"https:\\\/\\\/betterpros.com\\\/careers\\\/es\\\/politica-de-privacidad\\\/\",\"url\":\"https:\\\/\\\/betterpros.com\\\/careers\\\/es\\\/politica-de-privacidad\\\/\",\"name\":\"Politica de privacidad - Careers\",\"isPartOf\":{\"@id\":\"https:\\\/\\\/betterpros.com\\\/careers\\\/es\\\/#website\"},\"datePublished\":\"2025-03-07T15:34:44+00:00\",\"dateModified\":\"2025-03-07T15:54:44+00:00\",\"description\":\"BETTERPROS PRIVACY STATEMENT. BetterPros mantiene las medidas t\u00e9cnicas y organizativas adecuadas para proteger sus datos personales contra el\",\"breadcrumb\":{\"@id\":\"https:\\\/\\\/betterpros.com\\\/careers\\\/es\\\/politica-de-privacidad\\\/#breadcrumb\"},\"inLanguage\":\"es\",\"potentialAction\":[{\"@type\":\"ReadAction\",\"target\":[\"https:\\\/\\\/betterpros.com\\\/careers\\\/es\\\/politica-de-privacidad\\\/\"]}]},{\"@type\":\"BreadcrumbList\",\"@id\":\"https:\\\/\\\/betterpros.com\\\/careers\\\/es\\\/politica-de-privacidad\\\/#breadcrumb\",\"itemListElement\":[{\"@type\":\"ListItem\",\"position\":1,\"name\":\"Home\",\"item\":\"https:\\\/\\\/betterpros.com\\\/careers\\\/es\\\/\"},{\"@type\":\"ListItem\",\"position\":2,\"name\":\"Politica de privacidad\"}]},{\"@type\":\"WebSite\",\"@id\":\"https:\\\/\\\/betterpros.com\\\/careers\\\/es\\\/#website\",\"url\":\"https:\\\/\\\/betterpros.com\\\/careers\\\/es\\\/\",\"name\":\"BetterPros Careers\",\"description\":\"Find a job in BetterPros Career Site\",\"publisher\":{\"@id\":\"https:\\\/\\\/betterpros.com\\\/careers\\\/es\\\/#organization\"},\"potentialAction\":[{\"@type\":\"SearchAction\",\"target\":{\"@type\":\"EntryPoint\",\"urlTemplate\":\"https:\\\/\\\/betterpros.com\\\/careers\\\/es\\\/?s={search_term_string}\"},\"query-input\":{\"@type\":\"PropertyValueSpecification\",\"valueRequired\":true,\"valueName\":\"search_term_string\"}}],\"inLanguage\":\"es\"},{\"@type\":\"Organization\",\"@id\":\"https:\\\/\\\/betterpros.com\\\/careers\\\/es\\\/#organization\",\"name\":\"BetterPros Careers\",\"url\":\"https:\\\/\\\/betterpros.com\\\/careers\\\/es\\\/\",\"logo\":{\"@type\":\"ImageObject\",\"inLanguage\":\"es\",\"@id\":\"https:\\\/\\\/betterpros.com\\\/careers\\\/es\\\/#\\\/schema\\\/logo\\\/image\\\/\",\"url\":\"https:\\\/\\\/betterpros.com\\\/careers\\\/wp-content\\\/uploads\\\/2023\\\/03\\\/betterpros-logo.png\",\"contentUrl\":\"https:\\\/\\\/betterpros.com\\\/careers\\\/wp-content\\\/uploads\\\/2023\\\/03\\\/betterpros-logo.png\",\"width\":1666,\"height\":491,\"caption\":\"BetterPros Careers\"},\"image\":{\"@id\":\"https:\\\/\\\/betterpros.com\\\/careers\\\/es\\\/#\\\/schema\\\/logo\\\/image\\\/\"},\"sameAs\":[\"https:\\\/\\\/www.facebook.com\\\/Better-Pros-105415752069554\",\"https:\\\/\\\/www.instagram.com\\\/betterpros\\\/\",\"https:\\\/\\\/www.linkedin.com\\\/company\\\/betterpros\\\/\"]}]}<\/script>\n<!-- \/ Yoast SEO plugin. -->","yoast_head_json":{"title":"Politica de privacidad - Careers","description":"BETTERPROS PRIVACY STATEMENT. BetterPros mantiene las medidas t\u00e9cnicas y organizativas adecuadas para proteger sus datos personales contra el","robots":{"index":"index","follow":"follow","max-snippet":"max-snippet:-1","max-image-preview":"max-image-preview:large","max-video-preview":"max-video-preview:-1"},"canonical":"https:\/\/betterpros.com\/careers\/es\/politica-de-privacidad\/","og_locale":"es_ES","og_type":"article","og_title":"Politica de privacidad - Careers","og_description":"BETTERPROS PRIVACY STATEMENT. BetterPros mantiene las medidas t\u00e9cnicas y organizativas adecuadas para proteger sus datos personales contra el","og_url":"https:\/\/betterpros.com\/careers\/es\/politica-de-privacidad\/","og_site_name":"Careers","article_publisher":"https:\/\/www.facebook.com\/Better-Pros-105415752069554","article_modified_time":"2025-03-07T15:54:44+00:00","og_image":[{"width":600,"height":600,"url":"https:\/\/betterpros.com\/careers\/wp-content\/uploads\/2023\/07\/BETTER-PROS-logo.webp","type":"image\/webp"}],"twitter_card":"summary_large_image","twitter_misc":{"Tiempo de lectura":"3 minutos"},"schema":{"@context":"https:\/\/schema.org","@graph":[{"@type":"WebPage","@id":"https:\/\/betterpros.com\/careers\/es\/politica-de-privacidad\/","url":"https:\/\/betterpros.com\/careers\/es\/politica-de-privacidad\/","name":"Politica de privacidad - Careers","isPartOf":{"@id":"https:\/\/betterpros.com\/careers\/es\/#website"},"datePublished":"2025-03-07T15:34:44+00:00","dateModified":"2025-03-07T15:54:44+00:00","description":"BETTERPROS PRIVACY STATEMENT. BetterPros mantiene las medidas t\u00e9cnicas y organizativas adecuadas para proteger sus datos personales contra el","breadcrumb":{"@id":"https:\/\/betterpros.com\/careers\/es\/politica-de-privacidad\/#breadcrumb"},"inLanguage":"es","potentialAction":[{"@type":"ReadAction","target":["https:\/\/betterpros.com\/careers\/es\/politica-de-privacidad\/"]}]},{"@type":"BreadcrumbList","@id":"https:\/\/betterpros.com\/careers\/es\/politica-de-privacidad\/#breadcrumb","itemListElement":[{"@type":"ListItem","position":1,"name":"Home","item":"https:\/\/betterpros.com\/careers\/es\/"},{"@type":"ListItem","position":2,"name":"Politica de privacidad"}]},{"@type":"WebSite","@id":"https:\/\/betterpros.com\/careers\/es\/#website","url":"https:\/\/betterpros.com\/careers\/es\/","name":"BetterPros Careers","description":"Find a job in BetterPros Career Site","publisher":{"@id":"https:\/\/betterpros.com\/careers\/es\/#organization"},"potentialAction":[{"@type":"SearchAction","target":{"@type":"EntryPoint","urlTemplate":"https:\/\/betterpros.com\/careers\/es\/?s={search_term_string}"},"query-input":{"@type":"PropertyValueSpecification","valueRequired":true,"valueName":"search_term_string"}}],"inLanguage":"es"},{"@type":"Organization","@id":"https:\/\/betterpros.com\/careers\/es\/#organization","name":"BetterPros Careers","url":"https:\/\/betterpros.com\/careers\/es\/","logo":{"@type":"ImageObject","inLanguage":"es","@id":"https:\/\/betterpros.com\/careers\/es\/#\/schema\/logo\/image\/","url":"https:\/\/betterpros.com\/careers\/wp-content\/uploads\/2023\/03\/betterpros-logo.png","contentUrl":"https:\/\/betterpros.com\/careers\/wp-content\/uploads\/2023\/03\/betterpros-logo.png","width":1666,"height":491,"caption":"BetterPros Careers"},"image":{"@id":"https:\/\/betterpros.com\/careers\/es\/#\/schema\/logo\/image\/"},"sameAs":["https:\/\/www.facebook.com\/Better-Pros-105415752069554","https:\/\/www.instagram.com\/betterpros\/","https:\/\/www.linkedin.com\/company\/betterpros\/"]}]}},"_links":{"self":[{"href":"https:\/\/betterpros.com\/careers\/es\/wp-json\/wp\/v2\/pages\/18918","targetHints":{"allow":["GET"]}}],"collection":[{"href":"https:\/\/betterpros.com\/careers\/es\/wp-json\/wp\/v2\/pages"}],"about":[{"href":"https:\/\/betterpros.com\/careers\/es\/wp-json\/wp\/v2\/types\/page"}],"author":[{"embeddable":true,"href":"https:\/\/betterpros.com\/careers\/es\/wp-json\/wp\/v2\/users\/17"}],"replies":[{"embeddable":true,"href":"https:\/\/betterpros.com\/careers\/es\/wp-json\/wp\/v2\/comments?post=18918"}],"version-history":[{"count":7,"href":"https:\/\/betterpros.com\/careers\/es\/wp-json\/wp\/v2\/pages\/18918\/revisions"}],"predecessor-version":[{"id":18952,"href":"https:\/\/betterpros.com\/careers\/es\/wp-json\/wp\/v2\/pages\/18918\/revisions\/18952"}],"wp:attachment":[{"href":"https:\/\/betterpros.com\/careers\/es\/wp-json\/wp\/v2\/media?parent=18918"}],"wp:term":[{"taxonomy":"product-category","embeddable":true,"href":"https:\/\/betterpros.com\/careers\/es\/wp-json\/wp\/v2\/product-category?post=18918"}],"curies":[{"name":"wp","href":"https:\/\/api.w.org\/{rel}","templated":true}]}}