{"id":18919,"date":"2025-03-07T12:31:16","date_gmt":"2025-03-07T15:31:16","guid":{"rendered":"https:\/\/betterpros.com\/careers\/terms-conditions\/"},"modified":"2025-03-07T12:54:43","modified_gmt":"2025-03-07T15:54:43","slug":"terminos-y-codiciones","status":"publish","type":"page","link":"https:\/\/betterpros.com\/careers\/es\/terminos-y-codiciones\/","title":{"rendered":"Terminos y condiciones"},"content":{"rendered":"\t\t<div data-elementor-type=\"wp-page\" data-elementor-id=\"18919\" class=\"elementor elementor-18919 elementor-18896\" data-elementor-post-type=\"page\">\n\t\t\t\t<div class=\"elementor-element elementor-element-7925c75 e-flex e-con-boxed e-con e-parent\" data-id=\"7925c75\" data-element_type=\"container\" data-e-type=\"container\" data-settings=\"{&quot;jet_parallax_layout_list&quot;:[]}\">\n\t\t\t\t\t<div class=\"e-con-inner\">\n\t\t\t\t<div class=\"elementor-element elementor-element-26877a5 elementor-widget elementor-widget-heading\" data-id=\"26877a5\" data-element_type=\"widget\" data-e-type=\"widget\" data-widget_type=\"heading.default\">\n\t\t\t\t<div class=\"elementor-widget-container\">\n\t\t\t\t\t<h1 class=\"elementor-heading-title elementor-size-default\">USER AGREEMENT.<\/h1>\t\t\t\t<\/div>\n\t\t\t\t<\/div>\n\t\t\t\t<div class=\"elementor-element elementor-element-2676bae elementor-widget elementor-widget-text-editor\" data-id=\"2676bae\" data-element_type=\"widget\" data-e-type=\"widget\" data-widget_type=\"text-editor.default\">\n\t\t\t\t<div class=\"elementor-widget-container\">\n\t\t\t\t\t\t\t\t\t<p data-start=\"0\" data-end=\"155\">BetterPros es una empresa de soluciones de talento. Nuestra misi\u00f3n es conectar a los mejores talentos de Am\u00e9rica Latina con empresas en los Estados Unidos.<\/p><p data-start=\"157\" data-end=\"410\">Garantizamos la misma zona horaria, el mismo software y comunicaci\u00f3n directa entre las empresas y los profesionales. Ayudamos a nuestros clientes a hacer crecer y escalar sus negocios, construir equipos m\u00e1s fuertes y eficientes, y aumentar sus ingresos.<\/p><p data-start=\"412\" data-end=\"723\">Estos T\u00e9rminos y Condiciones (\u201cT\u00e9rminos\u201d) se aplican a\u00a0<strong><a href=\"https:\/\/betterpros.com\/careers\/\">betterpros.com\/careers<\/a><\/strong>\u00a0y cualquier otro sitio web de <strong><a href=\"https:\/\/betterpros.com\">BetterPros<\/a> <\/strong>en o accesible a trav\u00e9s de\u00a0betterpros.com. Este es el sitio web oficial de BetterPros, la empresa no ser\u00e1 responsable de ninguna entrada de datos realizada bajo un nombre de dominio diferente.<\/p><p data-start=\"725\" data-end=\"834\">Al acceder y utilizar este sitio, acepta los siguientes t\u00e9rminos y condiciones sin limitaci\u00f3n o calificaci\u00f3n.<\/p><p data-start=\"836\" data-end=\"1016\">A menos que se indique lo contrario, el contenido de este sitio, incluyendo, pero no limitado a, el texto e im\u00e1genes contenidas en \u00e9l y su disposici\u00f3n, son propiedad de BetterPros.<\/p><p data-start=\"1018\" data-end=\"1343\">Este sitio web proporciona informaci\u00f3n sobre BetterPros, incluyendo liderazgo de pensamiento y los servicios que ofrecemos. En estos T\u00e9rminos, todas las referencias a direcciones web o URLs incluir\u00e1n tambi\u00e9n cualquier sitio web sucesor o reemplazo que contenga informaci\u00f3n sustancialmente similar a la del sitio web referido.<\/p><p data-start=\"1345\" data-end=\"1928\">Nada de lo contenido en este sitio debe interpretarse como si otorgara, por implicaci\u00f3n, impedimento o de cualquier otra manera, una licencia o derecho a cualquier derecho de autor, patente, marca registrada u otro inter\u00e9s propietario de BetterPros o de un tercero. Este sitio y el contenido proporcionado en \u00e9l, incluyendo, pero no limitado a, im\u00e1genes gr\u00e1ficas, audio, video, c\u00f3digo html, botones y texto, no pueden ser copiados, reproducidos, republicados, subidos, publicados, transmitidos o distribuidos de ninguna manera, sin el consentimiento previo por escrito de BetterPros.<\/p><p data-start=\"1930\" data-end=\"2758\">BetterPros mantiene este sitio en Florida, EE. UU., y usted acepta que estos t\u00e9rminos de uso y cualquier acci\u00f3n legal relacionada con este sitio estar\u00e1n regidos por las leyes del Estado de Florida, sin referencia a sus reglas sobre elecci\u00f3n de leyes. Si intenta iniciar cualquier procedimiento legal contra BetterPros, usted reconoce espec\u00edficamente que BetterPros tiene la libertad de elegir la jurisdicci\u00f3n de nuestra preferencia en cuanto a d\u00f3nde se pueda llevar a cabo dicha acci\u00f3n en nuestra contra. Como usted ha aceptado al usar este sitio elegir las leyes del Estado de Florida para regir cualquier procedimiento, probablemente elegiremos defender cualquier acci\u00f3n en Florida y podemos tomar esta decisi\u00f3n completamente a nuestro favor, sin importar d\u00f3nde se encuentre en el mundo o desde d\u00f3nde haya visitado este sitio.<\/p><p data-start=\"2760\" data-end=\"3289\" data-is-last-node=\"\" data-is-only-node=\"\">Usted es responsable de cumplir con las leyes de la jurisdicci\u00f3n desde la cual accede a este sitio y acepta que no acceder\u00e1 ni utilizar\u00e1 la informaci\u00f3n en este sitio en violaci\u00f3n de tales leyes. A menos que se indique expresamente lo contrario en este documento, cualquier informaci\u00f3n que env\u00ede a trav\u00e9s de este sitio ser\u00e1 considerada no confidencial y no propietaria. Usted declara que tiene el derecho legal de enviar dicha informaci\u00f3n y acepta no enviar ninguna informaci\u00f3n a menos que est\u00e9 legalmente autorizado para hacerlo.<\/p><p data-start=\"0\" data-end=\"188\">BetterPros est\u00e1 firmemente comprometido con la protecci\u00f3n de sus datos personales. Queremos que se sienta seguro cuando interact\u00fae con nosotros; sus datos personales est\u00e1n en buenas manos.<\/p>\t\t\t\t\t\t\t\t<\/div>\n\t\t\t\t<\/div>\n\t\t\t\t\t<\/div>\n\t\t\t\t<\/div>\n\t\t\t\t<\/div>\n\t\t","protected":false},"excerpt":{"rendered":"<p>USER AGREEMENT. BetterPros es una empresa de soluciones de talento. Nuestra misi\u00f3n es conectar a los mejores talentos de Am\u00e9rica Latina con empresas en los Estados Unidos. Garantizamos la misma zona horaria, el mismo software y comunicaci\u00f3n directa entre las empresas y los profesionales. Ayudamos a nuestros clientes a hacer crecer y escalar sus negocios, [&hellip;]<\/p>\n","protected":false},"author":17,"featured_media":0,"parent":0,"menu_order":0,"comment_status":"closed","ping_status":"closed","template":"","meta":{"content-type":"","footnotes":""},"product-category":[],"class_list":["post-18919","page","type-page","status-publish","hentry"],"yoast_head":"<!-- This site is optimized with the Yoast SEO plugin v27.2 - https:\/\/yoast.com\/product\/yoast-seo-wordpress\/ -->\n<title>Terminos y condiciones - Careers<\/title>\n<meta name=\"description\" content=\"USER AGREEMENT. BetterPros es una empresa de soluciones de talento. Nuestra misi\u00f3n es conectar a los mejores talentos de Am\u00e9rica Latina con empresas en\" \/>\n<meta name=\"robots\" content=\"index, follow, max-snippet:-1, max-image-preview:large, max-video-preview:-1\" \/>\n<link rel=\"canonical\" href=\"https:\/\/betterpros.com\/careers\/es\/terminos-y-codiciones\/\" \/>\n<meta property=\"og:locale\" content=\"es_ES\" \/>\n<meta property=\"og:type\" content=\"article\" \/>\n<meta property=\"og:title\" content=\"Terminos y condiciones - Careers\" \/>\n<meta property=\"og:description\" content=\"USER AGREEMENT. BetterPros es una empresa de soluciones de talento. Nuestra misi\u00f3n es conectar a los mejores talentos de Am\u00e9rica Latina con empresas en\" \/>\n<meta property=\"og:url\" content=\"https:\/\/betterpros.com\/careers\/es\/terminos-y-codiciones\/\" \/>\n<meta property=\"og:site_name\" content=\"Careers\" \/>\n<meta property=\"article:publisher\" content=\"https:\/\/www.facebook.com\/Better-Pros-105415752069554\" \/>\n<meta property=\"article:modified_time\" content=\"2025-03-07T15:54:43+00:00\" \/>\n<meta property=\"og:image\" content=\"https:\/\/betterpros.com\/careers\/wp-content\/uploads\/2023\/07\/BETTER-PROS-logo.webp\" \/>\n\t<meta property=\"og:image:width\" content=\"600\" \/>\n\t<meta property=\"og:image:height\" content=\"600\" \/>\n\t<meta property=\"og:image:type\" content=\"image\/webp\" \/>\n<meta name=\"twitter:card\" content=\"summary_large_image\" \/>\n<meta name=\"twitter:label1\" content=\"Tiempo de lectura\" \/>\n\t<meta name=\"twitter:data1\" content=\"3 minutos\" \/>\n<script type=\"application\/ld+json\" class=\"yoast-schema-graph\">{\"@context\":\"https:\/\/schema.org\",\"@graph\":[{\"@type\":\"WebPage\",\"@id\":\"https:\/\/betterpros.com\/careers\/es\/terminos-y-codiciones\/\",\"url\":\"https:\/\/betterpros.com\/careers\/es\/terminos-y-codiciones\/\",\"name\":\"Terminos y condiciones - Careers\",\"isPartOf\":{\"@id\":\"https:\/\/betterpros.com\/careers\/es\/#website\"},\"datePublished\":\"2025-03-07T15:31:16+00:00\",\"dateModified\":\"2025-03-07T15:54:43+00:00\",\"description\":\"USER AGREEMENT. BetterPros es una empresa de soluciones de talento. Nuestra misi\u00f3n es conectar a los mejores talentos de Am\u00e9rica Latina con empresas en\",\"breadcrumb\":{\"@id\":\"https:\/\/betterpros.com\/careers\/es\/terminos-y-codiciones\/#breadcrumb\"},\"inLanguage\":\"es\",\"potentialAction\":[{\"@type\":\"ReadAction\",\"target\":[\"https:\/\/betterpros.com\/careers\/es\/terminos-y-codiciones\/\"]}]},{\"@type\":\"BreadcrumbList\",\"@id\":\"https:\/\/betterpros.com\/careers\/es\/terminos-y-codiciones\/#breadcrumb\",\"itemListElement\":[{\"@type\":\"ListItem\",\"position\":1,\"name\":\"Home\",\"item\":\"https:\/\/betterpros.com\/careers\/es\/\"},{\"@type\":\"ListItem\",\"position\":2,\"name\":\"Terminos y condiciones\"}]},{\"@type\":\"WebSite\",\"@id\":\"https:\/\/betterpros.com\/careers\/es\/#website\",\"url\":\"https:\/\/betterpros.com\/careers\/es\/\",\"name\":\"BetterPros Careers\",\"description\":\"Find a job in BetterPros Career Site\",\"publisher\":{\"@id\":\"https:\/\/betterpros.com\/careers\/es\/#organization\"},\"potentialAction\":[{\"@type\":\"SearchAction\",\"target\":{\"@type\":\"EntryPoint\",\"urlTemplate\":\"https:\/\/betterpros.com\/careers\/es\/?s={search_term_string}\"},\"query-input\":{\"@type\":\"PropertyValueSpecification\",\"valueRequired\":true,\"valueName\":\"search_term_string\"}}],\"inLanguage\":\"es\"},{\"@type\":\"Organization\",\"@id\":\"https:\/\/betterpros.com\/careers\/es\/#organization\",\"name\":\"BetterPros Careers\",\"url\":\"https:\/\/betterpros.com\/careers\/es\/\",\"logo\":{\"@type\":\"ImageObject\",\"inLanguage\":\"es\",\"@id\":\"https:\/\/betterpros.com\/careers\/es\/#\/schema\/logo\/image\/\",\"url\":\"https:\/\/betterpros.com\/careers\/wp-content\/uploads\/2023\/03\/betterpros-logo.png\",\"contentUrl\":\"https:\/\/betterpros.com\/careers\/wp-content\/uploads\/2023\/03\/betterpros-logo.png\",\"width\":1666,\"height\":491,\"caption\":\"BetterPros Careers\"},\"image\":{\"@id\":\"https:\/\/betterpros.com\/careers\/es\/#\/schema\/logo\/image\/\"},\"sameAs\":[\"https:\/\/www.facebook.com\/Better-Pros-105415752069554\",\"https:\/\/www.instagram.com\/betterpros\/\",\"https:\/\/www.linkedin.com\/company\/betterpros\/\"]}]}<\/script>\n<!-- \/ Yoast SEO plugin. -->","yoast_head_json":{"title":"Terminos y condiciones - Careers","description":"USER AGREEMENT. BetterPros es una empresa de soluciones de talento. Nuestra misi\u00f3n es conectar a los mejores talentos de Am\u00e9rica Latina con empresas en","robots":{"index":"index","follow":"follow","max-snippet":"max-snippet:-1","max-image-preview":"max-image-preview:large","max-video-preview":"max-video-preview:-1"},"canonical":"https:\/\/betterpros.com\/careers\/es\/terminos-y-codiciones\/","og_locale":"es_ES","og_type":"article","og_title":"Terminos y condiciones - Careers","og_description":"USER AGREEMENT. BetterPros es una empresa de soluciones de talento. Nuestra misi\u00f3n es conectar a los mejores talentos de Am\u00e9rica Latina con empresas en","og_url":"https:\/\/betterpros.com\/careers\/es\/terminos-y-codiciones\/","og_site_name":"Careers","article_publisher":"https:\/\/www.facebook.com\/Better-Pros-105415752069554","article_modified_time":"2025-03-07T15:54:43+00:00","og_image":[{"width":600,"height":600,"url":"https:\/\/betterpros.com\/careers\/wp-content\/uploads\/2023\/07\/BETTER-PROS-logo.webp","type":"image\/webp"}],"twitter_card":"summary_large_image","twitter_misc":{"Tiempo de lectura":"3 minutos"},"schema":{"@context":"https:\/\/schema.org","@graph":[{"@type":"WebPage","@id":"https:\/\/betterpros.com\/careers\/es\/terminos-y-codiciones\/","url":"https:\/\/betterpros.com\/careers\/es\/terminos-y-codiciones\/","name":"Terminos y condiciones - Careers","isPartOf":{"@id":"https:\/\/betterpros.com\/careers\/es\/#website"},"datePublished":"2025-03-07T15:31:16+00:00","dateModified":"2025-03-07T15:54:43+00:00","description":"USER AGREEMENT. BetterPros es una empresa de soluciones de talento. Nuestra misi\u00f3n es conectar a los mejores talentos de Am\u00e9rica Latina con empresas en","breadcrumb":{"@id":"https:\/\/betterpros.com\/careers\/es\/terminos-y-codiciones\/#breadcrumb"},"inLanguage":"es","potentialAction":[{"@type":"ReadAction","target":["https:\/\/betterpros.com\/careers\/es\/terminos-y-codiciones\/"]}]},{"@type":"BreadcrumbList","@id":"https:\/\/betterpros.com\/careers\/es\/terminos-y-codiciones\/#breadcrumb","itemListElement":[{"@type":"ListItem","position":1,"name":"Home","item":"https:\/\/betterpros.com\/careers\/es\/"},{"@type":"ListItem","position":2,"name":"Terminos y condiciones"}]},{"@type":"WebSite","@id":"https:\/\/betterpros.com\/careers\/es\/#website","url":"https:\/\/betterpros.com\/careers\/es\/","name":"BetterPros Careers","description":"Find a job in BetterPros Career Site","publisher":{"@id":"https:\/\/betterpros.com\/careers\/es\/#organization"},"potentialAction":[{"@type":"SearchAction","target":{"@type":"EntryPoint","urlTemplate":"https:\/\/betterpros.com\/careers\/es\/?s={search_term_string}"},"query-input":{"@type":"PropertyValueSpecification","valueRequired":true,"valueName":"search_term_string"}}],"inLanguage":"es"},{"@type":"Organization","@id":"https:\/\/betterpros.com\/careers\/es\/#organization","name":"BetterPros Careers","url":"https:\/\/betterpros.com\/careers\/es\/","logo":{"@type":"ImageObject","inLanguage":"es","@id":"https:\/\/betterpros.com\/careers\/es\/#\/schema\/logo\/image\/","url":"https:\/\/betterpros.com\/careers\/wp-content\/uploads\/2023\/03\/betterpros-logo.png","contentUrl":"https:\/\/betterpros.com\/careers\/wp-content\/uploads\/2023\/03\/betterpros-logo.png","width":1666,"height":491,"caption":"BetterPros Careers"},"image":{"@id":"https:\/\/betterpros.com\/careers\/es\/#\/schema\/logo\/image\/"},"sameAs":["https:\/\/www.facebook.com\/Better-Pros-105415752069554","https:\/\/www.instagram.com\/betterpros\/","https:\/\/www.linkedin.com\/company\/betterpros\/"]}]}},"_links":{"self":[{"href":"https:\/\/betterpros.com\/careers\/es\/wp-json\/wp\/v2\/pages\/18919","targetHints":{"allow":["GET"]}}],"collection":[{"href":"https:\/\/betterpros.com\/careers\/es\/wp-json\/wp\/v2\/pages"}],"about":[{"href":"https:\/\/betterpros.com\/careers\/es\/wp-json\/wp\/v2\/types\/page"}],"author":[{"embeddable":true,"href":"https:\/\/betterpros.com\/careers\/es\/wp-json\/wp\/v2\/users\/17"}],"replies":[{"embeddable":true,"href":"https:\/\/betterpros.com\/careers\/es\/wp-json\/wp\/v2\/comments?post=18919"}],"version-history":[{"count":7,"href":"https:\/\/betterpros.com\/careers\/es\/wp-json\/wp\/v2\/pages\/18919\/revisions"}],"predecessor-version":[{"id":18949,"href":"https:\/\/betterpros.com\/careers\/es\/wp-json\/wp\/v2\/pages\/18919\/revisions\/18949"}],"wp:attachment":[{"href":"https:\/\/betterpros.com\/careers\/es\/wp-json\/wp\/v2\/media?parent=18919"}],"wp:term":[{"taxonomy":"product-category","embeddable":true,"href":"https:\/\/betterpros.com\/careers\/es\/wp-json\/wp\/v2\/product-category?post=18919"}],"curies":[{"name":"wp","href":"https:\/\/api.w.org\/{rel}","templated":true}]}}