{"id":24894,"date":"2025-04-01T11:30:03","date_gmt":"2025-04-01T14:30:03","guid":{"rendered":"https:\/\/betterpros.com\/careers\/?page_id=24894"},"modified":"2025-08-15T15:41:39","modified_gmt":"2025-08-15T18:41:39","slug":"nuestro-equipo","status":"publish","type":"page","link":"https:\/\/betterpros.com\/careers\/es\/nuestro-equipo\/","title":{"rendered":"Nuestro equipo"},"content":{"rendered":"\t\t<div data-elementor-type=\"wp-page\" data-elementor-id=\"24894\" class=\"elementor elementor-24894 elementor-20353\" data-elementor-post-type=\"page\">\n\t\t\t\t<div class=\"elementor-element elementor-element-ec0191c hero-banner-meet-our-team e-con-full e-flex e-con e-parent\" data-id=\"ec0191c\" data-element_type=\"container\" data-e-type=\"container\" data-settings=\"{&quot;jet_parallax_layout_list&quot;:[],&quot;background_background&quot;:&quot;classic&quot;}\">\n\t\t<div class=\"elementor-element elementor-element-b6c1b85 e-con-full e-flex e-con e-child\" data-id=\"b6c1b85\" data-element_type=\"container\" data-e-type=\"container\" data-settings=\"{&quot;jet_parallax_layout_list&quot;:[]}\">\n\t\t\t\t<div class=\"elementor-element elementor-element-9e200ba elementor-widget__width-initial elementor-widget elementor-widget-heading\" data-id=\"9e200ba\" data-element_type=\"widget\" data-e-type=\"widget\" data-widget_type=\"heading.default\">\n\t\t\t\t<div class=\"elementor-widget-container\">\n\t\t\t\t\t<h1 class=\"elementor-heading-title elementor-size-default\">No somos el t\u00edpico<span class=\"hero-title\"> equipo de Recruiting <span><\/h1>\t\t\t\t<\/div>\n\t\t\t\t<\/div>\n\t\t\t\t<\/div>\n\t\t\t\t<\/div>\n\t\t<div class=\"elementor-element elementor-element-97144b2 e-con-full e-flex e-con e-parent\" data-id=\"97144b2\" data-element_type=\"container\" data-e-type=\"container\" data-settings=\"{&quot;jet_parallax_layout_list&quot;:[]}\">\n\t\t<div class=\"elementor-element elementor-element-81772bb e-con-full e-flex e-con e-child\" data-id=\"81772bb\" data-element_type=\"container\" data-e-type=\"container\" data-settings=\"{&quot;background_background&quot;:&quot;classic&quot;,&quot;jet_parallax_layout_list&quot;:[]}\">\n\t\t\t\t<div class=\"elementor-element elementor-element-a4cd976 elementor-widget-tablet__width-inherit elementor-widget__width-initial elementor-widget elementor-widget-heading\" data-id=\"a4cd976\" data-element_type=\"widget\" data-e-type=\"widget\" data-widget_type=\"heading.default\">\n\t\t\t\t<div class=\"elementor-widget-container\">\n\t\t\t\t\t<p class=\"elementor-heading-title elementor-size-default\">En el centro de todo lo que hacemos hay un <strong> compromiso genuino con las personas:<\/strong> sus metas, su crecimiento y su tiempo. Nuestros recruiters van m\u00e1s all\u00e1 del curr\u00edculum para conocer a fondo la historia de cada candidato para conectarles con <strong> oportunidades que de verdad encajen, <\/strong>no solo que llenen un puesto.\n\n<br><br>Creemos en construir relaciones, no solo pipelines. Desde la primera conversaci\u00f3n y mucho despu\u00e9s de la contrataci\u00f3n, estamos presentes con empat\u00eda, transparencia y una gu\u00eda pensada en cada paso.\n\n <br><br>Nos enorgullece <strong>conectar talento con oportunidades incre\u00edbles, <\/strong>pero lo que m\u00e1s nos importa es dejar una huella: que quienes pasan por aqu\u00ed nos recuerden por c\u00f3mo los hicimos sentir.\n<\/p>\t\t\t\t<\/div>\n\t\t\t\t<\/div>\n\t\t\t\t<\/div>\n\t\t\t\t<\/div>\n\t\t<div class=\"elementor-element elementor-element-ddd8652 e-con-full e-flex e-con e-parent\" data-id=\"ddd8652\" data-element_type=\"container\" data-e-type=\"container\" data-settings=\"{&quot;jet_parallax_layout_list&quot;:[]}\">\n\t\t\t\t<div class=\"elementor-element elementor-element-d25ac10 elementor-headline--style-highlight elementor-widget elementor-widget-animated-headline\" data-id=\"d25ac10\" data-element_type=\"widget\" data-e-type=\"widget\" data-settings=\"{&quot;marker&quot;:&quot;underline&quot;,&quot;highlighted_text&quot;:&quot;Recruiting&quot;,&quot;headline_style&quot;:&quot;highlight&quot;,&quot;loop&quot;:&quot;yes&quot;,&quot;highlight_animation_duration&quot;:1200,&quot;highlight_iteration_delay&quot;:8000}\" data-widget_type=\"animated-headline.default\">\n\t\t\t\t<div class=\"elementor-widget-container\">\n\t\t\t\t\t\t\t<h3 class=\"elementor-headline\">\n\t\t\t\t\t<span class=\"elementor-headline-plain-text elementor-headline-text-wrapper\">Nuestro Equipo de<\/span>\n\t\t\t\t<span class=\"elementor-headline-dynamic-wrapper elementor-headline-text-wrapper\">\n\t\t\t\t\t<span class=\"elementor-headline-dynamic-text elementor-headline-text-active\">Recruiting<\/span>\n\t\t\t\t<\/span>\n\t\t\t\t<\/h3>\n\t\t\t\t\t\t<\/div>\n\t\t\t\t<\/div>\n\t\t\t\t<div class=\"elementor-element elementor-element-e50c5ba elementor-widget elementor-widget-html\" data-id=\"e50c5ba\" data-element_type=\"widget\" data-e-type=\"widget\" data-widget_type=\"html.default\">\n\t\t\t\t<div class=\"elementor-widget-container\">\n\t\t\t\t\t  <style>* {\r\n            box-sizing: border-box;\r\n            margin: 0;\r\n            padding: 0;\r\n            font-family: 'Work Sans', sans-serif!important;\r\n        }\r\n        \r\n        .grid-container {\r\n            display: grid;\r\n            grid-template-columns: repeat(3, 1fr);\r\n            gap: 20px;\r\n            padding: 20px;\r\n            max-width: 1140px;\r\n            margin: 0 auto;\r\n            width: fit-content;\r\n        }\r\n        \r\n        .grid-item {\r\n            display: flex;\r\n            flex-direction: column;\r\n            margin-bottom: 20px;\r\n        }\r\n        \r\n        .image-container {\r\n            position: relative;\r\n            width: 100%;\r\n            padding-bottom: 100%;\r\n            overflow: hidden;\r\n            border-radius: 8px;\r\n            margin-bottom: 20px;\r\n        }\r\n        \r\n        .image-container img {\r\n            position: absolute;\r\n            top: 0;\r\n            left: 0;\r\n            width: 100%;\r\n            height: 100%;\r\n            object-fit: cover;\r\n            transition: opacity 0.3s ease;\r\n        }\r\n        \r\n        .image-main {\r\n            opacity: 1;\r\n           \r\n        }\r\n        \r\n        .image-hover {\r\n            opacity: 0;\r\n        }\r\n        \r\n        .image-container:hover .image-main {\r\n            opacity: 0;\r\n        }\r\n        \r\n        .image-container:hover .image-hover {\r\n            opacity: 1;\r\n        }\r\n        \r\n        h3 {\r\n            margin: 10px 0;\r\n            font-size: 1.8rem;\r\n            color: #3C3C3B;\r\n        }\r\n        \r\n        p {\r\n            font-size: 1.2rem;\r\n            line-height: 1.4;\r\n            color: #555;\r\n            margin-bottom: 10px!important;\r\n            color: #3C3C3B;\r\n        }\r\n        .position {\r\n            font-weight: 600;\r\n            color: #3C3C3B;\r\n        }\r\n        .position + p {\r\n            font-weight: 400;\r\n            font-size: 1rem;\r\n            color: #3C3C3B;\r\n        }\r\n        @media (max-width: 768px) {\r\n            .grid-container {\r\n                grid-template-columns: 1fr; \r\n            }\r\n            h3 {\r\n            margin: 5px 0;\r\n            font-size: 1rem;\r\n            color: #3C3C3B;\r\n        }\r\n        \r\n        p {\r\n            font-size: 0.9rem;\r\n            line-height: 1.4;\r\n            color: #555;\r\n            margin-bottom: 10px!important;\r\n            color: #3C3C3B;\r\n        }\r\n        .position {\r\n            font-weight: 600;\r\n            color: #3C3C3B;\r\n        }\r\n        .position + p {\r\n            font-weight: 400;\r\n            font-size: 0.8rem;\r\n            color: #3C3C3B;\r\n         }\r\n         .image-container {\r\n             margin-bottom: 10x;\r\n         }\r\n        \r\n        }\r\n        \r\n        @media (min-width: 769px) and (max-width: 1024px) {\r\n            .grid-container {\r\n                grid-template-columns: repeat(2, 1fr);\r\n          }\r\n\r\n        }\r\n        \r\n        .image-fix {\r\n           object-position: top!important;\r\n        }\r\n        \r\n    <\/style><\/head><body><div class=\"grid-container\"><!-- Grid Item 1 --><div class=\"grid-item\"><div class=\"image-container\"><img decoding=\"async\" src=\"https:\/\/betterpros.com\/careers\/wp-content\/uploads\/2025\/04\/Marie.png\" alt=\"Person 1\" class=\"image-main\"><img decoding=\"async\" src=\"https:\/\/betterpros.com\/careers\/wp-content\/uploads\/2025\/04\/IMG_0774-scaled.jpeg\" class=\"image-hover\"><\/div><h3>Mariel<\/h3><p class=\"position\">Head of Recruiting<\/p> \r\n            <p>Checklist queen, Enneagram fan, and devoted foodie.<\/p><\/div><!-- Grid Item 2 --><div class=\"grid-item\"><div class=\"image-container\"><img decoding=\"async\" src=\"https:\/\/betterpros.com\/careers\/wp-content\/uploads\/2025\/04\/Abru.png\" alt=\"Person 2\" class=\"image-main\"><img decoding=\"async\" src=\"https:\/\/betterpros.com\/careers\/wp-content\/uploads\/2025\/04\/IF_0052_websize.jpg\" alt=\"Person 1 Alternate\" class=\"image-hover\"><\/div><h3>Abril<\/h3><p class=\"position\">Talent Sourcer<\/p> \r\n            <p>Music inspires me, makeup lover, and remote work traveler.<\/p><\/div><!-- Grid Item 3 --><div class=\"grid-item\"><div class=\"image-container\"><img decoding=\"async\" src=\"https:\/\/betterpros.com\/careers\/wp-content\/uploads\/2025\/04\/Ine.png\" alt=\"Person 3\" class=\"image-main\"><img decoding=\"async\" src=\"https:\/\/betterpros.com\/careers\/wp-content\/uploads\/2025\/05\/IMG_5920-scaled.jpg\" alt=\"Person 3 Alternate\" class=\"image-hover\"><\/div><h3>In\u00e9s<\/h3><p class=\"position\">Talent Pool Specialist<\/p> \r\n            <p>Musical theatre lover and world traveler.<\/p><\/div><!-- Grid Item 4 --><div class=\"grid-item\"><div class=\"image-container\"><img decoding=\"async\" src=\"https:\/\/betterpros.com\/careers\/wp-content\/uploads\/2025\/04\/Sofi-G.png\" class=\"image-main\" alt=\"Person 4\"><img decoding=\"async\" src=\"https:\/\/betterpros.com\/careers\/wp-content\/uploads\/2025\/04\/WhatsApp-Image-2025-04-25-at-1.22.45-PM-1.jpeg\" alt=\"Person 4 Alternate\" class=\"image-hover\"><\/div><h3>Sof\u00eda<\/h3><p class=\"position\">Recruiter Coordinator<\/p> \r\n            <p>Curious mind, open heart, passport in hand.<\/p><\/div><!-- Grid Item 5 --><div class=\"grid-item\"><div class=\"image-container\"><img decoding=\"async\" src=\"https:\/\/betterpros.com\/careers\/wp-content\/uploads\/2025\/05\/Cami.png\" alt=\"Person 5\" class=\"image-main\"><img decoding=\"async\" src=\"https:\/\/betterpros.com\/careers\/wp-content\/uploads\/2025\/05\/Imagen-de-WhatsApp-2025-04-28-a-las-14.21.30_579938a1.jpg\" alt=\"Person 1 Alternate\" class=\"image-hover\"><\/div><h3>Camila<\/h3><p class=\"position\">Recruiter<\/p><p>History books by day, Netflix by night, fashion always.<\/p><\/div><!-- Grid Item 6 --><div class=\"grid-item\"><div class=\"image-container\"><img decoding=\"async\" src=\"https:\/\/betterpros.com\/careers\/wp-content\/uploads\/2025\/04\/Megan.png\" alt=\"Person 6\" class=\"image-main\"><img decoding=\"async\" src=\"https:\/\/betterpros.com\/careers\/wp-content\/uploads\/2025\/05\/IMG_0902-1-scaled.jpg\" alt=\"Person 6 Alternate\" class=\"image-hover\"><\/div><h3>Megan<\/h3><p class=\"position\">Recruiter<\/p> \r\n            <p>Pilates, skincare, and interviews\u2014balance in everything I do.<\/p><\/div>\r\n            \r\n            <!-- Grid Item 7 -->\r\n            \r\n            <div class=\"grid-item\"><div class=\"image-container\"><img decoding=\"async\" src=\"https:\/\/betterpros.com\/careers\/wp-content\/uploads\/2025\/04\/Nico.png\" alt=\"Person 7\" class=\"image-main\"><img decoding=\"async\" src=\"https:\/\/betterpros.com\/careers\/wp-content\/uploads\/2025\/05\/Nicolas-Zissopulos-Foto-2.jpg\" alt=\"Person 7 Alternate\" class=\"image-hover image-fix\"><\/div><h3>Nicol\u00e1s<\/h3><p class=\"position\">Recruiter<\/p> \r\n            <p>\tRecruiter face on, anime heart and beach soul always.<\/p>\r\n            <\/div>\r\n            \r\n            \r\n            \r\n            \r\n     <!-- Grid Item 8 -->\r\n\r\n <div class=\"grid-item\">\r\n            <div class=\"image-container\">\r\n                <img decoding=\"async\" src=\"https:\/\/betterpros.com\/careers\/wp-content\/uploads\/2025\/08\/WhatsApp-Image-2025-06-20-at-22.28.40.jpeg\" alt=\"Person 8\" class=\"image-main\">\r\n                <img decoding=\"async\" src=\"https:\/\/betterpros.com\/careers\/wp-content\/uploads\/2025\/08\/WhatsApp-Image-2025-06-20-at-22.28.41.jpeg\" alt=\"Person 8 Alternate\" class=\"image-hover image-fix\">\r\n            <\/div>\r\n            <h3>Ignacio<\/h3>\r\n            <p class=\"position\">Recruiter<\/p> \r\n            <p>\r\n                \tSpreadsheet lover. Born to game, forced to work\r\n              <\/p>\r\n        <\/div>\r\n         <\/div>\r\n         \r\n         \r\n         \t\t\t\t<\/div>\n\t\t\t\t<\/div>\n\t\t\t\t<\/div>\n\t\t\t\t<\/div>\n\t\t","protected":false},"excerpt":{"rendered":"<p>No somos el t\u00edpico equipo de Recruiting En el centro de todo lo que hacemos hay un compromiso genuino con las personas: sus metas, su crecimiento y su tiempo. Nuestros recruiters van m\u00e1s all\u00e1 del curr\u00edculum para conocer a fondo la historia de cada candidato para conectarles con oportunidades que de verdad encajen, no solo [&hellip;]<\/p>\n","protected":false},"author":14,"featured_media":0,"parent":0,"menu_order":0,"comment_status":"closed","ping_status":"closed","template":"","meta":{"content-type":"","footnotes":""},"product-category":[],"class_list":["post-24894","page","type-page","status-publish","hentry"],"yoast_head":"<!-- This site is optimized with the Yoast SEO plugin v27.4 - https:\/\/yoast.com\/product\/yoast-seo-wordpress\/ -->\n<title>Nuestro equipo - Careers<\/title>\n<meta name=\"description\" content=\"No somos el t\u00edpico equipo de Recruiting En el centro de todo lo que hacemos hay un compromiso genuino con las personas: sus metas, su crecimiento y su\" \/>\n<meta name=\"robots\" content=\"index, follow, max-snippet:-1, max-image-preview:large, max-video-preview:-1\" \/>\n<link rel=\"canonical\" href=\"https:\/\/betterpros.com\/careers\/es\/nuestro-equipo\/\" \/>\n<meta property=\"og:locale\" content=\"es_ES\" \/>\n<meta property=\"og:type\" content=\"article\" \/>\n<meta property=\"og:title\" content=\"Nuestro equipo - Careers\" \/>\n<meta property=\"og:description\" content=\"No somos el t\u00edpico equipo de Recruiting En el centro de todo lo que hacemos hay un compromiso genuino con las personas: sus metas, su crecimiento y su\" \/>\n<meta property=\"og:url\" content=\"https:\/\/betterpros.com\/careers\/es\/nuestro-equipo\/\" \/>\n<meta property=\"og:site_name\" content=\"Careers\" \/>\n<meta property=\"article:publisher\" content=\"https:\/\/www.facebook.com\/Better-Pros-105415752069554\" \/>\n<meta property=\"article:modified_time\" content=\"2025-08-15T18:41:39+00:00\" \/>\n<meta property=\"og:image\" content=\"https:\/\/betterpros.com\/careers\/wp-content\/uploads\/2025\/04\/Marie.png\" \/>\n<meta name=\"twitter:card\" content=\"summary_large_image\" \/>\n<meta name=\"twitter:label1\" content=\"Tiempo de lectura\" \/>\n\t<meta name=\"twitter:data1\" content=\"5 minutos\" \/>\n<script type=\"application\/ld+json\" class=\"yoast-schema-graph\">{\"@context\":\"https:\\\/\\\/schema.org\",\"@graph\":[{\"@type\":\"WebPage\",\"@id\":\"https:\\\/\\\/betterpros.com\\\/careers\\\/es\\\/nuestro-equipo\\\/\",\"url\":\"https:\\\/\\\/betterpros.com\\\/careers\\\/es\\\/nuestro-equipo\\\/\",\"name\":\"Nuestro equipo - Careers\",\"isPartOf\":{\"@id\":\"https:\\\/\\\/betterpros.com\\\/careers\\\/es\\\/#website\"},\"primaryImageOfPage\":{\"@id\":\"https:\\\/\\\/betterpros.com\\\/careers\\\/es\\\/nuestro-equipo\\\/#primaryimage\"},\"image\":{\"@id\":\"https:\\\/\\\/betterpros.com\\\/careers\\\/es\\\/nuestro-equipo\\\/#primaryimage\"},\"thumbnailUrl\":\"https:\\\/\\\/betterpros.com\\\/careers\\\/wp-content\\\/uploads\\\/2025\\\/04\\\/Marie.png\",\"datePublished\":\"2025-04-01T14:30:03+00:00\",\"dateModified\":\"2025-08-15T18:41:39+00:00\",\"description\":\"No somos el t\u00edpico equipo de Recruiting En el centro de todo lo que hacemos hay un compromiso genuino con las personas: sus metas, su crecimiento y su\",\"breadcrumb\":{\"@id\":\"https:\\\/\\\/betterpros.com\\\/careers\\\/es\\\/nuestro-equipo\\\/#breadcrumb\"},\"inLanguage\":\"es\",\"potentialAction\":[{\"@type\":\"ReadAction\",\"target\":[\"https:\\\/\\\/betterpros.com\\\/careers\\\/es\\\/nuestro-equipo\\\/\"]}]},{\"@type\":\"ImageObject\",\"inLanguage\":\"es\",\"@id\":\"https:\\\/\\\/betterpros.com\\\/careers\\\/es\\\/nuestro-equipo\\\/#primaryimage\",\"url\":\"https:\\\/\\\/betterpros.com\\\/careers\\\/wp-content\\\/uploads\\\/2025\\\/04\\\/Marie.png\",\"contentUrl\":\"https:\\\/\\\/betterpros.com\\\/careers\\\/wp-content\\\/uploads\\\/2025\\\/04\\\/Marie.png\"},{\"@type\":\"BreadcrumbList\",\"@id\":\"https:\\\/\\\/betterpros.com\\\/careers\\\/es\\\/nuestro-equipo\\\/#breadcrumb\",\"itemListElement\":[{\"@type\":\"ListItem\",\"position\":1,\"name\":\"Home\",\"item\":\"https:\\\/\\\/betterpros.com\\\/careers\\\/es\\\/\"},{\"@type\":\"ListItem\",\"position\":2,\"name\":\"Nuestro equipo\"}]},{\"@type\":\"WebSite\",\"@id\":\"https:\\\/\\\/betterpros.com\\\/careers\\\/es\\\/#website\",\"url\":\"https:\\\/\\\/betterpros.com\\\/careers\\\/es\\\/\",\"name\":\"BetterPros Careers\",\"description\":\"Find a job in BetterPros Career Site\",\"publisher\":{\"@id\":\"https:\\\/\\\/betterpros.com\\\/careers\\\/es\\\/#organization\"},\"potentialAction\":[{\"@type\":\"SearchAction\",\"target\":{\"@type\":\"EntryPoint\",\"urlTemplate\":\"https:\\\/\\\/betterpros.com\\\/careers\\\/es\\\/?s={search_term_string}\"},\"query-input\":{\"@type\":\"PropertyValueSpecification\",\"valueRequired\":true,\"valueName\":\"search_term_string\"}}],\"inLanguage\":\"es\"},{\"@type\":\"Organization\",\"@id\":\"https:\\\/\\\/betterpros.com\\\/careers\\\/es\\\/#organization\",\"name\":\"BetterPros Careers\",\"url\":\"https:\\\/\\\/betterpros.com\\\/careers\\\/es\\\/\",\"logo\":{\"@type\":\"ImageObject\",\"inLanguage\":\"es\",\"@id\":\"https:\\\/\\\/betterpros.com\\\/careers\\\/es\\\/#\\\/schema\\\/logo\\\/image\\\/\",\"url\":\"https:\\\/\\\/betterpros.com\\\/careers\\\/wp-content\\\/uploads\\\/2023\\\/03\\\/betterpros-logo.png\",\"contentUrl\":\"https:\\\/\\\/betterpros.com\\\/careers\\\/wp-content\\\/uploads\\\/2023\\\/03\\\/betterpros-logo.png\",\"width\":1666,\"height\":491,\"caption\":\"BetterPros Careers\"},\"image\":{\"@id\":\"https:\\\/\\\/betterpros.com\\\/careers\\\/es\\\/#\\\/schema\\\/logo\\\/image\\\/\"},\"sameAs\":[\"https:\\\/\\\/www.facebook.com\\\/Better-Pros-105415752069554\",\"https:\\\/\\\/www.instagram.com\\\/betterpros\\\/\",\"https:\\\/\\\/www.linkedin.com\\\/company\\\/betterpros\\\/\"]}]}<\/script>\n<!-- \/ Yoast SEO plugin. -->","yoast_head_json":{"title":"Nuestro equipo - Careers","description":"No somos el t\u00edpico equipo de Recruiting En el centro de todo lo que hacemos hay un compromiso genuino con las personas: sus metas, su crecimiento y su","robots":{"index":"index","follow":"follow","max-snippet":"max-snippet:-1","max-image-preview":"max-image-preview:large","max-video-preview":"max-video-preview:-1"},"canonical":"https:\/\/betterpros.com\/careers\/es\/nuestro-equipo\/","og_locale":"es_ES","og_type":"article","og_title":"Nuestro equipo - Careers","og_description":"No somos el t\u00edpico equipo de Recruiting En el centro de todo lo que hacemos hay un compromiso genuino con las personas: sus metas, su crecimiento y su","og_url":"https:\/\/betterpros.com\/careers\/es\/nuestro-equipo\/","og_site_name":"Careers","article_publisher":"https:\/\/www.facebook.com\/Better-Pros-105415752069554","article_modified_time":"2025-08-15T18:41:39+00:00","og_image":[{"url":"https:\/\/betterpros.com\/careers\/wp-content\/uploads\/2025\/04\/Marie.png","type":"","width":"","height":""}],"twitter_card":"summary_large_image","twitter_misc":{"Tiempo de lectura":"5 minutos"},"schema":{"@context":"https:\/\/schema.org","@graph":[{"@type":"WebPage","@id":"https:\/\/betterpros.com\/careers\/es\/nuestro-equipo\/","url":"https:\/\/betterpros.com\/careers\/es\/nuestro-equipo\/","name":"Nuestro equipo - Careers","isPartOf":{"@id":"https:\/\/betterpros.com\/careers\/es\/#website"},"primaryImageOfPage":{"@id":"https:\/\/betterpros.com\/careers\/es\/nuestro-equipo\/#primaryimage"},"image":{"@id":"https:\/\/betterpros.com\/careers\/es\/nuestro-equipo\/#primaryimage"},"thumbnailUrl":"https:\/\/betterpros.com\/careers\/wp-content\/uploads\/2025\/04\/Marie.png","datePublished":"2025-04-01T14:30:03+00:00","dateModified":"2025-08-15T18:41:39+00:00","description":"No somos el t\u00edpico equipo de Recruiting En el centro de todo lo que hacemos hay un compromiso genuino con las personas: sus metas, su crecimiento y su","breadcrumb":{"@id":"https:\/\/betterpros.com\/careers\/es\/nuestro-equipo\/#breadcrumb"},"inLanguage":"es","potentialAction":[{"@type":"ReadAction","target":["https:\/\/betterpros.com\/careers\/es\/nuestro-equipo\/"]}]},{"@type":"ImageObject","inLanguage":"es","@id":"https:\/\/betterpros.com\/careers\/es\/nuestro-equipo\/#primaryimage","url":"https:\/\/betterpros.com\/careers\/wp-content\/uploads\/2025\/04\/Marie.png","contentUrl":"https:\/\/betterpros.com\/careers\/wp-content\/uploads\/2025\/04\/Marie.png"},{"@type":"BreadcrumbList","@id":"https:\/\/betterpros.com\/careers\/es\/nuestro-equipo\/#breadcrumb","itemListElement":[{"@type":"ListItem","position":1,"name":"Home","item":"https:\/\/betterpros.com\/careers\/es\/"},{"@type":"ListItem","position":2,"name":"Nuestro equipo"}]},{"@type":"WebSite","@id":"https:\/\/betterpros.com\/careers\/es\/#website","url":"https:\/\/betterpros.com\/careers\/es\/","name":"BetterPros Careers","description":"Find a job in BetterPros Career Site","publisher":{"@id":"https:\/\/betterpros.com\/careers\/es\/#organization"},"potentialAction":[{"@type":"SearchAction","target":{"@type":"EntryPoint","urlTemplate":"https:\/\/betterpros.com\/careers\/es\/?s={search_term_string}"},"query-input":{"@type":"PropertyValueSpecification","valueRequired":true,"valueName":"search_term_string"}}],"inLanguage":"es"},{"@type":"Organization","@id":"https:\/\/betterpros.com\/careers\/es\/#organization","name":"BetterPros Careers","url":"https:\/\/betterpros.com\/careers\/es\/","logo":{"@type":"ImageObject","inLanguage":"es","@id":"https:\/\/betterpros.com\/careers\/es\/#\/schema\/logo\/image\/","url":"https:\/\/betterpros.com\/careers\/wp-content\/uploads\/2023\/03\/betterpros-logo.png","contentUrl":"https:\/\/betterpros.com\/careers\/wp-content\/uploads\/2023\/03\/betterpros-logo.png","width":1666,"height":491,"caption":"BetterPros Careers"},"image":{"@id":"https:\/\/betterpros.com\/careers\/es\/#\/schema\/logo\/image\/"},"sameAs":["https:\/\/www.facebook.com\/Better-Pros-105415752069554","https:\/\/www.instagram.com\/betterpros\/","https:\/\/www.linkedin.com\/company\/betterpros\/"]}]}},"_links":{"self":[{"href":"https:\/\/betterpros.com\/careers\/es\/wp-json\/wp\/v2\/pages\/24894","targetHints":{"allow":["GET"]}}],"collection":[{"href":"https:\/\/betterpros.com\/careers\/es\/wp-json\/wp\/v2\/pages"}],"about":[{"href":"https:\/\/betterpros.com\/careers\/es\/wp-json\/wp\/v2\/types\/page"}],"author":[{"embeddable":true,"href":"https:\/\/betterpros.com\/careers\/es\/wp-json\/wp\/v2\/users\/14"}],"replies":[{"embeddable":true,"href":"https:\/\/betterpros.com\/careers\/es\/wp-json\/wp\/v2\/comments?post=24894"}],"version-history":[{"count":35,"href":"https:\/\/betterpros.com\/careers\/es\/wp-json\/wp\/v2\/pages\/24894\/revisions"}],"predecessor-version":[{"id":30569,"href":"https:\/\/betterpros.com\/careers\/es\/wp-json\/wp\/v2\/pages\/24894\/revisions\/30569"}],"wp:attachment":[{"href":"https:\/\/betterpros.com\/careers\/es\/wp-json\/wp\/v2\/media?parent=24894"}],"wp:term":[{"taxonomy":"product-category","embeddable":true,"href":"https:\/\/betterpros.com\/careers\/es\/wp-json\/wp\/v2\/product-category?post=24894"}],"curies":[{"name":"wp","href":"https:\/\/api.w.org\/{rel}","templated":true}]}}