{"id":19668,"date":"2025-03-17T10:26:00","date_gmt":"2025-03-17T13:26:00","guid":{"rendered":"https:\/\/betterpros.com\/careers\/?post_type=product&#038;p=19668"},"modified":"2025-09-04T14:47:28","modified_gmt":"2025-09-04T17:47:28","slug":"estimador-a-de-costos-de-construccion-semi-senior-flex-texas","status":"publish","type":"product","link":"https:\/\/betterpros.com\/careers\/es\/ingenieria\/estimador-a-de-costos-de-construccion-semi-senior-flex-texas\/","title":{"rendered":"Estimador\/a de Costos de Construcci\u00f3n Semi Senior (Flex, Texas)"},"excerpt":{"rendered":"<p>S\u00famate a BetterPros como Dibujante Semi Senior (Tiempo Completo, Nueva York). \u00a1Aplic\u00e1 ahora!<\/p>\n<p><button style=\"background-color: #26d0b2;\"><a style=\"text-decoration: none; color: white;\" href=\"https:\/\/career.betterpros.com\/jobs\/semi-senior-construction-cost-estimator-flex-texas?displayed_form=true\" target=\"_blank\" rel=\"noopener\">Aplicar ahora<\/a><\/button><\/p>\n","protected":false},"featured_media":13927,"template":"","meta":{"content-type":"","footnotes":""},"product_brand":[],"product_cat":[169,197,171,179,172],"product_tag":[],"framework":[],"expertise":[],"field":[],"software":[],"product-category":[],"class_list":{"0":"post-19668","1":"product","2":"type-product","3":"status-publish","4":"has-post-thumbnail","6":"product_cat-cliente","7":"product_cat-ingenieria","8":"product_cat-mas-demandado","9":"product_cat-posiciones-unicas","10":"product_cat-semi-senior","12":"first","13":"instock","14":"shipping-taxable","15":"product-type-simple"},"yoast_head":"<!-- This site is optimized with the Yoast SEO plugin v27.3 - https:\/\/yoast.com\/product\/yoast-seo-wordpress\/ -->\n<title>Estimador\/a de Costos de Construcci\u00f3n Semi Senior (Flex, Texas) Careers<\/title>\n<meta name=\"description\" content=\"\u00danete a BetterPros como Estimador de Costos de Construcci\u00f3n Semi Senior. \u00a1Utiliza tu experiencia en estimaci\u00f3n de costos para proyectos a gran escala mientras trabajas de forma flexible desde Texas!\" \/>\n<meta name=\"robots\" content=\"index, follow, max-snippet:-1, max-image-preview:large, max-video-preview:-1\" \/>\n<link rel=\"canonical\" href=\"https:\/\/betterpros.com\/careers\/es\/ingenieria\/estimador-a-de-costos-de-construccion-semi-senior-flex-texas\/\" \/>\n<meta property=\"og:locale\" content=\"es_ES\" \/>\n<meta property=\"og:type\" content=\"article\" \/>\n<meta property=\"og:title\" content=\"Estimador\/a de Costos de Construcci\u00f3n Semi Senior (Flex, Texas)\" \/>\n<meta property=\"og:description\" content=\"\u00danete a BetterPros como Estimador de Costos de Construcci\u00f3n Semi Senior. \u00a1Utiliza tu experiencia en estimaci\u00f3n de costos para proyectos a gran escala mientras trabajas de forma flexible desde Texas!\" \/>\n<meta property=\"og:url\" content=\"https:\/\/betterpros.com\/careers\/es\/ingenieria\/estimador-a-de-costos-de-construccion-semi-senior-flex-texas\/\" \/>\n<meta property=\"og:site_name\" content=\"Careers\" \/>\n<meta property=\"article:publisher\" content=\"https:\/\/www.facebook.com\/Better-Pros-105415752069554\" \/>\n<meta property=\"article:modified_time\" content=\"2025-09-04T17:47:28+00:00\" \/>\n<meta property=\"og:image\" content=\"https:\/\/betterpros.com\/careers\/wp-content\/uploads\/2023\/05\/gif-carrer.gif\" \/>\n\t<meta property=\"og:image:width\" content=\"720\" \/>\n\t<meta property=\"og:image:height\" content=\"405\" \/>\n\t<meta property=\"og:image:type\" content=\"image\/gif\" \/>\n<meta name=\"twitter:card\" content=\"summary_large_image\" \/>\n<meta name=\"twitter:image\" content=\"https:\/\/betterpros.com\/careers\/wp-content\/uploads\/2024\/03\/1-Account-Manager-for-Internal-Team-1024x683.webp\" \/>\n<meta name=\"twitter:label1\" content=\"Tiempo de lectura\" \/>\n\t<meta name=\"twitter:data1\" content=\"2 minutos\" \/>\n<script type=\"application\/ld+json\" class=\"yoast-schema-graph\">{\"@context\":\"https:\\\/\\\/schema.org\",\"@graph\":[{\"@type\":\"WebPage\",\"@id\":\"https:\\\/\\\/betterpros.com\\\/careers\\\/es\\\/ingenieria\\\/estimador-a-de-costos-de-construccion-semi-senior-flex-texas\\\/\",\"url\":\"https:\\\/\\\/betterpros.com\\\/careers\\\/es\\\/ingenieria\\\/estimador-a-de-costos-de-construccion-semi-senior-flex-texas\\\/\",\"name\":\"Estimador\\\/a de Costos de Construcci\u00f3n Semi Senior (Flex, Texas) Careers\",\"isPartOf\":{\"@id\":\"https:\\\/\\\/betterpros.com\\\/careers\\\/es\\\/#website\"},\"primaryImageOfPage\":{\"@id\":\"https:\\\/\\\/betterpros.com\\\/careers\\\/es\\\/ingenieria\\\/estimador-a-de-costos-de-construccion-semi-senior-flex-texas\\\/#primaryimage\"},\"image\":{\"@id\":\"https:\\\/\\\/betterpros.com\\\/careers\\\/es\\\/ingenieria\\\/estimador-a-de-costos-de-construccion-semi-senior-flex-texas\\\/#primaryimage\"},\"thumbnailUrl\":\"https:\\\/\\\/betterpros.com\\\/careers\\\/wp-content\\\/uploads\\\/2024\\\/11\\\/Engineering-1.png\",\"datePublished\":\"2025-03-17T13:26:00+00:00\",\"dateModified\":\"2025-09-04T17:47:28+00:00\",\"description\":\"\u00danete a BetterPros como Estimador de Costos de Construcci\u00f3n Semi Senior. \u00a1Utiliza tu experiencia en estimaci\u00f3n de costos para proyectos a gran escala mientras trabajas de forma flexible desde Texas!\",\"breadcrumb\":{\"@id\":\"https:\\\/\\\/betterpros.com\\\/careers\\\/es\\\/ingenieria\\\/estimador-a-de-costos-de-construccion-semi-senior-flex-texas\\\/#breadcrumb\"},\"inLanguage\":\"es\",\"potentialAction\":[{\"@type\":\"ReadAction\",\"target\":[\"https:\\\/\\\/betterpros.com\\\/careers\\\/es\\\/ingenieria\\\/estimador-a-de-costos-de-construccion-semi-senior-flex-texas\\\/\"]}]},{\"@type\":\"ImageObject\",\"inLanguage\":\"es\",\"@id\":\"https:\\\/\\\/betterpros.com\\\/careers\\\/es\\\/ingenieria\\\/estimador-a-de-costos-de-construccion-semi-senior-flex-texas\\\/#primaryimage\",\"url\":\"https:\\\/\\\/betterpros.com\\\/careers\\\/wp-content\\\/uploads\\\/2024\\\/11\\\/Engineering-1.png\",\"contentUrl\":\"https:\\\/\\\/betterpros.com\\\/careers\\\/wp-content\\\/uploads\\\/2024\\\/11\\\/Engineering-1.png\",\"width\":783,\"height\":523},{\"@type\":\"BreadcrumbList\",\"@id\":\"https:\\\/\\\/betterpros.com\\\/careers\\\/es\\\/ingenieria\\\/estimador-a-de-costos-de-construccion-semi-senior-flex-texas\\\/#breadcrumb\",\"itemListElement\":[{\"@type\":\"ListItem\",\"position\":1,\"name\":\"Home\",\"item\":\"https:\\\/\\\/betterpros.com\\\/careers\\\/es\\\/\"},{\"@type\":\"ListItem\",\"position\":2,\"name\":\"Carreras\",\"item\":\"https:\\\/\\\/betterpros.com\\\/careers\\\/es\\\/career\\\/\"},{\"@type\":\"ListItem\",\"position\":3,\"name\":\"Ingenier\u00eda\",\"item\":\"https:\\\/\\\/betterpros.com\\\/careers\\\/es\\\/ingenieria\\\/\"},{\"@type\":\"ListItem\",\"position\":4,\"name\":\"Estimador\\\/a de Costos de Construcci\u00f3n Semi Senior (Flex, Texas)\"}]},{\"@type\":\"WebSite\",\"@id\":\"https:\\\/\\\/betterpros.com\\\/careers\\\/es\\\/#website\",\"url\":\"https:\\\/\\\/betterpros.com\\\/careers\\\/es\\\/\",\"name\":\"BetterPros Careers\",\"description\":\"Find a job in BetterPros Career Site\",\"publisher\":{\"@id\":\"https:\\\/\\\/betterpros.com\\\/careers\\\/es\\\/#organization\"},\"potentialAction\":[{\"@type\":\"SearchAction\",\"target\":{\"@type\":\"EntryPoint\",\"urlTemplate\":\"https:\\\/\\\/betterpros.com\\\/careers\\\/es\\\/?s={search_term_string}\"},\"query-input\":{\"@type\":\"PropertyValueSpecification\",\"valueRequired\":true,\"valueName\":\"search_term_string\"}}],\"inLanguage\":\"es\"},{\"@type\":\"Organization\",\"@id\":\"https:\\\/\\\/betterpros.com\\\/careers\\\/es\\\/#organization\",\"name\":\"BetterPros Careers\",\"url\":\"https:\\\/\\\/betterpros.com\\\/careers\\\/es\\\/\",\"logo\":{\"@type\":\"ImageObject\",\"inLanguage\":\"es\",\"@id\":\"https:\\\/\\\/betterpros.com\\\/careers\\\/es\\\/#\\\/schema\\\/logo\\\/image\\\/\",\"url\":\"https:\\\/\\\/betterpros.com\\\/careers\\\/wp-content\\\/uploads\\\/2023\\\/03\\\/betterpros-logo.png\",\"contentUrl\":\"https:\\\/\\\/betterpros.com\\\/careers\\\/wp-content\\\/uploads\\\/2023\\\/03\\\/betterpros-logo.png\",\"width\":1666,\"height\":491,\"caption\":\"BetterPros Careers\"},\"image\":{\"@id\":\"https:\\\/\\\/betterpros.com\\\/careers\\\/es\\\/#\\\/schema\\\/logo\\\/image\\\/\"},\"sameAs\":[\"https:\\\/\\\/www.facebook.com\\\/Better-Pros-105415752069554\",\"https:\\\/\\\/www.instagram.com\\\/betterpros\\\/\",\"https:\\\/\\\/www.linkedin.com\\\/company\\\/betterpros\\\/\"]}]}<\/script>\n<!-- \/ Yoast SEO plugin. -->","yoast_head_json":{"title":"Estimador\/a de Costos de Construcci\u00f3n Semi Senior (Flex, Texas) Careers","description":"\u00danete a BetterPros como Estimador de Costos de Construcci\u00f3n Semi Senior. \u00a1Utiliza tu experiencia en estimaci\u00f3n de costos para proyectos a gran escala mientras trabajas de forma flexible desde Texas!","robots":{"index":"index","follow":"follow","max-snippet":"max-snippet:-1","max-image-preview":"max-image-preview:large","max-video-preview":"max-video-preview:-1"},"canonical":"https:\/\/betterpros.com\/careers\/es\/ingenieria\/estimador-a-de-costos-de-construccion-semi-senior-flex-texas\/","og_locale":"es_ES","og_type":"article","og_title":"Estimador\/a de Costos de Construcci\u00f3n Semi Senior (Flex, Texas)","og_description":"\u00danete a BetterPros como Estimador de Costos de Construcci\u00f3n Semi Senior. \u00a1Utiliza tu experiencia en estimaci\u00f3n de costos para proyectos a gran escala mientras trabajas de forma flexible desde Texas!","og_url":"https:\/\/betterpros.com\/careers\/es\/ingenieria\/estimador-a-de-costos-de-construccion-semi-senior-flex-texas\/","og_site_name":"Careers","article_publisher":"https:\/\/www.facebook.com\/Better-Pros-105415752069554","article_modified_time":"2025-09-04T17:47:28+00:00","og_image":[{"url":"https:\/\/betterpros.com\/careers\/wp-content\/uploads\/2023\/05\/gif-carrer.gif","width":720,"height":405,"type":"image\/gif"}],"twitter_card":"summary_large_image","twitter_image":"https:\/\/betterpros.com\/careers\/wp-content\/uploads\/2024\/03\/1-Account-Manager-for-Internal-Team-1024x683.webp","twitter_misc":{"Tiempo de lectura":"2 minutos"},"schema":{"@context":"https:\/\/schema.org","@graph":[{"@type":"WebPage","@id":"https:\/\/betterpros.com\/careers\/es\/ingenieria\/estimador-a-de-costos-de-construccion-semi-senior-flex-texas\/","url":"https:\/\/betterpros.com\/careers\/es\/ingenieria\/estimador-a-de-costos-de-construccion-semi-senior-flex-texas\/","name":"Estimador\/a de Costos de Construcci\u00f3n Semi Senior (Flex, Texas) Careers","isPartOf":{"@id":"https:\/\/betterpros.com\/careers\/es\/#website"},"primaryImageOfPage":{"@id":"https:\/\/betterpros.com\/careers\/es\/ingenieria\/estimador-a-de-costos-de-construccion-semi-senior-flex-texas\/#primaryimage"},"image":{"@id":"https:\/\/betterpros.com\/careers\/es\/ingenieria\/estimador-a-de-costos-de-construccion-semi-senior-flex-texas\/#primaryimage"},"thumbnailUrl":"https:\/\/betterpros.com\/careers\/wp-content\/uploads\/2024\/11\/Engineering-1.png","datePublished":"2025-03-17T13:26:00+00:00","dateModified":"2025-09-04T17:47:28+00:00","description":"\u00danete a BetterPros como Estimador de Costos de Construcci\u00f3n Semi Senior. \u00a1Utiliza tu experiencia en estimaci\u00f3n de costos para proyectos a gran escala mientras trabajas de forma flexible desde Texas!","breadcrumb":{"@id":"https:\/\/betterpros.com\/careers\/es\/ingenieria\/estimador-a-de-costos-de-construccion-semi-senior-flex-texas\/#breadcrumb"},"inLanguage":"es","potentialAction":[{"@type":"ReadAction","target":["https:\/\/betterpros.com\/careers\/es\/ingenieria\/estimador-a-de-costos-de-construccion-semi-senior-flex-texas\/"]}]},{"@type":"ImageObject","inLanguage":"es","@id":"https:\/\/betterpros.com\/careers\/es\/ingenieria\/estimador-a-de-costos-de-construccion-semi-senior-flex-texas\/#primaryimage","url":"https:\/\/betterpros.com\/careers\/wp-content\/uploads\/2024\/11\/Engineering-1.png","contentUrl":"https:\/\/betterpros.com\/careers\/wp-content\/uploads\/2024\/11\/Engineering-1.png","width":783,"height":523},{"@type":"BreadcrumbList","@id":"https:\/\/betterpros.com\/careers\/es\/ingenieria\/estimador-a-de-costos-de-construccion-semi-senior-flex-texas\/#breadcrumb","itemListElement":[{"@type":"ListItem","position":1,"name":"Home","item":"https:\/\/betterpros.com\/careers\/es\/"},{"@type":"ListItem","position":2,"name":"Carreras","item":"https:\/\/betterpros.com\/careers\/es\/career\/"},{"@type":"ListItem","position":3,"name":"Ingenier\u00eda","item":"https:\/\/betterpros.com\/careers\/es\/ingenieria\/"},{"@type":"ListItem","position":4,"name":"Estimador\/a de Costos de Construcci\u00f3n Semi Senior (Flex, Texas)"}]},{"@type":"WebSite","@id":"https:\/\/betterpros.com\/careers\/es\/#website","url":"https:\/\/betterpros.com\/careers\/es\/","name":"BetterPros Careers","description":"Find a job in BetterPros Career Site","publisher":{"@id":"https:\/\/betterpros.com\/careers\/es\/#organization"},"potentialAction":[{"@type":"SearchAction","target":{"@type":"EntryPoint","urlTemplate":"https:\/\/betterpros.com\/careers\/es\/?s={search_term_string}"},"query-input":{"@type":"PropertyValueSpecification","valueRequired":true,"valueName":"search_term_string"}}],"inLanguage":"es"},{"@type":"Organization","@id":"https:\/\/betterpros.com\/careers\/es\/#organization","name":"BetterPros Careers","url":"https:\/\/betterpros.com\/careers\/es\/","logo":{"@type":"ImageObject","inLanguage":"es","@id":"https:\/\/betterpros.com\/careers\/es\/#\/schema\/logo\/image\/","url":"https:\/\/betterpros.com\/careers\/wp-content\/uploads\/2023\/03\/betterpros-logo.png","contentUrl":"https:\/\/betterpros.com\/careers\/wp-content\/uploads\/2023\/03\/betterpros-logo.png","width":1666,"height":491,"caption":"BetterPros Careers"},"image":{"@id":"https:\/\/betterpros.com\/careers\/es\/#\/schema\/logo\/image\/"},"sameAs":["https:\/\/www.facebook.com\/Better-Pros-105415752069554","https:\/\/www.instagram.com\/betterpros\/","https:\/\/www.linkedin.com\/company\/betterpros\/"]}]}},"_links":{"self":[{"href":"https:\/\/betterpros.com\/careers\/es\/wp-json\/wp\/v2\/product\/19668","targetHints":{"allow":["GET"]}}],"collection":[{"href":"https:\/\/betterpros.com\/careers\/es\/wp-json\/wp\/v2\/product"}],"about":[{"href":"https:\/\/betterpros.com\/careers\/es\/wp-json\/wp\/v2\/types\/product"}],"version-history":[{"count":4,"href":"https:\/\/betterpros.com\/careers\/es\/wp-json\/wp\/v2\/product\/19668\/revisions"}],"predecessor-version":[{"id":31217,"href":"https:\/\/betterpros.com\/careers\/es\/wp-json\/wp\/v2\/product\/19668\/revisions\/31217"}],"wp:featuredmedia":[{"embeddable":true,"href":"https:\/\/betterpros.com\/careers\/es\/wp-json\/wp\/v2\/media\/13927"}],"wp:attachment":[{"href":"https:\/\/betterpros.com\/careers\/es\/wp-json\/wp\/v2\/media?parent=19668"}],"wp:term":[{"taxonomy":"product_brand","embeddable":true,"href":"https:\/\/betterpros.com\/careers\/es\/wp-json\/wp\/v2\/product_brand?post=19668"},{"taxonomy":"product_cat","embeddable":true,"href":"https:\/\/betterpros.com\/careers\/es\/wp-json\/wp\/v2\/product_cat?post=19668"},{"taxonomy":"product_tag","embeddable":true,"href":"https:\/\/betterpros.com\/careers\/es\/wp-json\/wp\/v2\/product_tag?post=19668"},{"taxonomy":"framework","embeddable":true,"href":"https:\/\/betterpros.com\/careers\/es\/wp-json\/wp\/v2\/framework?post=19668"},{"taxonomy":"expertise","embeddable":true,"href":"https:\/\/betterpros.com\/careers\/es\/wp-json\/wp\/v2\/expertise?post=19668"},{"taxonomy":"field","embeddable":true,"href":"https:\/\/betterpros.com\/careers\/es\/wp-json\/wp\/v2\/field?post=19668"},{"taxonomy":"software","embeddable":true,"href":"https:\/\/betterpros.com\/careers\/es\/wp-json\/wp\/v2\/software?post=19668"},{"taxonomy":"product-category","embeddable":true,"href":"https:\/\/betterpros.com\/careers\/es\/wp-json\/wp\/v2\/product-category?post=19668"}],"curies":[{"name":"wp","href":"https:\/\/api.w.org\/{rel}","templated":true}]}}