{"id":31032,"date":"2025-09-01T16:33:01","date_gmt":"2025-09-01T19:33:01","guid":{"rendered":"https:\/\/betterpros.com\/careers\/?post_type=product&#038;p=31032"},"modified":"2025-09-24T15:18:57","modified_gmt":"2025-09-24T18:18:57","slug":"asistente-de-pre-diseno-semi-senior-full-time-texas","status":"publish","type":"product","link":"https:\/\/betterpros.com\/careers\/es\/arquitectura\/asistente-de-pre-diseno-semi-senior-full-time-texas\/","title":{"rendered":"Asistente de Pre-Dise\u00f1o Semi Senior (Full Time, Texas)"},"excerpt":{"rendered":"<p>&nbsp;<\/p>\n<p><button style=\"background-color: #26d0b2;\"><a style=\"text-decoration: none; color: white;\" href=\"https:\/\/career.betterpros.com\/jobs\/senior-autocad-drafter-part-time-colorado?displayed_form=true\" target=\"_blank\" rel=\"noopener\">Aplicar ahora<\/a><\/button><\/p>\n","protected":false},"featured_media":13929,"template":"","meta":{"content-type":"","footnotes":""},"product_brand":[],"product_cat":[168,440,169,790,797,179,172],"product_tag":[],"framework":[],"expertise":[699],"field":[],"software":[626],"product-category":[],"class_list":{"0":"post-31032","1":"product","2":"type-product","3":"status-publish","4":"has-post-thumbnail","6":"product_cat-arquitectura","7":"product_cat-autocad","8":"product_cat-cliente","9":"product_cat-job-taken","10":"product_cat-posicion-tomada","11":"product_cat-posiciones-unicas","12":"product_cat-semi-senior","13":"expertise-commercial","14":"software-revit","16":"first","17":"instock","18":"shipping-taxable","19":"product-type-simple"},"yoast_head":"<!-- This site is optimized with the Yoast SEO plugin v27.3 - https:\/\/yoast.com\/product\/yoast-seo-wordpress\/ -->\n<title>Careers<\/title>\n<meta name=\"description\" content=\"Avanza en tu carrera con BetterPros. En este rol, redactar\u00e1s planos detallados, gestionar\u00e1s modelos de Revit y apoyar\u00e1s tareas de planificaci\u00f3n de espacios para proyectos comerciales.\" \/>\n<meta name=\"robots\" content=\"index, follow, max-snippet:-1, max-image-preview:large, max-video-preview:-1\" \/>\n<link rel=\"canonical\" href=\"https:\/\/betterpros.com\/careers\/es\/arquitectura\/asistente-de-pre-diseno-semi-senior-full-time-texas\/\" \/>\n<meta property=\"og:locale\" content=\"es_ES\" \/>\n<meta property=\"og:type\" content=\"article\" \/>\n<meta property=\"og:title\" content=\"Asistente de Pre-Dise\u00f1o Semi Senior (Full Time, Texas)\" \/>\n<meta property=\"og:description\" content=\"Avanza en tu carrera con BetterPros. En este rol, redactar\u00e1s planos detallados, gestionar\u00e1s modelos de Revit y apoyar\u00e1s tareas de planificaci\u00f3n de espacios para proyectos comerciales..\" \/>\n<meta property=\"og:url\" content=\"https:\/\/betterpros.com\/careers\/es\/arquitectura\/asistente-de-pre-diseno-semi-senior-full-time-texas\/\" \/>\n<meta property=\"og:site_name\" content=\"Careers\" \/>\n<meta property=\"article:publisher\" content=\"https:\/\/www.facebook.com\/Better-Pros-105415752069554\" \/>\n<meta property=\"article:modified_time\" content=\"2025-09-24T18:18:57+00:00\" \/>\n<meta property=\"og:image\" content=\"https:\/\/betterpros.com\/careers\/wp-content\/uploads\/2023\/05\/gif-carrer.gif\" \/>\n\t<meta property=\"og:image:width\" content=\"720\" \/>\n\t<meta property=\"og:image:height\" content=\"405\" \/>\n\t<meta property=\"og:image:type\" content=\"image\/gif\" \/>\n<meta name=\"twitter:card\" content=\"summary_large_image\" \/>\n<meta name=\"twitter:image\" content=\"https:\/\/betterpros.com\/careers\/wp-content\/uploads\/2024\/03\/1-Account-Manager-for-Internal-Team-1024x683.webp\" \/>\n<meta name=\"twitter:label1\" content=\"Tiempo de lectura\" \/>\n\t<meta name=\"twitter:data1\" content=\"4 minutos\" \/>\n<script type=\"application\/ld+json\" class=\"yoast-schema-graph\">{\"@context\":\"https:\\\/\\\/schema.org\",\"@graph\":[{\"@type\":\"WebPage\",\"@id\":\"https:\\\/\\\/betterpros.com\\\/careers\\\/es\\\/arquitectura\\\/asistente-de-pre-diseno-semi-senior-full-time-texas\\\/\",\"url\":\"https:\\\/\\\/betterpros.com\\\/careers\\\/es\\\/arquitectura\\\/asistente-de-pre-diseno-semi-senior-full-time-texas\\\/\",\"name\":\"Careers\",\"isPartOf\":{\"@id\":\"https:\\\/\\\/betterpros.com\\\/careers\\\/es\\\/#website\"},\"primaryImageOfPage\":{\"@id\":\"https:\\\/\\\/betterpros.com\\\/careers\\\/es\\\/arquitectura\\\/asistente-de-pre-diseno-semi-senior-full-time-texas\\\/#primaryimage\"},\"image\":{\"@id\":\"https:\\\/\\\/betterpros.com\\\/careers\\\/es\\\/arquitectura\\\/asistente-de-pre-diseno-semi-senior-full-time-texas\\\/#primaryimage\"},\"thumbnailUrl\":\"https:\\\/\\\/betterpros.com\\\/careers\\\/wp-content\\\/uploads\\\/2024\\\/11\\\/Architecture-1.png\",\"datePublished\":\"2025-09-01T19:33:01+00:00\",\"dateModified\":\"2025-09-24T18:18:57+00:00\",\"description\":\"Avanza en tu carrera con BetterPros. En este rol, redactar\u00e1s planos detallados, gestionar\u00e1s modelos de Revit y apoyar\u00e1s tareas de planificaci\u00f3n de espacios para proyectos comerciales.\",\"breadcrumb\":{\"@id\":\"https:\\\/\\\/betterpros.com\\\/careers\\\/es\\\/arquitectura\\\/asistente-de-pre-diseno-semi-senior-full-time-texas\\\/#breadcrumb\"},\"inLanguage\":\"es\",\"potentialAction\":[{\"@type\":\"ReadAction\",\"target\":[\"https:\\\/\\\/betterpros.com\\\/careers\\\/es\\\/arquitectura\\\/asistente-de-pre-diseno-semi-senior-full-time-texas\\\/\"]}]},{\"@type\":\"ImageObject\",\"inLanguage\":\"es\",\"@id\":\"https:\\\/\\\/betterpros.com\\\/careers\\\/es\\\/arquitectura\\\/asistente-de-pre-diseno-semi-senior-full-time-texas\\\/#primaryimage\",\"url\":\"https:\\\/\\\/betterpros.com\\\/careers\\\/wp-content\\\/uploads\\\/2024\\\/11\\\/Architecture-1.png\",\"contentUrl\":\"https:\\\/\\\/betterpros.com\\\/careers\\\/wp-content\\\/uploads\\\/2024\\\/11\\\/Architecture-1.png\",\"width\":784,\"height\":524},{\"@type\":\"BreadcrumbList\",\"@id\":\"https:\\\/\\\/betterpros.com\\\/careers\\\/es\\\/arquitectura\\\/asistente-de-pre-diseno-semi-senior-full-time-texas\\\/#breadcrumb\",\"itemListElement\":[{\"@type\":\"ListItem\",\"position\":1,\"name\":\"Home\",\"item\":\"https:\\\/\\\/betterpros.com\\\/careers\\\/es\\\/\"},{\"@type\":\"ListItem\",\"position\":2,\"name\":\"Carreras\",\"item\":\"https:\\\/\\\/betterpros.com\\\/careers\\\/es\\\/career\\\/\"},{\"@type\":\"ListItem\",\"position\":3,\"name\":\"Arquitectura\",\"item\":\"https:\\\/\\\/betterpros.com\\\/careers\\\/es\\\/arquitectura\\\/\"},{\"@type\":\"ListItem\",\"position\":4,\"name\":\"Asistente de Pre-Dise\u00f1o Semi Senior (Full Time, Texas)\"}]},{\"@type\":\"WebSite\",\"@id\":\"https:\\\/\\\/betterpros.com\\\/careers\\\/es\\\/#website\",\"url\":\"https:\\\/\\\/betterpros.com\\\/careers\\\/es\\\/\",\"name\":\"BetterPros Careers\",\"description\":\"Find a job in BetterPros Career Site\",\"publisher\":{\"@id\":\"https:\\\/\\\/betterpros.com\\\/careers\\\/es\\\/#organization\"},\"potentialAction\":[{\"@type\":\"SearchAction\",\"target\":{\"@type\":\"EntryPoint\",\"urlTemplate\":\"https:\\\/\\\/betterpros.com\\\/careers\\\/es\\\/?s={search_term_string}\"},\"query-input\":{\"@type\":\"PropertyValueSpecification\",\"valueRequired\":true,\"valueName\":\"search_term_string\"}}],\"inLanguage\":\"es\"},{\"@type\":\"Organization\",\"@id\":\"https:\\\/\\\/betterpros.com\\\/careers\\\/es\\\/#organization\",\"name\":\"BetterPros Careers\",\"url\":\"https:\\\/\\\/betterpros.com\\\/careers\\\/es\\\/\",\"logo\":{\"@type\":\"ImageObject\",\"inLanguage\":\"es\",\"@id\":\"https:\\\/\\\/betterpros.com\\\/careers\\\/es\\\/#\\\/schema\\\/logo\\\/image\\\/\",\"url\":\"https:\\\/\\\/betterpros.com\\\/careers\\\/wp-content\\\/uploads\\\/2023\\\/03\\\/betterpros-logo.png\",\"contentUrl\":\"https:\\\/\\\/betterpros.com\\\/careers\\\/wp-content\\\/uploads\\\/2023\\\/03\\\/betterpros-logo.png\",\"width\":1666,\"height\":491,\"caption\":\"BetterPros Careers\"},\"image\":{\"@id\":\"https:\\\/\\\/betterpros.com\\\/careers\\\/es\\\/#\\\/schema\\\/logo\\\/image\\\/\"},\"sameAs\":[\"https:\\\/\\\/www.facebook.com\\\/Better-Pros-105415752069554\",\"https:\\\/\\\/www.instagram.com\\\/betterpros\\\/\",\"https:\\\/\\\/www.linkedin.com\\\/company\\\/betterpros\\\/\"]}]}<\/script>\n<!-- \/ Yoast SEO plugin. -->","yoast_head_json":{"title":"Careers","description":"Avanza en tu carrera con BetterPros. En este rol, redactar\u00e1s planos detallados, gestionar\u00e1s modelos de Revit y apoyar\u00e1s tareas de planificaci\u00f3n de espacios para proyectos comerciales.","robots":{"index":"index","follow":"follow","max-snippet":"max-snippet:-1","max-image-preview":"max-image-preview:large","max-video-preview":"max-video-preview:-1"},"canonical":"https:\/\/betterpros.com\/careers\/es\/arquitectura\/asistente-de-pre-diseno-semi-senior-full-time-texas\/","og_locale":"es_ES","og_type":"article","og_title":"Asistente de Pre-Dise\u00f1o Semi Senior (Full Time, Texas)","og_description":"Avanza en tu carrera con BetterPros. En este rol, redactar\u00e1s planos detallados, gestionar\u00e1s modelos de Revit y apoyar\u00e1s tareas de planificaci\u00f3n de espacios para proyectos comerciales..","og_url":"https:\/\/betterpros.com\/careers\/es\/arquitectura\/asistente-de-pre-diseno-semi-senior-full-time-texas\/","og_site_name":"Careers","article_publisher":"https:\/\/www.facebook.com\/Better-Pros-105415752069554","article_modified_time":"2025-09-24T18:18:57+00:00","og_image":[{"url":"https:\/\/betterpros.com\/careers\/wp-content\/uploads\/2023\/05\/gif-carrer.gif","width":720,"height":405,"type":"image\/gif"}],"twitter_card":"summary_large_image","twitter_image":"https:\/\/betterpros.com\/careers\/wp-content\/uploads\/2024\/03\/1-Account-Manager-for-Internal-Team-1024x683.webp","twitter_misc":{"Tiempo de lectura":"4 minutos"},"schema":{"@context":"https:\/\/schema.org","@graph":[{"@type":"WebPage","@id":"https:\/\/betterpros.com\/careers\/es\/arquitectura\/asistente-de-pre-diseno-semi-senior-full-time-texas\/","url":"https:\/\/betterpros.com\/careers\/es\/arquitectura\/asistente-de-pre-diseno-semi-senior-full-time-texas\/","name":"Careers","isPartOf":{"@id":"https:\/\/betterpros.com\/careers\/es\/#website"},"primaryImageOfPage":{"@id":"https:\/\/betterpros.com\/careers\/es\/arquitectura\/asistente-de-pre-diseno-semi-senior-full-time-texas\/#primaryimage"},"image":{"@id":"https:\/\/betterpros.com\/careers\/es\/arquitectura\/asistente-de-pre-diseno-semi-senior-full-time-texas\/#primaryimage"},"thumbnailUrl":"https:\/\/betterpros.com\/careers\/wp-content\/uploads\/2024\/11\/Architecture-1.png","datePublished":"2025-09-01T19:33:01+00:00","dateModified":"2025-09-24T18:18:57+00:00","description":"Avanza en tu carrera con BetterPros. En este rol, redactar\u00e1s planos detallados, gestionar\u00e1s modelos de Revit y apoyar\u00e1s tareas de planificaci\u00f3n de espacios para proyectos comerciales.","breadcrumb":{"@id":"https:\/\/betterpros.com\/careers\/es\/arquitectura\/asistente-de-pre-diseno-semi-senior-full-time-texas\/#breadcrumb"},"inLanguage":"es","potentialAction":[{"@type":"ReadAction","target":["https:\/\/betterpros.com\/careers\/es\/arquitectura\/asistente-de-pre-diseno-semi-senior-full-time-texas\/"]}]},{"@type":"ImageObject","inLanguage":"es","@id":"https:\/\/betterpros.com\/careers\/es\/arquitectura\/asistente-de-pre-diseno-semi-senior-full-time-texas\/#primaryimage","url":"https:\/\/betterpros.com\/careers\/wp-content\/uploads\/2024\/11\/Architecture-1.png","contentUrl":"https:\/\/betterpros.com\/careers\/wp-content\/uploads\/2024\/11\/Architecture-1.png","width":784,"height":524},{"@type":"BreadcrumbList","@id":"https:\/\/betterpros.com\/careers\/es\/arquitectura\/asistente-de-pre-diseno-semi-senior-full-time-texas\/#breadcrumb","itemListElement":[{"@type":"ListItem","position":1,"name":"Home","item":"https:\/\/betterpros.com\/careers\/es\/"},{"@type":"ListItem","position":2,"name":"Carreras","item":"https:\/\/betterpros.com\/careers\/es\/career\/"},{"@type":"ListItem","position":3,"name":"Arquitectura","item":"https:\/\/betterpros.com\/careers\/es\/arquitectura\/"},{"@type":"ListItem","position":4,"name":"Asistente de Pre-Dise\u00f1o Semi Senior (Full Time, Texas)"}]},{"@type":"WebSite","@id":"https:\/\/betterpros.com\/careers\/es\/#website","url":"https:\/\/betterpros.com\/careers\/es\/","name":"BetterPros Careers","description":"Find a job in BetterPros Career Site","publisher":{"@id":"https:\/\/betterpros.com\/careers\/es\/#organization"},"potentialAction":[{"@type":"SearchAction","target":{"@type":"EntryPoint","urlTemplate":"https:\/\/betterpros.com\/careers\/es\/?s={search_term_string}"},"query-input":{"@type":"PropertyValueSpecification","valueRequired":true,"valueName":"search_term_string"}}],"inLanguage":"es"},{"@type":"Organization","@id":"https:\/\/betterpros.com\/careers\/es\/#organization","name":"BetterPros Careers","url":"https:\/\/betterpros.com\/careers\/es\/","logo":{"@type":"ImageObject","inLanguage":"es","@id":"https:\/\/betterpros.com\/careers\/es\/#\/schema\/logo\/image\/","url":"https:\/\/betterpros.com\/careers\/wp-content\/uploads\/2023\/03\/betterpros-logo.png","contentUrl":"https:\/\/betterpros.com\/careers\/wp-content\/uploads\/2023\/03\/betterpros-logo.png","width":1666,"height":491,"caption":"BetterPros Careers"},"image":{"@id":"https:\/\/betterpros.com\/careers\/es\/#\/schema\/logo\/image\/"},"sameAs":["https:\/\/www.facebook.com\/Better-Pros-105415752069554","https:\/\/www.instagram.com\/betterpros\/","https:\/\/www.linkedin.com\/company\/betterpros\/"]}]}},"_links":{"self":[{"href":"https:\/\/betterpros.com\/careers\/es\/wp-json\/wp\/v2\/product\/31032","targetHints":{"allow":["GET"]}}],"collection":[{"href":"https:\/\/betterpros.com\/careers\/es\/wp-json\/wp\/v2\/product"}],"about":[{"href":"https:\/\/betterpros.com\/careers\/es\/wp-json\/wp\/v2\/types\/product"}],"version-history":[{"count":3,"href":"https:\/\/betterpros.com\/careers\/es\/wp-json\/wp\/v2\/product\/31032\/revisions"}],"predecessor-version":[{"id":31038,"href":"https:\/\/betterpros.com\/careers\/es\/wp-json\/wp\/v2\/product\/31032\/revisions\/31038"}],"wp:featuredmedia":[{"embeddable":true,"href":"https:\/\/betterpros.com\/careers\/es\/wp-json\/wp\/v2\/media\/13929"}],"wp:attachment":[{"href":"https:\/\/betterpros.com\/careers\/es\/wp-json\/wp\/v2\/media?parent=31032"}],"wp:term":[{"taxonomy":"product_brand","embeddable":true,"href":"https:\/\/betterpros.com\/careers\/es\/wp-json\/wp\/v2\/product_brand?post=31032"},{"taxonomy":"product_cat","embeddable":true,"href":"https:\/\/betterpros.com\/careers\/es\/wp-json\/wp\/v2\/product_cat?post=31032"},{"taxonomy":"product_tag","embeddable":true,"href":"https:\/\/betterpros.com\/careers\/es\/wp-json\/wp\/v2\/product_tag?post=31032"},{"taxonomy":"framework","embeddable":true,"href":"https:\/\/betterpros.com\/careers\/es\/wp-json\/wp\/v2\/framework?post=31032"},{"taxonomy":"expertise","embeddable":true,"href":"https:\/\/betterpros.com\/careers\/es\/wp-json\/wp\/v2\/expertise?post=31032"},{"taxonomy":"field","embeddable":true,"href":"https:\/\/betterpros.com\/careers\/es\/wp-json\/wp\/v2\/field?post=31032"},{"taxonomy":"software","embeddable":true,"href":"https:\/\/betterpros.com\/careers\/es\/wp-json\/wp\/v2\/software?post=31032"},{"taxonomy":"product-category","embeddable":true,"href":"https:\/\/betterpros.com\/careers\/es\/wp-json\/wp\/v2\/product-category?post=31032"}],"curies":[{"name":"wp","href":"https:\/\/api.w.org\/{rel}","templated":true}]}}