{"id":3179,"date":"2023-03-30T11:31:10","date_gmt":"2023-03-30T14:31:10","guid":{"rendered":"https:\/\/careers.betterpros.com\/sin%20categor\u00eda\/web-designer\/"},"modified":"2025-08-21T12:49:22","modified_gmt":"2025-08-21T15:49:22","slug":"web-designer","status":"publish","type":"product","link":"https:\/\/betterpros.com\/careers\/es\/it-es\/web-designer\/","title":{"rendered":"Dise\u00f1ador Web"},"excerpt":{"rendered":"<p>Sumate a BetterPros como Dise\u00f1ador Web y crea impresionantes visualizaciones que dan vida a la arquitectura. \u00a1Aplic\u00e1 ahora! \u00a1Aplic\u00e1 ahora!<\/p>\n<p><button style=\"background-color: #26d0b2;\"><a style=\"text-decoration: none; color: white;\" href=\"https:\/\/bit.ly\/3ouEMzx\" target=\"_blank\" rel=\"noopener\">Aplicar ahora<\/a><\/button><\/p>\n","protected":false},"featured_media":13933,"template":"","meta":{"content-type":"","footnotes":""},"product_brand":[],"product_cat":[218,216,477,746,714,171,172],"product_tag":[],"framework":[],"expertise":[571],"field":[],"software":[682,679],"product-category":[],"class_list":{"0":"post-3179","1":"product","2":"type-product","3":"status-publish","4":"has-post-thumbnail","6":"product_cat-desarrollador-web","7":"product_cat-desarrollo-de-software","8":"product_cat-it-es","9":"product_cat-marketing-de-diseno","10":"product_cat-marketing-talent-pool-es","11":"product_cat-mas-demandado","12":"product_cat-semi-senior","13":"expertise-web-designer-dev","14":"software-figma","15":"software-wordpress","17":"first","18":"instock","19":"shipping-taxable","20":"product-type-simple"},"yoast_head":"<!-- This site is optimized with the Yoast SEO plugin v27.5 - https:\/\/yoast.com\/product\/yoast-seo-wordpress\/ -->\n<title>Dise\u00f1ador Web Careers BetterPros<\/title>\n<meta name=\"description\" content=\"Sumate a BetterPros como Dise\u00f1ador Web y crea impresionantes visualizaciones que dan vida a la arquitectura. \u00a1Aplic\u00e1 ahora! \u00a1Aplic\u00e1 ahora!\" \/>\n<meta name=\"robots\" content=\"index, follow, max-snippet:-1, max-image-preview:large, max-video-preview:-1\" \/>\n<link rel=\"canonical\" href=\"https:\/\/betterpros.com\/careers\/es\/it-es\/web-designer\/\" \/>\n<meta property=\"og:locale\" content=\"es_ES\" \/>\n<meta property=\"og:type\" content=\"article\" \/>\n<meta property=\"og:title\" content=\"Dise\u00f1ador Web\" \/>\n<meta property=\"og:description\" content=\"BetterPros busca un Web Designer para dise\u00f1ar sitios web \u00fanicos y funcionales. Si tienes talento y pasi\u00f3n por el dise\u00f1o web, \u00a1post\u00falate hoy!\" \/>\n<meta property=\"og:url\" content=\"https:\/\/betterpros.com\/careers\/es\/it-es\/web-designer\/\" \/>\n<meta property=\"og:site_name\" content=\"Careers\" \/>\n<meta property=\"article:publisher\" content=\"https:\/\/www.facebook.com\/Better-Pros-105415752069554\" \/>\n<meta property=\"article:modified_time\" content=\"2025-08-21T15:49:22+00:00\" \/>\n<meta property=\"og:image\" content=\"https:\/\/betterpros.com\/careers\/wp-content\/uploads\/2023\/05\/gif-carrer.gif\" \/>\n\t<meta property=\"og:image:width\" content=\"720\" \/>\n\t<meta property=\"og:image:height\" content=\"405\" \/>\n\t<meta property=\"og:image:type\" content=\"image\/gif\" \/>\n<meta name=\"twitter:card\" content=\"summary_large_image\" \/>\n<meta name=\"twitter:title\" content=\"Dise\u00f1ador Web\" \/>\n<meta name=\"twitter:description\" content=\"Sumate a BetterPros como Dise\u00f1ador Web y crea impresionantes visualizaciones que dan vida a la arquitectura. \u00a1Aplic\u00e1 ahora! \u00a1Aplic\u00e1 ahora!\" \/>\n<meta name=\"twitter:image\" content=\"https:\/\/betterpros.com\/careers\/wp-content\/uploads\/2023\/03\/WEB-DESIGNER-1024x683.webp\" \/>\n<meta name=\"twitter:label1\" content=\"Tiempo de lectura\" \/>\n\t<meta name=\"twitter:data1\" content=\"3 minutos\" \/>\n<script type=\"application\/ld+json\" class=\"yoast-schema-graph\">{\"@context\":\"https:\\\/\\\/schema.org\",\"@graph\":[{\"@type\":\"WebPage\",\"@id\":\"https:\\\/\\\/betterpros.com\\\/careers\\\/es\\\/it-es\\\/web-designer\\\/\",\"url\":\"https:\\\/\\\/betterpros.com\\\/careers\\\/es\\\/it-es\\\/web-designer\\\/\",\"name\":\"Dise\u00f1ador Web Careers BetterPros\",\"isPartOf\":{\"@id\":\"https:\\\/\\\/betterpros.com\\\/careers\\\/es\\\/#website\"},\"primaryImageOfPage\":{\"@id\":\"https:\\\/\\\/betterpros.com\\\/careers\\\/es\\\/it-es\\\/web-designer\\\/#primaryimage\"},\"image\":{\"@id\":\"https:\\\/\\\/betterpros.com\\\/careers\\\/es\\\/it-es\\\/web-designer\\\/#primaryimage\"},\"thumbnailUrl\":\"https:\\\/\\\/betterpros.com\\\/careers\\\/wp-content\\\/uploads\\\/2024\\\/11\\\/Software-development.png\",\"datePublished\":\"2023-03-30T14:31:10+00:00\",\"dateModified\":\"2025-08-21T15:49:22+00:00\",\"description\":\"Sumate a BetterPros como Dise\u00f1ador Web y crea impresionantes visualizaciones que dan vida a la arquitectura. \u00a1Aplic\u00e1 ahora! \u00a1Aplic\u00e1 ahora!\",\"breadcrumb\":{\"@id\":\"https:\\\/\\\/betterpros.com\\\/careers\\\/es\\\/it-es\\\/web-designer\\\/#breadcrumb\"},\"inLanguage\":\"es\",\"potentialAction\":[{\"@type\":\"ReadAction\",\"target\":[\"https:\\\/\\\/betterpros.com\\\/careers\\\/es\\\/it-es\\\/web-designer\\\/\"]}]},{\"@type\":\"ImageObject\",\"inLanguage\":\"es\",\"@id\":\"https:\\\/\\\/betterpros.com\\\/careers\\\/es\\\/it-es\\\/web-designer\\\/#primaryimage\",\"url\":\"https:\\\/\\\/betterpros.com\\\/careers\\\/wp-content\\\/uploads\\\/2024\\\/11\\\/Software-development.png\",\"contentUrl\":\"https:\\\/\\\/betterpros.com\\\/careers\\\/wp-content\\\/uploads\\\/2024\\\/11\\\/Software-development.png\",\"width\":780,\"height\":503},{\"@type\":\"BreadcrumbList\",\"@id\":\"https:\\\/\\\/betterpros.com\\\/careers\\\/es\\\/it-es\\\/web-designer\\\/#breadcrumb\",\"itemListElement\":[{\"@type\":\"ListItem\",\"position\":1,\"name\":\"Home\",\"item\":\"https:\\\/\\\/betterpros.com\\\/careers\\\/es\\\/\"},{\"@type\":\"ListItem\",\"position\":2,\"name\":\"Carreras\",\"item\":\"https:\\\/\\\/betterpros.com\\\/careers\\\/es\\\/career\\\/\"},{\"@type\":\"ListItem\",\"position\":3,\"name\":\"IT Jobs\",\"item\":\"https:\\\/\\\/betterpros.com\\\/careers\\\/es\\\/it-es\\\/\"},{\"@type\":\"ListItem\",\"position\":4,\"name\":\"Dise\u00f1ador Web\"}]},{\"@type\":\"WebSite\",\"@id\":\"https:\\\/\\\/betterpros.com\\\/careers\\\/es\\\/#website\",\"url\":\"https:\\\/\\\/betterpros.com\\\/careers\\\/es\\\/\",\"name\":\"BetterPros Careers\",\"description\":\"Find a job in BetterPros Career Site\",\"publisher\":{\"@id\":\"https:\\\/\\\/betterpros.com\\\/careers\\\/es\\\/#organization\"},\"potentialAction\":[{\"@type\":\"SearchAction\",\"target\":{\"@type\":\"EntryPoint\",\"urlTemplate\":\"https:\\\/\\\/betterpros.com\\\/careers\\\/es\\\/?s={search_term_string}\"},\"query-input\":{\"@type\":\"PropertyValueSpecification\",\"valueRequired\":true,\"valueName\":\"search_term_string\"}}],\"inLanguage\":\"es\"},{\"@type\":\"Organization\",\"@id\":\"https:\\\/\\\/betterpros.com\\\/careers\\\/es\\\/#organization\",\"name\":\"BetterPros Careers\",\"url\":\"https:\\\/\\\/betterpros.com\\\/careers\\\/es\\\/\",\"logo\":{\"@type\":\"ImageObject\",\"inLanguage\":\"es\",\"@id\":\"https:\\\/\\\/betterpros.com\\\/careers\\\/es\\\/#\\\/schema\\\/logo\\\/image\\\/\",\"url\":\"https:\\\/\\\/betterpros.com\\\/careers\\\/wp-content\\\/uploads\\\/2023\\\/03\\\/betterpros-logo.png\",\"contentUrl\":\"https:\\\/\\\/betterpros.com\\\/careers\\\/wp-content\\\/uploads\\\/2023\\\/03\\\/betterpros-logo.png\",\"width\":1666,\"height\":491,\"caption\":\"BetterPros Careers\"},\"image\":{\"@id\":\"https:\\\/\\\/betterpros.com\\\/careers\\\/es\\\/#\\\/schema\\\/logo\\\/image\\\/\"},\"sameAs\":[\"https:\\\/\\\/www.facebook.com\\\/Better-Pros-105415752069554\",\"https:\\\/\\\/www.instagram.com\\\/betterpros\\\/\",\"https:\\\/\\\/www.linkedin.com\\\/company\\\/betterpros\\\/\"]}]}<\/script>\n<!-- \/ Yoast SEO plugin. -->","yoast_head_json":{"title":"Dise\u00f1ador Web Careers BetterPros","description":"Sumate a BetterPros como Dise\u00f1ador Web y crea impresionantes visualizaciones que dan vida a la arquitectura. \u00a1Aplic\u00e1 ahora! \u00a1Aplic\u00e1 ahora!","robots":{"index":"index","follow":"follow","max-snippet":"max-snippet:-1","max-image-preview":"max-image-preview:large","max-video-preview":"max-video-preview:-1"},"canonical":"https:\/\/betterpros.com\/careers\/es\/it-es\/web-designer\/","og_locale":"es_ES","og_type":"article","og_title":"Dise\u00f1ador Web","og_description":"BetterPros busca un Web Designer para dise\u00f1ar sitios web \u00fanicos y funcionales. Si tienes talento y pasi\u00f3n por el dise\u00f1o web, \u00a1post\u00falate hoy!","og_url":"https:\/\/betterpros.com\/careers\/es\/it-es\/web-designer\/","og_site_name":"Careers","article_publisher":"https:\/\/www.facebook.com\/Better-Pros-105415752069554","article_modified_time":"2025-08-21T15:49:22+00:00","og_image":[{"url":"https:\/\/betterpros.com\/careers\/wp-content\/uploads\/2023\/05\/gif-carrer.gif","width":720,"height":405,"type":"image\/gif"}],"twitter_card":"summary_large_image","twitter_title":"Dise\u00f1ador Web","twitter_description":"Sumate a BetterPros como Dise\u00f1ador Web y crea impresionantes visualizaciones que dan vida a la arquitectura. \u00a1Aplic\u00e1 ahora! \u00a1Aplic\u00e1 ahora!","twitter_image":"https:\/\/betterpros.com\/careers\/wp-content\/uploads\/2023\/03\/WEB-DESIGNER-1024x683.webp","twitter_misc":{"Tiempo de lectura":"3 minutos"},"schema":{"@context":"https:\/\/schema.org","@graph":[{"@type":"WebPage","@id":"https:\/\/betterpros.com\/careers\/es\/it-es\/web-designer\/","url":"https:\/\/betterpros.com\/careers\/es\/it-es\/web-designer\/","name":"Dise\u00f1ador Web Careers BetterPros","isPartOf":{"@id":"https:\/\/betterpros.com\/careers\/es\/#website"},"primaryImageOfPage":{"@id":"https:\/\/betterpros.com\/careers\/es\/it-es\/web-designer\/#primaryimage"},"image":{"@id":"https:\/\/betterpros.com\/careers\/es\/it-es\/web-designer\/#primaryimage"},"thumbnailUrl":"https:\/\/betterpros.com\/careers\/wp-content\/uploads\/2024\/11\/Software-development.png","datePublished":"2023-03-30T14:31:10+00:00","dateModified":"2025-08-21T15:49:22+00:00","description":"Sumate a BetterPros como Dise\u00f1ador Web y crea impresionantes visualizaciones que dan vida a la arquitectura. \u00a1Aplic\u00e1 ahora! \u00a1Aplic\u00e1 ahora!","breadcrumb":{"@id":"https:\/\/betterpros.com\/careers\/es\/it-es\/web-designer\/#breadcrumb"},"inLanguage":"es","potentialAction":[{"@type":"ReadAction","target":["https:\/\/betterpros.com\/careers\/es\/it-es\/web-designer\/"]}]},{"@type":"ImageObject","inLanguage":"es","@id":"https:\/\/betterpros.com\/careers\/es\/it-es\/web-designer\/#primaryimage","url":"https:\/\/betterpros.com\/careers\/wp-content\/uploads\/2024\/11\/Software-development.png","contentUrl":"https:\/\/betterpros.com\/careers\/wp-content\/uploads\/2024\/11\/Software-development.png","width":780,"height":503},{"@type":"BreadcrumbList","@id":"https:\/\/betterpros.com\/careers\/es\/it-es\/web-designer\/#breadcrumb","itemListElement":[{"@type":"ListItem","position":1,"name":"Home","item":"https:\/\/betterpros.com\/careers\/es\/"},{"@type":"ListItem","position":2,"name":"Carreras","item":"https:\/\/betterpros.com\/careers\/es\/career\/"},{"@type":"ListItem","position":3,"name":"IT Jobs","item":"https:\/\/betterpros.com\/careers\/es\/it-es\/"},{"@type":"ListItem","position":4,"name":"Dise\u00f1ador Web"}]},{"@type":"WebSite","@id":"https:\/\/betterpros.com\/careers\/es\/#website","url":"https:\/\/betterpros.com\/careers\/es\/","name":"BetterPros Careers","description":"Find a job in BetterPros Career Site","publisher":{"@id":"https:\/\/betterpros.com\/careers\/es\/#organization"},"potentialAction":[{"@type":"SearchAction","target":{"@type":"EntryPoint","urlTemplate":"https:\/\/betterpros.com\/careers\/es\/?s={search_term_string}"},"query-input":{"@type":"PropertyValueSpecification","valueRequired":true,"valueName":"search_term_string"}}],"inLanguage":"es"},{"@type":"Organization","@id":"https:\/\/betterpros.com\/careers\/es\/#organization","name":"BetterPros Careers","url":"https:\/\/betterpros.com\/careers\/es\/","logo":{"@type":"ImageObject","inLanguage":"es","@id":"https:\/\/betterpros.com\/careers\/es\/#\/schema\/logo\/image\/","url":"https:\/\/betterpros.com\/careers\/wp-content\/uploads\/2023\/03\/betterpros-logo.png","contentUrl":"https:\/\/betterpros.com\/careers\/wp-content\/uploads\/2023\/03\/betterpros-logo.png","width":1666,"height":491,"caption":"BetterPros Careers"},"image":{"@id":"https:\/\/betterpros.com\/careers\/es\/#\/schema\/logo\/image\/"},"sameAs":["https:\/\/www.facebook.com\/Better-Pros-105415752069554","https:\/\/www.instagram.com\/betterpros\/","https:\/\/www.linkedin.com\/company\/betterpros\/"]}]}},"_links":{"self":[{"href":"https:\/\/betterpros.com\/careers\/es\/wp-json\/wp\/v2\/product\/3179","targetHints":{"allow":["GET"]}}],"collection":[{"href":"https:\/\/betterpros.com\/careers\/es\/wp-json\/wp\/v2\/product"}],"about":[{"href":"https:\/\/betterpros.com\/careers\/es\/wp-json\/wp\/v2\/types\/product"}],"version-history":[{"count":2,"href":"https:\/\/betterpros.com\/careers\/es\/wp-json\/wp\/v2\/product\/3179\/revisions"}],"predecessor-version":[{"id":17025,"href":"https:\/\/betterpros.com\/careers\/es\/wp-json\/wp\/v2\/product\/3179\/revisions\/17025"}],"wp:featuredmedia":[{"embeddable":true,"href":"https:\/\/betterpros.com\/careers\/es\/wp-json\/wp\/v2\/media\/13933"}],"wp:attachment":[{"href":"https:\/\/betterpros.com\/careers\/es\/wp-json\/wp\/v2\/media?parent=3179"}],"wp:term":[{"taxonomy":"product_brand","embeddable":true,"href":"https:\/\/betterpros.com\/careers\/es\/wp-json\/wp\/v2\/product_brand?post=3179"},{"taxonomy":"product_cat","embeddable":true,"href":"https:\/\/betterpros.com\/careers\/es\/wp-json\/wp\/v2\/product_cat?post=3179"},{"taxonomy":"product_tag","embeddable":true,"href":"https:\/\/betterpros.com\/careers\/es\/wp-json\/wp\/v2\/product_tag?post=3179"},{"taxonomy":"framework","embeddable":true,"href":"https:\/\/betterpros.com\/careers\/es\/wp-json\/wp\/v2\/framework?post=3179"},{"taxonomy":"expertise","embeddable":true,"href":"https:\/\/betterpros.com\/careers\/es\/wp-json\/wp\/v2\/expertise?post=3179"},{"taxonomy":"field","embeddable":true,"href":"https:\/\/betterpros.com\/careers\/es\/wp-json\/wp\/v2\/field?post=3179"},{"taxonomy":"software","embeddable":true,"href":"https:\/\/betterpros.com\/careers\/es\/wp-json\/wp\/v2\/software?post=3179"},{"taxonomy":"product-category","embeddable":true,"href":"https:\/\/betterpros.com\/careers\/es\/wp-json\/wp\/v2\/product-category?post=3179"}],"curies":[{"name":"wp","href":"https:\/\/api.w.org\/{rel}","templated":true}]}}