{"id":33613,"date":"2025-11-04T09:17:15","date_gmt":"2025-11-04T12:17:15","guid":{"rendered":"https:\/\/betterpros.com\/careers\/?post_type=product&#038;p=33613"},"modified":"2025-11-04T09:34:01","modified_gmt":"2025-11-04T12:34:01","slug":"semi-senior-office-administrator-part-time-florida","status":"publish","type":"product","link":"https:\/\/betterpros.com\/careers\/es\/administracion\/semi-senior-office-administrator-part-time-florida\/","title":{"rendered":"Semi Senior Office Administrator (Part Time, Florida)"},"excerpt":{"rendered":"<p>S\u00famate a BetterPros como Coordinador\/a de Proyectos Semi Senior (Flex, California). \u00a1Aplic\u00e1 ahora!<\/p>\n<p><button style=\"background-color: #26d0b2;\"><a style=\"text-decoration: none; color: white;\" href=\"https:\/\/career.betterpros.com\/jobs\/semi-senior-project-coordinator-flex-california?displayed_form=true\" target=\"_blank\" rel=\"noopener\">Aplicar ahora<\/a><\/button><\/p>\n","protected":false},"featured_media":13931,"template":"","meta":{"content-type":"","footnotes":""},"product_brand":[],"product_cat":[252,169,256,790,797,179,172],"product_tag":[],"framework":[],"expertise":[699],"field":[],"software":[769],"product-category":[],"class_list":{"0":"post-33613","1":"product","2":"type-product","3":"status-publish","4":"has-post-thumbnail","6":"product_cat-administracion","7":"product_cat-cliente","8":"product_cat-contadores","9":"product_cat-job-taken","10":"product_cat-posicion-tomada","11":"product_cat-posiciones-unicas","12":"product_cat-semi-senior","13":"expertise-commercial","14":"software-microsoft-office","16":"first","17":"instock","18":"shipping-taxable","19":"product-type-simple"},"yoast_head":"<!-- This site is optimized with the Yoast SEO plugin v27.3 - https:\/\/yoast.com\/product\/yoast-seo-wordpress\/ -->\n<title>Semi Senior Office Administrator (Part Time, Florida) Careers<\/title>\n<meta name=\"description\" content=\"Descubre un papel enriquecedor con BetterPros. Disfruta de una compensaci\u00f3n competitiva y la flexibilidad de una posici\u00f3n remota mientras contribuyes a emocionantes proyectos de construcci\u00f3n.\" \/>\n<meta name=\"robots\" content=\"index, follow, max-snippet:-1, max-image-preview:large, max-video-preview:-1\" \/>\n<link rel=\"canonical\" href=\"https:\/\/betterpros.com\/careers\/es\/administracion\/semi-senior-office-administrator-part-time-florida\/\" \/>\n<meta property=\"og:locale\" content=\"es_ES\" \/>\n<meta property=\"og:type\" content=\"article\" \/>\n<meta property=\"og:title\" content=\"Contador\/a Semi Senior (Full Time, Nueva York)\" \/>\n<meta property=\"og:description\" content=\"Descubre un papel enriquecedor con BetterPros. Disfruta de una compensaci\u00f3n competitiva y la flexibilidad de una posici\u00f3n remota mientras contribuyes a emocionantes proyectos de construcci\u00f3n.\" \/>\n<meta property=\"og:url\" content=\"https:\/\/betterpros.com\/careers\/es\/administracion\/semi-senior-office-administrator-part-time-florida\/\" \/>\n<meta property=\"og:site_name\" content=\"Careers\" \/>\n<meta property=\"article:publisher\" content=\"https:\/\/www.facebook.com\/Better-Pros-105415752069554\" \/>\n<meta property=\"article:modified_time\" content=\"2025-11-04T12:34:01+00:00\" \/>\n<meta property=\"og:image\" content=\"https:\/\/betterpros.com\/careers\/wp-content\/uploads\/2023\/05\/gif-carrer.gif\" \/>\n\t<meta property=\"og:image:width\" content=\"720\" \/>\n\t<meta property=\"og:image:height\" content=\"405\" \/>\n\t<meta property=\"og:image:type\" content=\"image\/gif\" \/>\n<meta name=\"twitter:card\" content=\"summary_large_image\" \/>\n<meta name=\"twitter:image\" content=\"https:\/\/betterpros.com\/careers\/wp-content\/uploads\/2024\/03\/1-Account-Manager-for-Internal-Team-1024x683.webp\" \/>\n<meta name=\"twitter:label1\" content=\"Tiempo de lectura\" \/>\n\t<meta name=\"twitter:data1\" content=\"3 minutos\" \/>\n<script type=\"application\/ld+json\" class=\"yoast-schema-graph\">{\"@context\":\"https:\\\/\\\/schema.org\",\"@graph\":[{\"@type\":\"WebPage\",\"@id\":\"https:\\\/\\\/betterpros.com\\\/careers\\\/es\\\/administracion\\\/semi-senior-office-administrator-part-time-florida\\\/\",\"url\":\"https:\\\/\\\/betterpros.com\\\/careers\\\/es\\\/administracion\\\/semi-senior-office-administrator-part-time-florida\\\/\",\"name\":\"Semi Senior Office Administrator (Part Time, Florida) Careers\",\"isPartOf\":{\"@id\":\"https:\\\/\\\/betterpros.com\\\/careers\\\/es\\\/#website\"},\"primaryImageOfPage\":{\"@id\":\"https:\\\/\\\/betterpros.com\\\/careers\\\/es\\\/administracion\\\/semi-senior-office-administrator-part-time-florida\\\/#primaryimage\"},\"image\":{\"@id\":\"https:\\\/\\\/betterpros.com\\\/careers\\\/es\\\/administracion\\\/semi-senior-office-administrator-part-time-florida\\\/#primaryimage\"},\"thumbnailUrl\":\"https:\\\/\\\/betterpros.com\\\/careers\\\/wp-content\\\/uploads\\\/2024\\\/11\\\/Admin.png\",\"datePublished\":\"2025-11-04T12:17:15+00:00\",\"dateModified\":\"2025-11-04T12:34:01+00:00\",\"description\":\"Descubre un papel enriquecedor con BetterPros. Disfruta de una compensaci\u00f3n competitiva y la flexibilidad de una posici\u00f3n remota mientras contribuyes a emocionantes proyectos de construcci\u00f3n.\",\"breadcrumb\":{\"@id\":\"https:\\\/\\\/betterpros.com\\\/careers\\\/es\\\/administracion\\\/semi-senior-office-administrator-part-time-florida\\\/#breadcrumb\"},\"inLanguage\":\"es\",\"potentialAction\":[{\"@type\":\"ReadAction\",\"target\":[\"https:\\\/\\\/betterpros.com\\\/careers\\\/es\\\/administracion\\\/semi-senior-office-administrator-part-time-florida\\\/\"]}]},{\"@type\":\"ImageObject\",\"inLanguage\":\"es\",\"@id\":\"https:\\\/\\\/betterpros.com\\\/careers\\\/es\\\/administracion\\\/semi-senior-office-administrator-part-time-florida\\\/#primaryimage\",\"url\":\"https:\\\/\\\/betterpros.com\\\/careers\\\/wp-content\\\/uploads\\\/2024\\\/11\\\/Admin.png\",\"contentUrl\":\"https:\\\/\\\/betterpros.com\\\/careers\\\/wp-content\\\/uploads\\\/2024\\\/11\\\/Admin.png\",\"width\":781,\"height\":530},{\"@type\":\"BreadcrumbList\",\"@id\":\"https:\\\/\\\/betterpros.com\\\/careers\\\/es\\\/administracion\\\/semi-senior-office-administrator-part-time-florida\\\/#breadcrumb\",\"itemListElement\":[{\"@type\":\"ListItem\",\"position\":1,\"name\":\"Home\",\"item\":\"https:\\\/\\\/betterpros.com\\\/careers\\\/es\\\/\"},{\"@type\":\"ListItem\",\"position\":2,\"name\":\"Carreras\",\"item\":\"https:\\\/\\\/betterpros.com\\\/careers\\\/es\\\/career\\\/\"},{\"@type\":\"ListItem\",\"position\":3,\"name\":\"Administraci\u00f3n\",\"item\":\"https:\\\/\\\/betterpros.com\\\/careers\\\/es\\\/administracion\\\/\"},{\"@type\":\"ListItem\",\"position\":4,\"name\":\"Semi Senior Office Administrator (Part Time, Florida)\"}]},{\"@type\":\"WebSite\",\"@id\":\"https:\\\/\\\/betterpros.com\\\/careers\\\/es\\\/#website\",\"url\":\"https:\\\/\\\/betterpros.com\\\/careers\\\/es\\\/\",\"name\":\"BetterPros Careers\",\"description\":\"Find a job in BetterPros Career Site\",\"publisher\":{\"@id\":\"https:\\\/\\\/betterpros.com\\\/careers\\\/es\\\/#organization\"},\"potentialAction\":[{\"@type\":\"SearchAction\",\"target\":{\"@type\":\"EntryPoint\",\"urlTemplate\":\"https:\\\/\\\/betterpros.com\\\/careers\\\/es\\\/?s={search_term_string}\"},\"query-input\":{\"@type\":\"PropertyValueSpecification\",\"valueRequired\":true,\"valueName\":\"search_term_string\"}}],\"inLanguage\":\"es\"},{\"@type\":\"Organization\",\"@id\":\"https:\\\/\\\/betterpros.com\\\/careers\\\/es\\\/#organization\",\"name\":\"BetterPros Careers\",\"url\":\"https:\\\/\\\/betterpros.com\\\/careers\\\/es\\\/\",\"logo\":{\"@type\":\"ImageObject\",\"inLanguage\":\"es\",\"@id\":\"https:\\\/\\\/betterpros.com\\\/careers\\\/es\\\/#\\\/schema\\\/logo\\\/image\\\/\",\"url\":\"https:\\\/\\\/betterpros.com\\\/careers\\\/wp-content\\\/uploads\\\/2023\\\/03\\\/betterpros-logo.png\",\"contentUrl\":\"https:\\\/\\\/betterpros.com\\\/careers\\\/wp-content\\\/uploads\\\/2023\\\/03\\\/betterpros-logo.png\",\"width\":1666,\"height\":491,\"caption\":\"BetterPros Careers\"},\"image\":{\"@id\":\"https:\\\/\\\/betterpros.com\\\/careers\\\/es\\\/#\\\/schema\\\/logo\\\/image\\\/\"},\"sameAs\":[\"https:\\\/\\\/www.facebook.com\\\/Better-Pros-105415752069554\",\"https:\\\/\\\/www.instagram.com\\\/betterpros\\\/\",\"https:\\\/\\\/www.linkedin.com\\\/company\\\/betterpros\\\/\"]}]}<\/script>\n<!-- \/ Yoast SEO plugin. -->","yoast_head_json":{"title":"Semi Senior Office Administrator (Part Time, Florida) Careers","description":"Descubre un papel enriquecedor con BetterPros. Disfruta de una compensaci\u00f3n competitiva y la flexibilidad de una posici\u00f3n remota mientras contribuyes a emocionantes proyectos de construcci\u00f3n.","robots":{"index":"index","follow":"follow","max-snippet":"max-snippet:-1","max-image-preview":"max-image-preview:large","max-video-preview":"max-video-preview:-1"},"canonical":"https:\/\/betterpros.com\/careers\/es\/administracion\/semi-senior-office-administrator-part-time-florida\/","og_locale":"es_ES","og_type":"article","og_title":"Contador\/a Semi Senior (Full Time, Nueva York)","og_description":"Descubre un papel enriquecedor con BetterPros. Disfruta de una compensaci\u00f3n competitiva y la flexibilidad de una posici\u00f3n remota mientras contribuyes a emocionantes proyectos de construcci\u00f3n.","og_url":"https:\/\/betterpros.com\/careers\/es\/administracion\/semi-senior-office-administrator-part-time-florida\/","og_site_name":"Careers","article_publisher":"https:\/\/www.facebook.com\/Better-Pros-105415752069554","article_modified_time":"2025-11-04T12:34:01+00:00","og_image":[{"url":"https:\/\/betterpros.com\/careers\/wp-content\/uploads\/2023\/05\/gif-carrer.gif","width":720,"height":405,"type":"image\/gif"}],"twitter_card":"summary_large_image","twitter_image":"https:\/\/betterpros.com\/careers\/wp-content\/uploads\/2024\/03\/1-Account-Manager-for-Internal-Team-1024x683.webp","twitter_misc":{"Tiempo de lectura":"3 minutos"},"schema":{"@context":"https:\/\/schema.org","@graph":[{"@type":"WebPage","@id":"https:\/\/betterpros.com\/careers\/es\/administracion\/semi-senior-office-administrator-part-time-florida\/","url":"https:\/\/betterpros.com\/careers\/es\/administracion\/semi-senior-office-administrator-part-time-florida\/","name":"Semi Senior Office Administrator (Part Time, Florida) Careers","isPartOf":{"@id":"https:\/\/betterpros.com\/careers\/es\/#website"},"primaryImageOfPage":{"@id":"https:\/\/betterpros.com\/careers\/es\/administracion\/semi-senior-office-administrator-part-time-florida\/#primaryimage"},"image":{"@id":"https:\/\/betterpros.com\/careers\/es\/administracion\/semi-senior-office-administrator-part-time-florida\/#primaryimage"},"thumbnailUrl":"https:\/\/betterpros.com\/careers\/wp-content\/uploads\/2024\/11\/Admin.png","datePublished":"2025-11-04T12:17:15+00:00","dateModified":"2025-11-04T12:34:01+00:00","description":"Descubre un papel enriquecedor con BetterPros. Disfruta de una compensaci\u00f3n competitiva y la flexibilidad de una posici\u00f3n remota mientras contribuyes a emocionantes proyectos de construcci\u00f3n.","breadcrumb":{"@id":"https:\/\/betterpros.com\/careers\/es\/administracion\/semi-senior-office-administrator-part-time-florida\/#breadcrumb"},"inLanguage":"es","potentialAction":[{"@type":"ReadAction","target":["https:\/\/betterpros.com\/careers\/es\/administracion\/semi-senior-office-administrator-part-time-florida\/"]}]},{"@type":"ImageObject","inLanguage":"es","@id":"https:\/\/betterpros.com\/careers\/es\/administracion\/semi-senior-office-administrator-part-time-florida\/#primaryimage","url":"https:\/\/betterpros.com\/careers\/wp-content\/uploads\/2024\/11\/Admin.png","contentUrl":"https:\/\/betterpros.com\/careers\/wp-content\/uploads\/2024\/11\/Admin.png","width":781,"height":530},{"@type":"BreadcrumbList","@id":"https:\/\/betterpros.com\/careers\/es\/administracion\/semi-senior-office-administrator-part-time-florida\/#breadcrumb","itemListElement":[{"@type":"ListItem","position":1,"name":"Home","item":"https:\/\/betterpros.com\/careers\/es\/"},{"@type":"ListItem","position":2,"name":"Carreras","item":"https:\/\/betterpros.com\/careers\/es\/career\/"},{"@type":"ListItem","position":3,"name":"Administraci\u00f3n","item":"https:\/\/betterpros.com\/careers\/es\/administracion\/"},{"@type":"ListItem","position":4,"name":"Semi Senior Office Administrator (Part Time, Florida)"}]},{"@type":"WebSite","@id":"https:\/\/betterpros.com\/careers\/es\/#website","url":"https:\/\/betterpros.com\/careers\/es\/","name":"BetterPros Careers","description":"Find a job in BetterPros Career Site","publisher":{"@id":"https:\/\/betterpros.com\/careers\/es\/#organization"},"potentialAction":[{"@type":"SearchAction","target":{"@type":"EntryPoint","urlTemplate":"https:\/\/betterpros.com\/careers\/es\/?s={search_term_string}"},"query-input":{"@type":"PropertyValueSpecification","valueRequired":true,"valueName":"search_term_string"}}],"inLanguage":"es"},{"@type":"Organization","@id":"https:\/\/betterpros.com\/careers\/es\/#organization","name":"BetterPros Careers","url":"https:\/\/betterpros.com\/careers\/es\/","logo":{"@type":"ImageObject","inLanguage":"es","@id":"https:\/\/betterpros.com\/careers\/es\/#\/schema\/logo\/image\/","url":"https:\/\/betterpros.com\/careers\/wp-content\/uploads\/2023\/03\/betterpros-logo.png","contentUrl":"https:\/\/betterpros.com\/careers\/wp-content\/uploads\/2023\/03\/betterpros-logo.png","width":1666,"height":491,"caption":"BetterPros Careers"},"image":{"@id":"https:\/\/betterpros.com\/careers\/es\/#\/schema\/logo\/image\/"},"sameAs":["https:\/\/www.facebook.com\/Better-Pros-105415752069554","https:\/\/www.instagram.com\/betterpros\/","https:\/\/www.linkedin.com\/company\/betterpros\/"]}]}},"_links":{"self":[{"href":"https:\/\/betterpros.com\/careers\/es\/wp-json\/wp\/v2\/product\/33613","targetHints":{"allow":["GET"]}}],"collection":[{"href":"https:\/\/betterpros.com\/careers\/es\/wp-json\/wp\/v2\/product"}],"about":[{"href":"https:\/\/betterpros.com\/careers\/es\/wp-json\/wp\/v2\/types\/product"}],"version-history":[{"count":4,"href":"https:\/\/betterpros.com\/careers\/es\/wp-json\/wp\/v2\/product\/33613\/revisions"}],"predecessor-version":[{"id":33618,"href":"https:\/\/betterpros.com\/careers\/es\/wp-json\/wp\/v2\/product\/33613\/revisions\/33618"}],"wp:featuredmedia":[{"embeddable":true,"href":"https:\/\/betterpros.com\/careers\/es\/wp-json\/wp\/v2\/media\/13931"}],"wp:attachment":[{"href":"https:\/\/betterpros.com\/careers\/es\/wp-json\/wp\/v2\/media?parent=33613"}],"wp:term":[{"taxonomy":"product_brand","embeddable":true,"href":"https:\/\/betterpros.com\/careers\/es\/wp-json\/wp\/v2\/product_brand?post=33613"},{"taxonomy":"product_cat","embeddable":true,"href":"https:\/\/betterpros.com\/careers\/es\/wp-json\/wp\/v2\/product_cat?post=33613"},{"taxonomy":"product_tag","embeddable":true,"href":"https:\/\/betterpros.com\/careers\/es\/wp-json\/wp\/v2\/product_tag?post=33613"},{"taxonomy":"framework","embeddable":true,"href":"https:\/\/betterpros.com\/careers\/es\/wp-json\/wp\/v2\/framework?post=33613"},{"taxonomy":"expertise","embeddable":true,"href":"https:\/\/betterpros.com\/careers\/es\/wp-json\/wp\/v2\/expertise?post=33613"},{"taxonomy":"field","embeddable":true,"href":"https:\/\/betterpros.com\/careers\/es\/wp-json\/wp\/v2\/field?post=33613"},{"taxonomy":"software","embeddable":true,"href":"https:\/\/betterpros.com\/careers\/es\/wp-json\/wp\/v2\/software?post=33613"},{"taxonomy":"product-category","embeddable":true,"href":"https:\/\/betterpros.com\/careers\/es\/wp-json\/wp\/v2\/product-category?post=33613"}],"curies":[{"name":"wp","href":"https:\/\/api.w.org\/{rel}","templated":true}]}}