{"id":35444,"date":"2026-01-27T10:05:10","date_gmt":"2026-01-27T13:05:10","guid":{"rendered":"https:\/\/betterpros.com\/careers\/?post_type=product&#038;p=35444"},"modified":"2026-01-27T10:58:10","modified_gmt":"2026-01-27T13:58:10","slug":"semi-senior-revit-architect-part-time-texas","status":"publish","type":"product","link":"https:\/\/betterpros.com\/careers\/es\/arquitectura\/revit\/semi-senior-revit-architect-part-time-texas\/","title":{"rendered":"Semi Senior Revit Architect (Part Time, Texas)"},"excerpt":{"rendered":"<p>&nbsp;<\/p>\n<p><button style=\"background-color: #26d0b2;\"><a style=\"text-decoration: none; color: white;\" href=\"https:\/\/career.betterpros.com\/jobs\/senior-autocad-drafter-part-time-colorado?displayed_form=true\" target=\"_blank\" rel=\"noopener\">Aplicar ahora<\/a><\/button><\/p>\n","protected":false},"featured_media":0,"template":"","meta":{"content-type":"","footnotes":""},"product_brand":[],"product_cat":[168,797,179,438,172],"product_tag":[],"framework":[],"expertise":[531],"field":[],"software":[626],"product-category":[],"class_list":{"0":"post-35444","1":"product","2":"type-product","3":"status-publish","5":"product_cat-arquitectura","6":"product_cat-posicion-tomada","7":"product_cat-posiciones-unicas","8":"product_cat-revit","9":"product_cat-semi-senior","10":"expertise-residential","11":"software-revit","13":"first","14":"instock","15":"shipping-taxable","16":"product-type-simple"},"yoast_head":"<!-- This site is optimized with the Yoast SEO plugin v27.3 - https:\/\/yoast.com\/product\/yoast-seo-wordpress\/ -->\n<title>Semi Senior Revit Architect (Part Time, Texas)<\/title>\n<meta name=\"description\" content=\"\u00a1\u00danete a BetterPros como Arquitecto Revit Semi Senior! Trabaja de forma remota a tiempo parcial desde Texas, creando dise\u00f1os arquitect\u00f3nicos innovadores y colaborando con equipos de proyectos en diversas iniciativas. \u00a1Post\u00falate hoy!\" \/>\n<meta name=\"robots\" content=\"index, follow, max-snippet:-1, max-image-preview:large, max-video-preview:-1\" \/>\n<link rel=\"canonical\" href=\"https:\/\/betterpros.com\/careers\/es\/arquitectura\/revit\/semi-senior-revit-architect-part-time-texas\/\" \/>\n<meta property=\"og:locale\" content=\"es_ES\" \/>\n<meta property=\"og:type\" content=\"article\" \/>\n<meta property=\"og:title\" content=\"Semi Senior Revit Architect (Part Time, Texas)\" \/>\n<meta property=\"og:description\" content=\"\u00a1\u00danete a BetterPros como Arquitecto Revit Semi Senior! Trabaja de forma remota a tiempo parcial desde Texas, creando dise\u00f1os arquitect\u00f3nicos innovadores y colaborando con equipos de proyectos en diversas iniciativas. \u00a1Post\u00falate hoy!\" \/>\n<meta property=\"og:url\" content=\"https:\/\/betterpros.com\/careers\/es\/arquitectura\/revit\/semi-senior-revit-architect-part-time-texas\/\" \/>\n<meta property=\"og:site_name\" content=\"Careers\" \/>\n<meta property=\"article:publisher\" content=\"https:\/\/www.facebook.com\/Better-Pros-105415752069554\" \/>\n<meta property=\"article:modified_time\" content=\"2026-01-27T13:58:10+00:00\" \/>\n<meta property=\"og:image\" content=\"https:\/\/betterpros.com\/careers\/wp-content\/uploads\/2023\/05\/gif-carrer.gif\" \/>\n\t<meta property=\"og:image:width\" content=\"720\" \/>\n\t<meta property=\"og:image:height\" content=\"405\" \/>\n\t<meta property=\"og:image:type\" content=\"image\/gif\" \/>\n<meta name=\"twitter:card\" content=\"summary_large_image\" \/>\n<meta name=\"twitter:image\" content=\"https:\/\/betterpros.com\/careers\/wp-content\/uploads\/2024\/03\/1-Account-Manager-for-Internal-Team-1024x683.webp\" \/>\n<meta name=\"twitter:label1\" content=\"Tiempo de lectura\" \/>\n\t<meta name=\"twitter:data1\" content=\"2 minutos\" \/>\n<script type=\"application\/ld+json\" class=\"yoast-schema-graph\">{\"@context\":\"https:\\\/\\\/schema.org\",\"@graph\":[{\"@type\":\"WebPage\",\"@id\":\"https:\\\/\\\/betterpros.com\\\/careers\\\/es\\\/arquitectura\\\/revit\\\/semi-senior-revit-architect-part-time-texas\\\/\",\"url\":\"https:\\\/\\\/betterpros.com\\\/careers\\\/es\\\/arquitectura\\\/revit\\\/semi-senior-revit-architect-part-time-texas\\\/\",\"name\":\"Semi Senior Revit Architect (Part Time, Texas)\",\"isPartOf\":{\"@id\":\"https:\\\/\\\/betterpros.com\\\/careers\\\/es\\\/#website\"},\"datePublished\":\"2026-01-27T13:05:10+00:00\",\"dateModified\":\"2026-01-27T13:58:10+00:00\",\"description\":\"\u00a1\u00danete a BetterPros como Arquitecto Revit Semi Senior! Trabaja de forma remota a tiempo parcial desde Texas, creando dise\u00f1os arquitect\u00f3nicos innovadores y colaborando con equipos de proyectos en diversas iniciativas. \u00a1Post\u00falate hoy!\",\"breadcrumb\":{\"@id\":\"https:\\\/\\\/betterpros.com\\\/careers\\\/es\\\/arquitectura\\\/revit\\\/semi-senior-revit-architect-part-time-texas\\\/#breadcrumb\"},\"inLanguage\":\"es\",\"potentialAction\":[{\"@type\":\"ReadAction\",\"target\":[\"https:\\\/\\\/betterpros.com\\\/careers\\\/es\\\/arquitectura\\\/revit\\\/semi-senior-revit-architect-part-time-texas\\\/\"]}]},{\"@type\":\"BreadcrumbList\",\"@id\":\"https:\\\/\\\/betterpros.com\\\/careers\\\/es\\\/arquitectura\\\/revit\\\/semi-senior-revit-architect-part-time-texas\\\/#breadcrumb\",\"itemListElement\":[{\"@type\":\"ListItem\",\"position\":1,\"name\":\"Home\",\"item\":\"https:\\\/\\\/betterpros.com\\\/careers\\\/es\\\/\"},{\"@type\":\"ListItem\",\"position\":2,\"name\":\"Carreras\",\"item\":\"https:\\\/\\\/betterpros.com\\\/careers\\\/es\\\/career\\\/\"},{\"@type\":\"ListItem\",\"position\":3,\"name\":\"Arquitectura\",\"item\":\"https:\\\/\\\/betterpros.com\\\/careers\\\/es\\\/arquitectura\\\/\"},{\"@type\":\"ListItem\",\"position\":4,\"name\":\"Revit\",\"item\":\"https:\\\/\\\/betterpros.com\\\/careers\\\/es\\\/arquitectura\\\/revit\\\/\"},{\"@type\":\"ListItem\",\"position\":5,\"name\":\"Semi Senior Revit Architect (Part Time, Texas)\"}]},{\"@type\":\"WebSite\",\"@id\":\"https:\\\/\\\/betterpros.com\\\/careers\\\/es\\\/#website\",\"url\":\"https:\\\/\\\/betterpros.com\\\/careers\\\/es\\\/\",\"name\":\"BetterPros Careers\",\"description\":\"Find a job in BetterPros Career Site\",\"publisher\":{\"@id\":\"https:\\\/\\\/betterpros.com\\\/careers\\\/es\\\/#organization\"},\"potentialAction\":[{\"@type\":\"SearchAction\",\"target\":{\"@type\":\"EntryPoint\",\"urlTemplate\":\"https:\\\/\\\/betterpros.com\\\/careers\\\/es\\\/?s={search_term_string}\"},\"query-input\":{\"@type\":\"PropertyValueSpecification\",\"valueRequired\":true,\"valueName\":\"search_term_string\"}}],\"inLanguage\":\"es\"},{\"@type\":\"Organization\",\"@id\":\"https:\\\/\\\/betterpros.com\\\/careers\\\/es\\\/#organization\",\"name\":\"BetterPros Careers\",\"url\":\"https:\\\/\\\/betterpros.com\\\/careers\\\/es\\\/\",\"logo\":{\"@type\":\"ImageObject\",\"inLanguage\":\"es\",\"@id\":\"https:\\\/\\\/betterpros.com\\\/careers\\\/es\\\/#\\\/schema\\\/logo\\\/image\\\/\",\"url\":\"https:\\\/\\\/betterpros.com\\\/careers\\\/wp-content\\\/uploads\\\/2023\\\/03\\\/betterpros-logo.png\",\"contentUrl\":\"https:\\\/\\\/betterpros.com\\\/careers\\\/wp-content\\\/uploads\\\/2023\\\/03\\\/betterpros-logo.png\",\"width\":1666,\"height\":491,\"caption\":\"BetterPros Careers\"},\"image\":{\"@id\":\"https:\\\/\\\/betterpros.com\\\/careers\\\/es\\\/#\\\/schema\\\/logo\\\/image\\\/\"},\"sameAs\":[\"https:\\\/\\\/www.facebook.com\\\/Better-Pros-105415752069554\",\"https:\\\/\\\/www.instagram.com\\\/betterpros\\\/\",\"https:\\\/\\\/www.linkedin.com\\\/company\\\/betterpros\\\/\"]}]}<\/script>\n<!-- \/ Yoast SEO plugin. -->","yoast_head_json":{"title":"Semi Senior Revit Architect (Part Time, Texas)","description":"\u00a1\u00danete a BetterPros como Arquitecto Revit Semi Senior! Trabaja de forma remota a tiempo parcial desde Texas, creando dise\u00f1os arquitect\u00f3nicos innovadores y colaborando con equipos de proyectos en diversas iniciativas. \u00a1Post\u00falate hoy!","robots":{"index":"index","follow":"follow","max-snippet":"max-snippet:-1","max-image-preview":"max-image-preview:large","max-video-preview":"max-video-preview:-1"},"canonical":"https:\/\/betterpros.com\/careers\/es\/arquitectura\/revit\/semi-senior-revit-architect-part-time-texas\/","og_locale":"es_ES","og_type":"article","og_title":"Semi Senior Revit Architect (Part Time, Texas)","og_description":"\u00a1\u00danete a BetterPros como Arquitecto Revit Semi Senior! Trabaja de forma remota a tiempo parcial desde Texas, creando dise\u00f1os arquitect\u00f3nicos innovadores y colaborando con equipos de proyectos en diversas iniciativas. \u00a1Post\u00falate hoy!","og_url":"https:\/\/betterpros.com\/careers\/es\/arquitectura\/revit\/semi-senior-revit-architect-part-time-texas\/","og_site_name":"Careers","article_publisher":"https:\/\/www.facebook.com\/Better-Pros-105415752069554","article_modified_time":"2026-01-27T13:58:10+00:00","og_image":[{"url":"https:\/\/betterpros.com\/careers\/wp-content\/uploads\/2023\/05\/gif-carrer.gif","width":720,"height":405,"type":"image\/gif"}],"twitter_card":"summary_large_image","twitter_image":"https:\/\/betterpros.com\/careers\/wp-content\/uploads\/2024\/03\/1-Account-Manager-for-Internal-Team-1024x683.webp","twitter_misc":{"Tiempo de lectura":"2 minutos"},"schema":{"@context":"https:\/\/schema.org","@graph":[{"@type":"WebPage","@id":"https:\/\/betterpros.com\/careers\/es\/arquitectura\/revit\/semi-senior-revit-architect-part-time-texas\/","url":"https:\/\/betterpros.com\/careers\/es\/arquitectura\/revit\/semi-senior-revit-architect-part-time-texas\/","name":"Semi Senior Revit Architect (Part Time, Texas)","isPartOf":{"@id":"https:\/\/betterpros.com\/careers\/es\/#website"},"datePublished":"2026-01-27T13:05:10+00:00","dateModified":"2026-01-27T13:58:10+00:00","description":"\u00a1\u00danete a BetterPros como Arquitecto Revit Semi Senior! Trabaja de forma remota a tiempo parcial desde Texas, creando dise\u00f1os arquitect\u00f3nicos innovadores y colaborando con equipos de proyectos en diversas iniciativas. \u00a1Post\u00falate hoy!","breadcrumb":{"@id":"https:\/\/betterpros.com\/careers\/es\/arquitectura\/revit\/semi-senior-revit-architect-part-time-texas\/#breadcrumb"},"inLanguage":"es","potentialAction":[{"@type":"ReadAction","target":["https:\/\/betterpros.com\/careers\/es\/arquitectura\/revit\/semi-senior-revit-architect-part-time-texas\/"]}]},{"@type":"BreadcrumbList","@id":"https:\/\/betterpros.com\/careers\/es\/arquitectura\/revit\/semi-senior-revit-architect-part-time-texas\/#breadcrumb","itemListElement":[{"@type":"ListItem","position":1,"name":"Home","item":"https:\/\/betterpros.com\/careers\/es\/"},{"@type":"ListItem","position":2,"name":"Carreras","item":"https:\/\/betterpros.com\/careers\/es\/career\/"},{"@type":"ListItem","position":3,"name":"Arquitectura","item":"https:\/\/betterpros.com\/careers\/es\/arquitectura\/"},{"@type":"ListItem","position":4,"name":"Revit","item":"https:\/\/betterpros.com\/careers\/es\/arquitectura\/revit\/"},{"@type":"ListItem","position":5,"name":"Semi Senior Revit Architect (Part Time, Texas)"}]},{"@type":"WebSite","@id":"https:\/\/betterpros.com\/careers\/es\/#website","url":"https:\/\/betterpros.com\/careers\/es\/","name":"BetterPros Careers","description":"Find a job in BetterPros Career Site","publisher":{"@id":"https:\/\/betterpros.com\/careers\/es\/#organization"},"potentialAction":[{"@type":"SearchAction","target":{"@type":"EntryPoint","urlTemplate":"https:\/\/betterpros.com\/careers\/es\/?s={search_term_string}"},"query-input":{"@type":"PropertyValueSpecification","valueRequired":true,"valueName":"search_term_string"}}],"inLanguage":"es"},{"@type":"Organization","@id":"https:\/\/betterpros.com\/careers\/es\/#organization","name":"BetterPros Careers","url":"https:\/\/betterpros.com\/careers\/es\/","logo":{"@type":"ImageObject","inLanguage":"es","@id":"https:\/\/betterpros.com\/careers\/es\/#\/schema\/logo\/image\/","url":"https:\/\/betterpros.com\/careers\/wp-content\/uploads\/2023\/03\/betterpros-logo.png","contentUrl":"https:\/\/betterpros.com\/careers\/wp-content\/uploads\/2023\/03\/betterpros-logo.png","width":1666,"height":491,"caption":"BetterPros Careers"},"image":{"@id":"https:\/\/betterpros.com\/careers\/es\/#\/schema\/logo\/image\/"},"sameAs":["https:\/\/www.facebook.com\/Better-Pros-105415752069554","https:\/\/www.instagram.com\/betterpros\/","https:\/\/www.linkedin.com\/company\/betterpros\/"]}]}},"_links":{"self":[{"href":"https:\/\/betterpros.com\/careers\/es\/wp-json\/wp\/v2\/product\/35444","targetHints":{"allow":["GET"]}}],"collection":[{"href":"https:\/\/betterpros.com\/careers\/es\/wp-json\/wp\/v2\/product"}],"about":[{"href":"https:\/\/betterpros.com\/careers\/es\/wp-json\/wp\/v2\/types\/product"}],"version-history":[{"count":3,"href":"https:\/\/betterpros.com\/careers\/es\/wp-json\/wp\/v2\/product\/35444\/revisions"}],"predecessor-version":[{"id":35465,"href":"https:\/\/betterpros.com\/careers\/es\/wp-json\/wp\/v2\/product\/35444\/revisions\/35465"}],"wp:attachment":[{"href":"https:\/\/betterpros.com\/careers\/es\/wp-json\/wp\/v2\/media?parent=35444"}],"wp:term":[{"taxonomy":"product_brand","embeddable":true,"href":"https:\/\/betterpros.com\/careers\/es\/wp-json\/wp\/v2\/product_brand?post=35444"},{"taxonomy":"product_cat","embeddable":true,"href":"https:\/\/betterpros.com\/careers\/es\/wp-json\/wp\/v2\/product_cat?post=35444"},{"taxonomy":"product_tag","embeddable":true,"href":"https:\/\/betterpros.com\/careers\/es\/wp-json\/wp\/v2\/product_tag?post=35444"},{"taxonomy":"framework","embeddable":true,"href":"https:\/\/betterpros.com\/careers\/es\/wp-json\/wp\/v2\/framework?post=35444"},{"taxonomy":"expertise","embeddable":true,"href":"https:\/\/betterpros.com\/careers\/es\/wp-json\/wp\/v2\/expertise?post=35444"},{"taxonomy":"field","embeddable":true,"href":"https:\/\/betterpros.com\/careers\/es\/wp-json\/wp\/v2\/field?post=35444"},{"taxonomy":"software","embeddable":true,"href":"https:\/\/betterpros.com\/careers\/es\/wp-json\/wp\/v2\/software?post=35444"},{"taxonomy":"product-category","embeddable":true,"href":"https:\/\/betterpros.com\/careers\/es\/wp-json\/wp\/v2\/product-category?post=35444"}],"curies":[{"name":"wp","href":"https:\/\/api.w.org\/{rel}","templated":true}]}}