{"id":35600,"date":"2026-02-04T11:42:58","date_gmt":"2026-02-04T14:42:58","guid":{"rendered":"https:\/\/betterpros.com\/careers\/?post_type=product&#038;p=35600"},"modified":"2026-02-04T14:26:22","modified_gmt":"2026-02-04T17:26:22","slug":"arquitecto-a-revit-semi-senior-part-time-texas","status":"publish","type":"product","link":"https:\/\/betterpros.com\/careers\/es\/arquitectura\/revit\/arquitecto-a-revit-semi-senior-part-time-texas\/","title":{"rendered":"Arquitecto\/a Revit Semi Senior (Part Time, Texas)"},"excerpt":{"rendered":"","protected":false},"featured_media":13927,"template":"","meta":{"content-type":"","footnotes":""},"product_brand":[],"product_cat":[168,179,438,172],"product_tag":[],"framework":[],"expertise":[531],"field":[],"software":[626],"product-category":[],"class_list":{"0":"post-35600","1":"product","2":"type-product","3":"status-publish","4":"has-post-thumbnail","6":"product_cat-arquitectura","7":"product_cat-posiciones-unicas","8":"product_cat-revit","9":"product_cat-semi-senior","10":"expertise-residential","11":"software-revit","13":"first","14":"instock","15":"shipping-taxable","16":"product-type-simple"},"yoast_head":"<!-- This site is optimized with the Yoast SEO plugin v27.3 - https:\/\/yoast.com\/product\/yoast-seo-wordpress\/ -->\n<title>Arquitecto\/a Revit Semi Senior (Part Time, Texas)<\/title>\n<meta name=\"description\" content=\"Transforma tu experiencia arquitect\u00f3nica en dise\u00f1os impactantes con BetterPros. Trabaja en proyectos residenciales asegurando precisi\u00f3n y consistencia en la documentaci\u00f3n arquitect\u00f3nica.\" \/>\n<meta name=\"robots\" content=\"index, follow, max-snippet:-1, max-image-preview:large, max-video-preview:-1\" \/>\n<link rel=\"canonical\" href=\"https:\/\/betterpros.com\/careers\/es\/arquitectura\/revit\/arquitecto-a-revit-semi-senior-part-time-texas\/\" \/>\n<meta property=\"og:locale\" content=\"es_ES\" \/>\n<meta property=\"og:type\" content=\"article\" \/>\n<meta property=\"og:title\" content=\"Arquitecto\/a Revit Semi Senior (Part Time, Texas)\" \/>\n<meta property=\"og:description\" content=\"Transforma tu experiencia arquitect\u00f3nica en dise\u00f1os impactantes con BetterPros. Trabaja en proyectos residenciales asegurando precisi\u00f3n y consistencia en la documentaci\u00f3n arquitect\u00f3nica.\" \/>\n<meta property=\"og:url\" content=\"https:\/\/betterpros.com\/careers\/es\/arquitectura\/revit\/arquitecto-a-revit-semi-senior-part-time-texas\/\" \/>\n<meta property=\"og:site_name\" content=\"Careers\" \/>\n<meta property=\"article:publisher\" content=\"https:\/\/www.facebook.com\/Better-Pros-105415752069554\" \/>\n<meta property=\"article:modified_time\" content=\"2026-02-04T17:26:22+00:00\" \/>\n<meta property=\"og:image\" content=\"https:\/\/betterpros.com\/careers\/wp-content\/uploads\/2023\/05\/gif-carrer-1.gif\" \/>\n\t<meta property=\"og:image:width\" content=\"720\" \/>\n\t<meta property=\"og:image:height\" content=\"405\" \/>\n\t<meta property=\"og:image:type\" content=\"image\/gif\" \/>\n<meta name=\"twitter:card\" content=\"summary_large_image\" \/>\n<meta name=\"twitter:label1\" content=\"Tiempo de lectura\" \/>\n\t<meta name=\"twitter:data1\" content=\"2 minutos\" \/>\n<script type=\"application\/ld+json\" class=\"yoast-schema-graph\">{\"@context\":\"https:\\\/\\\/schema.org\",\"@graph\":[{\"@type\":\"WebPage\",\"@id\":\"https:\\\/\\\/betterpros.com\\\/careers\\\/es\\\/arquitectura\\\/revit\\\/arquitecto-a-revit-semi-senior-part-time-texas\\\/\",\"url\":\"https:\\\/\\\/betterpros.com\\\/careers\\\/es\\\/arquitectura\\\/revit\\\/arquitecto-a-revit-semi-senior-part-time-texas\\\/\",\"name\":\"Arquitecto\\\/a Revit Semi Senior (Part Time, Texas)\",\"isPartOf\":{\"@id\":\"https:\\\/\\\/betterpros.com\\\/careers\\\/es\\\/#website\"},\"primaryImageOfPage\":{\"@id\":\"https:\\\/\\\/betterpros.com\\\/careers\\\/es\\\/arquitectura\\\/revit\\\/arquitecto-a-revit-semi-senior-part-time-texas\\\/#primaryimage\"},\"image\":{\"@id\":\"https:\\\/\\\/betterpros.com\\\/careers\\\/es\\\/arquitectura\\\/revit\\\/arquitecto-a-revit-semi-senior-part-time-texas\\\/#primaryimage\"},\"thumbnailUrl\":\"https:\\\/\\\/betterpros.com\\\/careers\\\/wp-content\\\/uploads\\\/2024\\\/11\\\/Engineering-1.png\",\"datePublished\":\"2026-02-04T14:42:58+00:00\",\"dateModified\":\"2026-02-04T17:26:22+00:00\",\"description\":\"Transforma tu experiencia arquitect\u00f3nica en dise\u00f1os impactantes con BetterPros. Trabaja en proyectos residenciales asegurando precisi\u00f3n y consistencia en la documentaci\u00f3n arquitect\u00f3nica.\",\"breadcrumb\":{\"@id\":\"https:\\\/\\\/betterpros.com\\\/careers\\\/es\\\/arquitectura\\\/revit\\\/arquitecto-a-revit-semi-senior-part-time-texas\\\/#breadcrumb\"},\"inLanguage\":\"es\",\"potentialAction\":[{\"@type\":\"ReadAction\",\"target\":[\"https:\\\/\\\/betterpros.com\\\/careers\\\/es\\\/arquitectura\\\/revit\\\/arquitecto-a-revit-semi-senior-part-time-texas\\\/\"]}]},{\"@type\":\"ImageObject\",\"inLanguage\":\"es\",\"@id\":\"https:\\\/\\\/betterpros.com\\\/careers\\\/es\\\/arquitectura\\\/revit\\\/arquitecto-a-revit-semi-senior-part-time-texas\\\/#primaryimage\",\"url\":\"https:\\\/\\\/betterpros.com\\\/careers\\\/wp-content\\\/uploads\\\/2024\\\/11\\\/Engineering-1.png\",\"contentUrl\":\"https:\\\/\\\/betterpros.com\\\/careers\\\/wp-content\\\/uploads\\\/2024\\\/11\\\/Engineering-1.png\",\"width\":783,\"height\":523},{\"@type\":\"BreadcrumbList\",\"@id\":\"https:\\\/\\\/betterpros.com\\\/careers\\\/es\\\/arquitectura\\\/revit\\\/arquitecto-a-revit-semi-senior-part-time-texas\\\/#breadcrumb\",\"itemListElement\":[{\"@type\":\"ListItem\",\"position\":1,\"name\":\"Home\",\"item\":\"https:\\\/\\\/betterpros.com\\\/careers\\\/es\\\/\"},{\"@type\":\"ListItem\",\"position\":2,\"name\":\"Carreras\",\"item\":\"https:\\\/\\\/betterpros.com\\\/careers\\\/es\\\/career\\\/\"},{\"@type\":\"ListItem\",\"position\":3,\"name\":\"Arquitectura\",\"item\":\"https:\\\/\\\/betterpros.com\\\/careers\\\/es\\\/arquitectura\\\/\"},{\"@type\":\"ListItem\",\"position\":4,\"name\":\"Revit\",\"item\":\"https:\\\/\\\/betterpros.com\\\/careers\\\/es\\\/arquitectura\\\/revit\\\/\"},{\"@type\":\"ListItem\",\"position\":5,\"name\":\"Arquitecto\\\/a Revit Semi Senior (Part Time, Texas)\"}]},{\"@type\":\"WebSite\",\"@id\":\"https:\\\/\\\/betterpros.com\\\/careers\\\/es\\\/#website\",\"url\":\"https:\\\/\\\/betterpros.com\\\/careers\\\/es\\\/\",\"name\":\"BetterPros Careers\",\"description\":\"Find a job in BetterPros Career Site\",\"publisher\":{\"@id\":\"https:\\\/\\\/betterpros.com\\\/careers\\\/es\\\/#organization\"},\"potentialAction\":[{\"@type\":\"SearchAction\",\"target\":{\"@type\":\"EntryPoint\",\"urlTemplate\":\"https:\\\/\\\/betterpros.com\\\/careers\\\/es\\\/?s={search_term_string}\"},\"query-input\":{\"@type\":\"PropertyValueSpecification\",\"valueRequired\":true,\"valueName\":\"search_term_string\"}}],\"inLanguage\":\"es\"},{\"@type\":\"Organization\",\"@id\":\"https:\\\/\\\/betterpros.com\\\/careers\\\/es\\\/#organization\",\"name\":\"BetterPros Careers\",\"url\":\"https:\\\/\\\/betterpros.com\\\/careers\\\/es\\\/\",\"logo\":{\"@type\":\"ImageObject\",\"inLanguage\":\"es\",\"@id\":\"https:\\\/\\\/betterpros.com\\\/careers\\\/es\\\/#\\\/schema\\\/logo\\\/image\\\/\",\"url\":\"https:\\\/\\\/betterpros.com\\\/careers\\\/wp-content\\\/uploads\\\/2023\\\/03\\\/betterpros-logo.png\",\"contentUrl\":\"https:\\\/\\\/betterpros.com\\\/careers\\\/wp-content\\\/uploads\\\/2023\\\/03\\\/betterpros-logo.png\",\"width\":1666,\"height\":491,\"caption\":\"BetterPros Careers\"},\"image\":{\"@id\":\"https:\\\/\\\/betterpros.com\\\/careers\\\/es\\\/#\\\/schema\\\/logo\\\/image\\\/\"},\"sameAs\":[\"https:\\\/\\\/www.facebook.com\\\/Better-Pros-105415752069554\",\"https:\\\/\\\/www.instagram.com\\\/betterpros\\\/\",\"https:\\\/\\\/www.linkedin.com\\\/company\\\/betterpros\\\/\"]}]}<\/script>\n<!-- \/ Yoast SEO plugin. -->","yoast_head_json":{"title":"Arquitecto\/a Revit Semi Senior (Part Time, Texas)","description":"Transforma tu experiencia arquitect\u00f3nica en dise\u00f1os impactantes con BetterPros. Trabaja en proyectos residenciales asegurando precisi\u00f3n y consistencia en la documentaci\u00f3n arquitect\u00f3nica.","robots":{"index":"index","follow":"follow","max-snippet":"max-snippet:-1","max-image-preview":"max-image-preview:large","max-video-preview":"max-video-preview:-1"},"canonical":"https:\/\/betterpros.com\/careers\/es\/arquitectura\/revit\/arquitecto-a-revit-semi-senior-part-time-texas\/","og_locale":"es_ES","og_type":"article","og_title":"Arquitecto\/a Revit Semi Senior (Part Time, Texas)","og_description":"Transforma tu experiencia arquitect\u00f3nica en dise\u00f1os impactantes con BetterPros. Trabaja en proyectos residenciales asegurando precisi\u00f3n y consistencia en la documentaci\u00f3n arquitect\u00f3nica.","og_url":"https:\/\/betterpros.com\/careers\/es\/arquitectura\/revit\/arquitecto-a-revit-semi-senior-part-time-texas\/","og_site_name":"Careers","article_publisher":"https:\/\/www.facebook.com\/Better-Pros-105415752069554","article_modified_time":"2026-02-04T17:26:22+00:00","og_image":[{"url":"https:\/\/betterpros.com\/careers\/wp-content\/uploads\/2023\/05\/gif-carrer-1.gif","width":720,"height":405,"type":"image\/gif"}],"twitter_card":"summary_large_image","twitter_misc":{"Tiempo de lectura":"2 minutos"},"schema":{"@context":"https:\/\/schema.org","@graph":[{"@type":"WebPage","@id":"https:\/\/betterpros.com\/careers\/es\/arquitectura\/revit\/arquitecto-a-revit-semi-senior-part-time-texas\/","url":"https:\/\/betterpros.com\/careers\/es\/arquitectura\/revit\/arquitecto-a-revit-semi-senior-part-time-texas\/","name":"Arquitecto\/a Revit Semi Senior (Part Time, Texas)","isPartOf":{"@id":"https:\/\/betterpros.com\/careers\/es\/#website"},"primaryImageOfPage":{"@id":"https:\/\/betterpros.com\/careers\/es\/arquitectura\/revit\/arquitecto-a-revit-semi-senior-part-time-texas\/#primaryimage"},"image":{"@id":"https:\/\/betterpros.com\/careers\/es\/arquitectura\/revit\/arquitecto-a-revit-semi-senior-part-time-texas\/#primaryimage"},"thumbnailUrl":"https:\/\/betterpros.com\/careers\/wp-content\/uploads\/2024\/11\/Engineering-1.png","datePublished":"2026-02-04T14:42:58+00:00","dateModified":"2026-02-04T17:26:22+00:00","description":"Transforma tu experiencia arquitect\u00f3nica en dise\u00f1os impactantes con BetterPros. Trabaja en proyectos residenciales asegurando precisi\u00f3n y consistencia en la documentaci\u00f3n arquitect\u00f3nica.","breadcrumb":{"@id":"https:\/\/betterpros.com\/careers\/es\/arquitectura\/revit\/arquitecto-a-revit-semi-senior-part-time-texas\/#breadcrumb"},"inLanguage":"es","potentialAction":[{"@type":"ReadAction","target":["https:\/\/betterpros.com\/careers\/es\/arquitectura\/revit\/arquitecto-a-revit-semi-senior-part-time-texas\/"]}]},{"@type":"ImageObject","inLanguage":"es","@id":"https:\/\/betterpros.com\/careers\/es\/arquitectura\/revit\/arquitecto-a-revit-semi-senior-part-time-texas\/#primaryimage","url":"https:\/\/betterpros.com\/careers\/wp-content\/uploads\/2024\/11\/Engineering-1.png","contentUrl":"https:\/\/betterpros.com\/careers\/wp-content\/uploads\/2024\/11\/Engineering-1.png","width":783,"height":523},{"@type":"BreadcrumbList","@id":"https:\/\/betterpros.com\/careers\/es\/arquitectura\/revit\/arquitecto-a-revit-semi-senior-part-time-texas\/#breadcrumb","itemListElement":[{"@type":"ListItem","position":1,"name":"Home","item":"https:\/\/betterpros.com\/careers\/es\/"},{"@type":"ListItem","position":2,"name":"Carreras","item":"https:\/\/betterpros.com\/careers\/es\/career\/"},{"@type":"ListItem","position":3,"name":"Arquitectura","item":"https:\/\/betterpros.com\/careers\/es\/arquitectura\/"},{"@type":"ListItem","position":4,"name":"Revit","item":"https:\/\/betterpros.com\/careers\/es\/arquitectura\/revit\/"},{"@type":"ListItem","position":5,"name":"Arquitecto\/a Revit Semi Senior (Part Time, Texas)"}]},{"@type":"WebSite","@id":"https:\/\/betterpros.com\/careers\/es\/#website","url":"https:\/\/betterpros.com\/careers\/es\/","name":"BetterPros Careers","description":"Find a job in BetterPros Career Site","publisher":{"@id":"https:\/\/betterpros.com\/careers\/es\/#organization"},"potentialAction":[{"@type":"SearchAction","target":{"@type":"EntryPoint","urlTemplate":"https:\/\/betterpros.com\/careers\/es\/?s={search_term_string}"},"query-input":{"@type":"PropertyValueSpecification","valueRequired":true,"valueName":"search_term_string"}}],"inLanguage":"es"},{"@type":"Organization","@id":"https:\/\/betterpros.com\/careers\/es\/#organization","name":"BetterPros Careers","url":"https:\/\/betterpros.com\/careers\/es\/","logo":{"@type":"ImageObject","inLanguage":"es","@id":"https:\/\/betterpros.com\/careers\/es\/#\/schema\/logo\/image\/","url":"https:\/\/betterpros.com\/careers\/wp-content\/uploads\/2023\/03\/betterpros-logo.png","contentUrl":"https:\/\/betterpros.com\/careers\/wp-content\/uploads\/2023\/03\/betterpros-logo.png","width":1666,"height":491,"caption":"BetterPros Careers"},"image":{"@id":"https:\/\/betterpros.com\/careers\/es\/#\/schema\/logo\/image\/"},"sameAs":["https:\/\/www.facebook.com\/Better-Pros-105415752069554","https:\/\/www.instagram.com\/betterpros\/","https:\/\/www.linkedin.com\/company\/betterpros\/"]}]}},"_links":{"self":[{"href":"https:\/\/betterpros.com\/careers\/es\/wp-json\/wp\/v2\/product\/35600","targetHints":{"allow":["GET"]}}],"collection":[{"href":"https:\/\/betterpros.com\/careers\/es\/wp-json\/wp\/v2\/product"}],"about":[{"href":"https:\/\/betterpros.com\/careers\/es\/wp-json\/wp\/v2\/types\/product"}],"version-history":[{"count":5,"href":"https:\/\/betterpros.com\/careers\/es\/wp-json\/wp\/v2\/product\/35600\/revisions"}],"predecessor-version":[{"id":35609,"href":"https:\/\/betterpros.com\/careers\/es\/wp-json\/wp\/v2\/product\/35600\/revisions\/35609"}],"wp:featuredmedia":[{"embeddable":true,"href":"https:\/\/betterpros.com\/careers\/es\/wp-json\/wp\/v2\/media\/13927"}],"wp:attachment":[{"href":"https:\/\/betterpros.com\/careers\/es\/wp-json\/wp\/v2\/media?parent=35600"}],"wp:term":[{"taxonomy":"product_brand","embeddable":true,"href":"https:\/\/betterpros.com\/careers\/es\/wp-json\/wp\/v2\/product_brand?post=35600"},{"taxonomy":"product_cat","embeddable":true,"href":"https:\/\/betterpros.com\/careers\/es\/wp-json\/wp\/v2\/product_cat?post=35600"},{"taxonomy":"product_tag","embeddable":true,"href":"https:\/\/betterpros.com\/careers\/es\/wp-json\/wp\/v2\/product_tag?post=35600"},{"taxonomy":"framework","embeddable":true,"href":"https:\/\/betterpros.com\/careers\/es\/wp-json\/wp\/v2\/framework?post=35600"},{"taxonomy":"expertise","embeddable":true,"href":"https:\/\/betterpros.com\/careers\/es\/wp-json\/wp\/v2\/expertise?post=35600"},{"taxonomy":"field","embeddable":true,"href":"https:\/\/betterpros.com\/careers\/es\/wp-json\/wp\/v2\/field?post=35600"},{"taxonomy":"software","embeddable":true,"href":"https:\/\/betterpros.com\/careers\/es\/wp-json\/wp\/v2\/software?post=35600"},{"taxonomy":"product-category","embeddable":true,"href":"https:\/\/betterpros.com\/careers\/es\/wp-json\/wp\/v2\/product-category?post=35600"}],"curies":[{"name":"wp","href":"https:\/\/api.w.org\/{rel}","templated":true}]}}