{"id":35831,"date":"2026-02-25T14:10:03","date_gmt":"2026-02-25T17:10:03","guid":{"rendered":"https:\/\/betterpros.com\/careers\/?post_type=product&#038;p=35831"},"modified":"2026-02-25T14:17:14","modified_gmt":"2026-02-25T17:17:14","slug":"structural-designer-part-time-utah","status":"publish","type":"product","link":"https:\/\/betterpros.com\/careers\/es\/ingenieria\/structural-designer-part-time-utah\/","title":{"rendered":"Structural Designer (Part Time, Utah)"},"excerpt":{"rendered":"<p>\u00danete a BetterPros como <b>Ingeniero Civil Senior (Full Time, Idaho)<\/b>. \u00a1Aplic\u00e1 ahora!<\/p>\n<p><button style=\"background-color: #26d0b2;\"><a style=\"text-decoration: none; color: white;\" href=\"https:\/\/career.betterpros.com\/jobs\/mechanical-plumbing-engineer-flex-arizona?displayed_form=true\" target=\"_blank\" rel=\"noopener\">Aplic\u00e1 ahora<\/a><\/button><\/p>\n","protected":false},"featured_media":0,"template":"","meta":{"content-type":"","footnotes":""},"product_brand":[],"product_cat":[197,179,173],"product_tag":[],"framework":[],"expertise":[],"field":[],"software":[481],"product-category":[],"class_list":{"0":"post-35831","1":"product","2":"type-product","3":"status-publish","5":"product_cat-ingenieria","6":"product_cat-posiciones-unicas","7":"product_cat-senior","8":"software-autocad","10":"first","11":"instock","12":"shipping-taxable","13":"product-type-simple"},"yoast_head":"<!-- This site is optimized with the Yoast SEO plugin v27.2 - https:\/\/yoast.com\/product\/yoast-seo-wordpress\/ -->\n<title>Structural Designer (Part Time, Utah)<\/title>\n<meta name=\"description\" content=\"Explora una oportunidad flexible en BetterPros. Como Structural Designer, dar\u00e1s vida a conceptos de ingenier\u00eda, asegurando precisi\u00f3n y cumplimiento de normas en un entorno remoto.\" \/>\n<meta name=\"robots\" content=\"index, follow, max-snippet:-1, max-image-preview:large, max-video-preview:-1\" \/>\n<link rel=\"canonical\" href=\"https:\/\/betterpros.com\/careers\/es\/ingenieria\/structural-designer-part-time-utah\/\" \/>\n<meta property=\"og:locale\" content=\"es_ES\" \/>\n<meta property=\"og:type\" content=\"article\" \/>\n<meta property=\"og:title\" content=\"Structural Designer (Part Time, Utah)\" \/>\n<meta property=\"og:description\" content=\"Explora una oportunidad flexible en BetterPros. Como Structural Designer, dar\u00e1s vida a conceptos de ingenier\u00eda, asegurando precisi\u00f3n y cumplimiento de normas en un entorno remoto.\" \/>\n<meta property=\"og:url\" content=\"https:\/\/betterpros.com\/careers\/es\/ingenieria\/structural-designer-part-time-utah\/\" \/>\n<meta property=\"og:site_name\" content=\"Careers\" \/>\n<meta property=\"article:publisher\" content=\"https:\/\/www.facebook.com\/Better-Pros-105415752069554\" \/>\n<meta property=\"article:modified_time\" content=\"2026-02-25T17:17:14+00:00\" \/>\n<meta property=\"og:image\" content=\"https:\/\/betterpros.com\/careers\/wp-content\/uploads\/2023\/05\/gif-carrer.gif\" \/>\n\t<meta property=\"og:image:width\" content=\"720\" \/>\n\t<meta property=\"og:image:height\" content=\"405\" \/>\n\t<meta property=\"og:image:type\" content=\"image\/gif\" \/>\n<meta name=\"twitter:card\" content=\"summary_large_image\" \/>\n<meta name=\"twitter:title\" content=\"Ingeniero Civil Senior.\" \/>\n<meta name=\"twitter:description\" content=\"\u00danete a BetterPros como Ingeniero Civil Senior. \u00a1Aplic\u00e1 ahora!\" \/>\n<meta name=\"twitter:image\" content=\"https:\/\/betterpros.com\/careers\/wp-content\/uploads\/2023\/03\/Civil-Engineer-Roadways-1-1024x683.webp\" \/>\n<meta name=\"twitter:label1\" content=\"Tiempo de lectura\" \/>\n\t<meta name=\"twitter:data1\" content=\"2 minutos\" \/>\n<script type=\"application\/ld+json\" class=\"yoast-schema-graph\">{\"@context\":\"https:\/\/schema.org\",\"@graph\":[{\"@type\":\"WebPage\",\"@id\":\"https:\/\/betterpros.com\/careers\/es\/ingenieria\/structural-designer-part-time-utah\/\",\"url\":\"https:\/\/betterpros.com\/careers\/es\/ingenieria\/structural-designer-part-time-utah\/\",\"name\":\"Structural Designer (Part Time, Utah)\",\"isPartOf\":{\"@id\":\"https:\/\/betterpros.com\/careers\/es\/#website\"},\"datePublished\":\"2026-02-25T17:10:03+00:00\",\"dateModified\":\"2026-02-25T17:17:14+00:00\",\"description\":\"Explora una oportunidad flexible en BetterPros. Como Structural Designer, dar\u00e1s vida a conceptos de ingenier\u00eda, asegurando precisi\u00f3n y cumplimiento de normas en un entorno remoto.\",\"breadcrumb\":{\"@id\":\"https:\/\/betterpros.com\/careers\/es\/ingenieria\/structural-designer-part-time-utah\/#breadcrumb\"},\"inLanguage\":\"es\",\"potentialAction\":[{\"@type\":\"ReadAction\",\"target\":[\"https:\/\/betterpros.com\/careers\/es\/ingenieria\/structural-designer-part-time-utah\/\"]}]},{\"@type\":\"BreadcrumbList\",\"@id\":\"https:\/\/betterpros.com\/careers\/es\/ingenieria\/structural-designer-part-time-utah\/#breadcrumb\",\"itemListElement\":[{\"@type\":\"ListItem\",\"position\":1,\"name\":\"Home\",\"item\":\"https:\/\/betterpros.com\/careers\/es\/\"},{\"@type\":\"ListItem\",\"position\":2,\"name\":\"Carreras\",\"item\":\"https:\/\/betterpros.com\/careers\/es\/career\/\"},{\"@type\":\"ListItem\",\"position\":3,\"name\":\"Ingenier\u00eda\",\"item\":\"https:\/\/betterpros.com\/careers\/es\/ingenieria\/\"},{\"@type\":\"ListItem\",\"position\":4,\"name\":\"Structural Designer (Part Time, Utah)\"}]},{\"@type\":\"WebSite\",\"@id\":\"https:\/\/betterpros.com\/careers\/es\/#website\",\"url\":\"https:\/\/betterpros.com\/careers\/es\/\",\"name\":\"BetterPros Careers\",\"description\":\"Find a job in BetterPros Career Site\",\"publisher\":{\"@id\":\"https:\/\/betterpros.com\/careers\/es\/#organization\"},\"potentialAction\":[{\"@type\":\"SearchAction\",\"target\":{\"@type\":\"EntryPoint\",\"urlTemplate\":\"https:\/\/betterpros.com\/careers\/es\/?s={search_term_string}\"},\"query-input\":{\"@type\":\"PropertyValueSpecification\",\"valueRequired\":true,\"valueName\":\"search_term_string\"}}],\"inLanguage\":\"es\"},{\"@type\":\"Organization\",\"@id\":\"https:\/\/betterpros.com\/careers\/es\/#organization\",\"name\":\"BetterPros Careers\",\"url\":\"https:\/\/betterpros.com\/careers\/es\/\",\"logo\":{\"@type\":\"ImageObject\",\"inLanguage\":\"es\",\"@id\":\"https:\/\/betterpros.com\/careers\/es\/#\/schema\/logo\/image\/\",\"url\":\"https:\/\/betterpros.com\/careers\/wp-content\/uploads\/2023\/03\/betterpros-logo.png\",\"contentUrl\":\"https:\/\/betterpros.com\/careers\/wp-content\/uploads\/2023\/03\/betterpros-logo.png\",\"width\":1666,\"height\":491,\"caption\":\"BetterPros Careers\"},\"image\":{\"@id\":\"https:\/\/betterpros.com\/careers\/es\/#\/schema\/logo\/image\/\"},\"sameAs\":[\"https:\/\/www.facebook.com\/Better-Pros-105415752069554\",\"https:\/\/www.instagram.com\/betterpros\/\",\"https:\/\/www.linkedin.com\/company\/betterpros\/\"]}]}<\/script>\n<!-- \/ Yoast SEO plugin. -->","yoast_head_json":{"title":"Structural Designer (Part Time, Utah)","description":"Explora una oportunidad flexible en BetterPros. Como Structural Designer, dar\u00e1s vida a conceptos de ingenier\u00eda, asegurando precisi\u00f3n y cumplimiento de normas en un entorno remoto.","robots":{"index":"index","follow":"follow","max-snippet":"max-snippet:-1","max-image-preview":"max-image-preview:large","max-video-preview":"max-video-preview:-1"},"canonical":"https:\/\/betterpros.com\/careers\/es\/ingenieria\/structural-designer-part-time-utah\/","og_locale":"es_ES","og_type":"article","og_title":"Structural Designer (Part Time, Utah)","og_description":"Explora una oportunidad flexible en BetterPros. Como Structural Designer, dar\u00e1s vida a conceptos de ingenier\u00eda, asegurando precisi\u00f3n y cumplimiento de normas en un entorno remoto.","og_url":"https:\/\/betterpros.com\/careers\/es\/ingenieria\/structural-designer-part-time-utah\/","og_site_name":"Careers","article_publisher":"https:\/\/www.facebook.com\/Better-Pros-105415752069554","article_modified_time":"2026-02-25T17:17:14+00:00","og_image":[{"url":"https:\/\/betterpros.com\/careers\/wp-content\/uploads\/2023\/05\/gif-carrer.gif","width":720,"height":405,"type":"image\/gif"}],"twitter_card":"summary_large_image","twitter_title":"Ingeniero Civil Senior.","twitter_description":"\u00danete a BetterPros como Ingeniero Civil Senior. \u00a1Aplic\u00e1 ahora!","twitter_image":"https:\/\/betterpros.com\/careers\/wp-content\/uploads\/2023\/03\/Civil-Engineer-Roadways-1-1024x683.webp","twitter_misc":{"Tiempo de lectura":"2 minutos"},"schema":{"@context":"https:\/\/schema.org","@graph":[{"@type":"WebPage","@id":"https:\/\/betterpros.com\/careers\/es\/ingenieria\/structural-designer-part-time-utah\/","url":"https:\/\/betterpros.com\/careers\/es\/ingenieria\/structural-designer-part-time-utah\/","name":"Structural Designer (Part Time, Utah)","isPartOf":{"@id":"https:\/\/betterpros.com\/careers\/es\/#website"},"datePublished":"2026-02-25T17:10:03+00:00","dateModified":"2026-02-25T17:17:14+00:00","description":"Explora una oportunidad flexible en BetterPros. Como Structural Designer, dar\u00e1s vida a conceptos de ingenier\u00eda, asegurando precisi\u00f3n y cumplimiento de normas en un entorno remoto.","breadcrumb":{"@id":"https:\/\/betterpros.com\/careers\/es\/ingenieria\/structural-designer-part-time-utah\/#breadcrumb"},"inLanguage":"es","potentialAction":[{"@type":"ReadAction","target":["https:\/\/betterpros.com\/careers\/es\/ingenieria\/structural-designer-part-time-utah\/"]}]},{"@type":"BreadcrumbList","@id":"https:\/\/betterpros.com\/careers\/es\/ingenieria\/structural-designer-part-time-utah\/#breadcrumb","itemListElement":[{"@type":"ListItem","position":1,"name":"Home","item":"https:\/\/betterpros.com\/careers\/es\/"},{"@type":"ListItem","position":2,"name":"Carreras","item":"https:\/\/betterpros.com\/careers\/es\/career\/"},{"@type":"ListItem","position":3,"name":"Ingenier\u00eda","item":"https:\/\/betterpros.com\/careers\/es\/ingenieria\/"},{"@type":"ListItem","position":4,"name":"Structural Designer (Part Time, Utah)"}]},{"@type":"WebSite","@id":"https:\/\/betterpros.com\/careers\/es\/#website","url":"https:\/\/betterpros.com\/careers\/es\/","name":"BetterPros Careers","description":"Find a job in BetterPros Career Site","publisher":{"@id":"https:\/\/betterpros.com\/careers\/es\/#organization"},"potentialAction":[{"@type":"SearchAction","target":{"@type":"EntryPoint","urlTemplate":"https:\/\/betterpros.com\/careers\/es\/?s={search_term_string}"},"query-input":{"@type":"PropertyValueSpecification","valueRequired":true,"valueName":"search_term_string"}}],"inLanguage":"es"},{"@type":"Organization","@id":"https:\/\/betterpros.com\/careers\/es\/#organization","name":"BetterPros Careers","url":"https:\/\/betterpros.com\/careers\/es\/","logo":{"@type":"ImageObject","inLanguage":"es","@id":"https:\/\/betterpros.com\/careers\/es\/#\/schema\/logo\/image\/","url":"https:\/\/betterpros.com\/careers\/wp-content\/uploads\/2023\/03\/betterpros-logo.png","contentUrl":"https:\/\/betterpros.com\/careers\/wp-content\/uploads\/2023\/03\/betterpros-logo.png","width":1666,"height":491,"caption":"BetterPros Careers"},"image":{"@id":"https:\/\/betterpros.com\/careers\/es\/#\/schema\/logo\/image\/"},"sameAs":["https:\/\/www.facebook.com\/Better-Pros-105415752069554","https:\/\/www.instagram.com\/betterpros\/","https:\/\/www.linkedin.com\/company\/betterpros\/"]}]}},"_links":{"self":[{"href":"https:\/\/betterpros.com\/careers\/es\/wp-json\/wp\/v2\/product\/35831","targetHints":{"allow":["GET"]}}],"collection":[{"href":"https:\/\/betterpros.com\/careers\/es\/wp-json\/wp\/v2\/product"}],"about":[{"href":"https:\/\/betterpros.com\/careers\/es\/wp-json\/wp\/v2\/types\/product"}],"version-history":[{"count":3,"href":"https:\/\/betterpros.com\/careers\/es\/wp-json\/wp\/v2\/product\/35831\/revisions"}],"predecessor-version":[{"id":35836,"href":"https:\/\/betterpros.com\/careers\/es\/wp-json\/wp\/v2\/product\/35831\/revisions\/35836"}],"wp:attachment":[{"href":"https:\/\/betterpros.com\/careers\/es\/wp-json\/wp\/v2\/media?parent=35831"}],"wp:term":[{"taxonomy":"product_brand","embeddable":true,"href":"https:\/\/betterpros.com\/careers\/es\/wp-json\/wp\/v2\/product_brand?post=35831"},{"taxonomy":"product_cat","embeddable":true,"href":"https:\/\/betterpros.com\/careers\/es\/wp-json\/wp\/v2\/product_cat?post=35831"},{"taxonomy":"product_tag","embeddable":true,"href":"https:\/\/betterpros.com\/careers\/es\/wp-json\/wp\/v2\/product_tag?post=35831"},{"taxonomy":"framework","embeddable":true,"href":"https:\/\/betterpros.com\/careers\/es\/wp-json\/wp\/v2\/framework?post=35831"},{"taxonomy":"expertise","embeddable":true,"href":"https:\/\/betterpros.com\/careers\/es\/wp-json\/wp\/v2\/expertise?post=35831"},{"taxonomy":"field","embeddable":true,"href":"https:\/\/betterpros.com\/careers\/es\/wp-json\/wp\/v2\/field?post=35831"},{"taxonomy":"software","embeddable":true,"href":"https:\/\/betterpros.com\/careers\/es\/wp-json\/wp\/v2\/software?post=35831"},{"taxonomy":"product-category","embeddable":true,"href":"https:\/\/betterpros.com\/careers\/es\/wp-json\/wp\/v2\/product-category?post=35831"}],"curies":[{"name":"wp","href":"https:\/\/api.w.org\/{rel}","templated":true}]}}