{"id":35839,"date":"2026-02-26T11:24:25","date_gmt":"2026-02-26T14:24:25","guid":{"rendered":"https:\/\/betterpros.com\/careers\/?post_type=product&#038;p=35839"},"modified":"2026-02-26T11:33:16","modified_gmt":"2026-02-26T14:33:16","slug":"automation-specialist-part-time-california","status":"publish","type":"product","link":"https:\/\/betterpros.com\/careers\/es\/arquitectura\/automation-specialist-part-time-california\/","title":{"rendered":"Automation Specialist (Part-Time, California)"},"excerpt":{"rendered":"","protected":false},"featured_media":13927,"template":"","meta":{"content-type":"","footnotes":""},"product_brand":[],"product_cat":[168,797,179,173],"product_tag":[],"framework":[811],"expertise":[],"field":[],"software":[628,812,626],"product-category":[],"class_list":{"0":"post-35839","1":"product","2":"type-product","3":"status-publish","4":"has-post-thumbnail","6":"product_cat-arquitectura","7":"product_cat-posicion-tomada","8":"product_cat-posiciones-unicas","9":"product_cat-senior","10":"framework-notion","11":"software-dynamo","12":"software-notion","13":"software-revit","15":"first","16":"instock","17":"shipping-taxable","18":"product-type-simple"},"yoast_head":"<!-- This site is optimized with the Yoast SEO plugin v27.2 - https:\/\/yoast.com\/product\/yoast-seo-wordpress\/ -->\n<title>Automation Specialist (Part-Time, California)<\/title>\n<meta name=\"description\" content=\"\u00a1\u00danete a BetterPros como Automation Specialist! Trabaja de forma remota desde California, enfoc\u00e1ndote en optimizar flujos de trabajo e implementar soluciones de automatizaci\u00f3n para proyectos arquitect\u00f3nicos. \u00a1Aplica ahora!\" \/>\n<meta name=\"robots\" content=\"index, follow, max-snippet:-1, max-image-preview:large, max-video-preview:-1\" \/>\n<link rel=\"canonical\" href=\"https:\/\/betterpros.com\/careers\/es\/arquitectura\/automation-specialist-part-time-california\/\" \/>\n<meta property=\"og:locale\" content=\"es_ES\" \/>\n<meta property=\"og:type\" content=\"article\" \/>\n<meta property=\"og:title\" content=\"Automation Specialist (Part-Time, California)\" \/>\n<meta property=\"og:description\" content=\"\u00a1\u00danete a BetterPros como Automation Specialist! Trabaja de forma remota desde California, enfoc\u00e1ndote en optimizar flujos de trabajo e implementar soluciones de automatizaci\u00f3n para proyectos arquitect\u00f3nicos. \u00a1Aplica ahora!\" \/>\n<meta property=\"og:url\" content=\"https:\/\/betterpros.com\/careers\/es\/arquitectura\/automation-specialist-part-time-california\/\" \/>\n<meta property=\"og:site_name\" content=\"Careers\" \/>\n<meta property=\"article:publisher\" content=\"https:\/\/www.facebook.com\/Better-Pros-105415752069554\" \/>\n<meta property=\"article:modified_time\" content=\"2026-02-26T14:33:16+00:00\" \/>\n<meta property=\"og:image\" content=\"https:\/\/betterpros.com\/careers\/wp-content\/uploads\/2023\/05\/gif-carrer-1.gif\" \/>\n\t<meta property=\"og:image:width\" content=\"720\" \/>\n\t<meta property=\"og:image:height\" content=\"405\" \/>\n\t<meta property=\"og:image:type\" content=\"image\/gif\" \/>\n<meta name=\"twitter:card\" content=\"summary_large_image\" \/>\n<meta name=\"twitter:label1\" content=\"Tiempo de lectura\" \/>\n\t<meta name=\"twitter:data1\" content=\"2 minutos\" \/>\n<script type=\"application\/ld+json\" class=\"yoast-schema-graph\">{\"@context\":\"https:\/\/schema.org\",\"@graph\":[{\"@type\":\"WebPage\",\"@id\":\"https:\/\/betterpros.com\/careers\/es\/arquitectura\/automation-specialist-part-time-california\/\",\"url\":\"https:\/\/betterpros.com\/careers\/es\/arquitectura\/automation-specialist-part-time-california\/\",\"name\":\"Automation Specialist (Part-Time, California)\",\"isPartOf\":{\"@id\":\"https:\/\/betterpros.com\/careers\/es\/#website\"},\"primaryImageOfPage\":{\"@id\":\"https:\/\/betterpros.com\/careers\/es\/arquitectura\/automation-specialist-part-time-california\/#primaryimage\"},\"image\":{\"@id\":\"https:\/\/betterpros.com\/careers\/es\/arquitectura\/automation-specialist-part-time-california\/#primaryimage\"},\"thumbnailUrl\":\"https:\/\/betterpros.com\/careers\/wp-content\/uploads\/2024\/11\/Engineering-1.png\",\"datePublished\":\"2026-02-26T14:24:25+00:00\",\"dateModified\":\"2026-02-26T14:33:16+00:00\",\"description\":\"\u00a1\u00danete a BetterPros como Automation Specialist! Trabaja de forma remota desde California, enfoc\u00e1ndote en optimizar flujos de trabajo e implementar soluciones de automatizaci\u00f3n para proyectos arquitect\u00f3nicos. \u00a1Aplica ahora!\",\"breadcrumb\":{\"@id\":\"https:\/\/betterpros.com\/careers\/es\/arquitectura\/automation-specialist-part-time-california\/#breadcrumb\"},\"inLanguage\":\"es\",\"potentialAction\":[{\"@type\":\"ReadAction\",\"target\":[\"https:\/\/betterpros.com\/careers\/es\/arquitectura\/automation-specialist-part-time-california\/\"]}]},{\"@type\":\"ImageObject\",\"inLanguage\":\"es\",\"@id\":\"https:\/\/betterpros.com\/careers\/es\/arquitectura\/automation-specialist-part-time-california\/#primaryimage\",\"url\":\"https:\/\/betterpros.com\/careers\/wp-content\/uploads\/2024\/11\/Engineering-1.png\",\"contentUrl\":\"https:\/\/betterpros.com\/careers\/wp-content\/uploads\/2024\/11\/Engineering-1.png\",\"width\":783,\"height\":523},{\"@type\":\"BreadcrumbList\",\"@id\":\"https:\/\/betterpros.com\/careers\/es\/arquitectura\/automation-specialist-part-time-california\/#breadcrumb\",\"itemListElement\":[{\"@type\":\"ListItem\",\"position\":1,\"name\":\"Home\",\"item\":\"https:\/\/betterpros.com\/careers\/es\/\"},{\"@type\":\"ListItem\",\"position\":2,\"name\":\"Carreras\",\"item\":\"https:\/\/betterpros.com\/careers\/es\/career\/\"},{\"@type\":\"ListItem\",\"position\":3,\"name\":\"Arquitectura\",\"item\":\"https:\/\/betterpros.com\/careers\/es\/arquitectura\/\"},{\"@type\":\"ListItem\",\"position\":4,\"name\":\"Automation Specialist (Part-Time, California)\"}]},{\"@type\":\"WebSite\",\"@id\":\"https:\/\/betterpros.com\/careers\/es\/#website\",\"url\":\"https:\/\/betterpros.com\/careers\/es\/\",\"name\":\"BetterPros Careers\",\"description\":\"Find a job in BetterPros Career Site\",\"publisher\":{\"@id\":\"https:\/\/betterpros.com\/careers\/es\/#organization\"},\"potentialAction\":[{\"@type\":\"SearchAction\",\"target\":{\"@type\":\"EntryPoint\",\"urlTemplate\":\"https:\/\/betterpros.com\/careers\/es\/?s={search_term_string}\"},\"query-input\":{\"@type\":\"PropertyValueSpecification\",\"valueRequired\":true,\"valueName\":\"search_term_string\"}}],\"inLanguage\":\"es\"},{\"@type\":\"Organization\",\"@id\":\"https:\/\/betterpros.com\/careers\/es\/#organization\",\"name\":\"BetterPros Careers\",\"url\":\"https:\/\/betterpros.com\/careers\/es\/\",\"logo\":{\"@type\":\"ImageObject\",\"inLanguage\":\"es\",\"@id\":\"https:\/\/betterpros.com\/careers\/es\/#\/schema\/logo\/image\/\",\"url\":\"https:\/\/betterpros.com\/careers\/wp-content\/uploads\/2023\/03\/betterpros-logo.png\",\"contentUrl\":\"https:\/\/betterpros.com\/careers\/wp-content\/uploads\/2023\/03\/betterpros-logo.png\",\"width\":1666,\"height\":491,\"caption\":\"BetterPros Careers\"},\"image\":{\"@id\":\"https:\/\/betterpros.com\/careers\/es\/#\/schema\/logo\/image\/\"},\"sameAs\":[\"https:\/\/www.facebook.com\/Better-Pros-105415752069554\",\"https:\/\/www.instagram.com\/betterpros\/\",\"https:\/\/www.linkedin.com\/company\/betterpros\/\"]}]}<\/script>\n<!-- \/ Yoast SEO plugin. -->","yoast_head_json":{"title":"Automation Specialist (Part-Time, California)","description":"\u00a1\u00danete a BetterPros como Automation Specialist! Trabaja de forma remota desde California, enfoc\u00e1ndote en optimizar flujos de trabajo e implementar soluciones de automatizaci\u00f3n para proyectos arquitect\u00f3nicos. \u00a1Aplica ahora!","robots":{"index":"index","follow":"follow","max-snippet":"max-snippet:-1","max-image-preview":"max-image-preview:large","max-video-preview":"max-video-preview:-1"},"canonical":"https:\/\/betterpros.com\/careers\/es\/arquitectura\/automation-specialist-part-time-california\/","og_locale":"es_ES","og_type":"article","og_title":"Automation Specialist (Part-Time, California)","og_description":"\u00a1\u00danete a BetterPros como Automation Specialist! Trabaja de forma remota desde California, enfoc\u00e1ndote en optimizar flujos de trabajo e implementar soluciones de automatizaci\u00f3n para proyectos arquitect\u00f3nicos. \u00a1Aplica ahora!","og_url":"https:\/\/betterpros.com\/careers\/es\/arquitectura\/automation-specialist-part-time-california\/","og_site_name":"Careers","article_publisher":"https:\/\/www.facebook.com\/Better-Pros-105415752069554","article_modified_time":"2026-02-26T14:33:16+00:00","og_image":[{"url":"https:\/\/betterpros.com\/careers\/wp-content\/uploads\/2023\/05\/gif-carrer-1.gif","width":720,"height":405,"type":"image\/gif"}],"twitter_card":"summary_large_image","twitter_misc":{"Tiempo de lectura":"2 minutos"},"schema":{"@context":"https:\/\/schema.org","@graph":[{"@type":"WebPage","@id":"https:\/\/betterpros.com\/careers\/es\/arquitectura\/automation-specialist-part-time-california\/","url":"https:\/\/betterpros.com\/careers\/es\/arquitectura\/automation-specialist-part-time-california\/","name":"Automation Specialist (Part-Time, California)","isPartOf":{"@id":"https:\/\/betterpros.com\/careers\/es\/#website"},"primaryImageOfPage":{"@id":"https:\/\/betterpros.com\/careers\/es\/arquitectura\/automation-specialist-part-time-california\/#primaryimage"},"image":{"@id":"https:\/\/betterpros.com\/careers\/es\/arquitectura\/automation-specialist-part-time-california\/#primaryimage"},"thumbnailUrl":"https:\/\/betterpros.com\/careers\/wp-content\/uploads\/2024\/11\/Engineering-1.png","datePublished":"2026-02-26T14:24:25+00:00","dateModified":"2026-02-26T14:33:16+00:00","description":"\u00a1\u00danete a BetterPros como Automation Specialist! Trabaja de forma remota desde California, enfoc\u00e1ndote en optimizar flujos de trabajo e implementar soluciones de automatizaci\u00f3n para proyectos arquitect\u00f3nicos. \u00a1Aplica ahora!","breadcrumb":{"@id":"https:\/\/betterpros.com\/careers\/es\/arquitectura\/automation-specialist-part-time-california\/#breadcrumb"},"inLanguage":"es","potentialAction":[{"@type":"ReadAction","target":["https:\/\/betterpros.com\/careers\/es\/arquitectura\/automation-specialist-part-time-california\/"]}]},{"@type":"ImageObject","inLanguage":"es","@id":"https:\/\/betterpros.com\/careers\/es\/arquitectura\/automation-specialist-part-time-california\/#primaryimage","url":"https:\/\/betterpros.com\/careers\/wp-content\/uploads\/2024\/11\/Engineering-1.png","contentUrl":"https:\/\/betterpros.com\/careers\/wp-content\/uploads\/2024\/11\/Engineering-1.png","width":783,"height":523},{"@type":"BreadcrumbList","@id":"https:\/\/betterpros.com\/careers\/es\/arquitectura\/automation-specialist-part-time-california\/#breadcrumb","itemListElement":[{"@type":"ListItem","position":1,"name":"Home","item":"https:\/\/betterpros.com\/careers\/es\/"},{"@type":"ListItem","position":2,"name":"Carreras","item":"https:\/\/betterpros.com\/careers\/es\/career\/"},{"@type":"ListItem","position":3,"name":"Arquitectura","item":"https:\/\/betterpros.com\/careers\/es\/arquitectura\/"},{"@type":"ListItem","position":4,"name":"Automation Specialist (Part-Time, California)"}]},{"@type":"WebSite","@id":"https:\/\/betterpros.com\/careers\/es\/#website","url":"https:\/\/betterpros.com\/careers\/es\/","name":"BetterPros Careers","description":"Find a job in BetterPros Career Site","publisher":{"@id":"https:\/\/betterpros.com\/careers\/es\/#organization"},"potentialAction":[{"@type":"SearchAction","target":{"@type":"EntryPoint","urlTemplate":"https:\/\/betterpros.com\/careers\/es\/?s={search_term_string}"},"query-input":{"@type":"PropertyValueSpecification","valueRequired":true,"valueName":"search_term_string"}}],"inLanguage":"es"},{"@type":"Organization","@id":"https:\/\/betterpros.com\/careers\/es\/#organization","name":"BetterPros Careers","url":"https:\/\/betterpros.com\/careers\/es\/","logo":{"@type":"ImageObject","inLanguage":"es","@id":"https:\/\/betterpros.com\/careers\/es\/#\/schema\/logo\/image\/","url":"https:\/\/betterpros.com\/careers\/wp-content\/uploads\/2023\/03\/betterpros-logo.png","contentUrl":"https:\/\/betterpros.com\/careers\/wp-content\/uploads\/2023\/03\/betterpros-logo.png","width":1666,"height":491,"caption":"BetterPros Careers"},"image":{"@id":"https:\/\/betterpros.com\/careers\/es\/#\/schema\/logo\/image\/"},"sameAs":["https:\/\/www.facebook.com\/Better-Pros-105415752069554","https:\/\/www.instagram.com\/betterpros\/","https:\/\/www.linkedin.com\/company\/betterpros\/"]}]}},"_links":{"self":[{"href":"https:\/\/betterpros.com\/careers\/es\/wp-json\/wp\/v2\/product\/35839","targetHints":{"allow":["GET"]}}],"collection":[{"href":"https:\/\/betterpros.com\/careers\/es\/wp-json\/wp\/v2\/product"}],"about":[{"href":"https:\/\/betterpros.com\/careers\/es\/wp-json\/wp\/v2\/types\/product"}],"version-history":[{"count":3,"href":"https:\/\/betterpros.com\/careers\/es\/wp-json\/wp\/v2\/product\/35839\/revisions"}],"predecessor-version":[{"id":35844,"href":"https:\/\/betterpros.com\/careers\/es\/wp-json\/wp\/v2\/product\/35839\/revisions\/35844"}],"wp:featuredmedia":[{"embeddable":true,"href":"https:\/\/betterpros.com\/careers\/es\/wp-json\/wp\/v2\/media\/13927"}],"wp:attachment":[{"href":"https:\/\/betterpros.com\/careers\/es\/wp-json\/wp\/v2\/media?parent=35839"}],"wp:term":[{"taxonomy":"product_brand","embeddable":true,"href":"https:\/\/betterpros.com\/careers\/es\/wp-json\/wp\/v2\/product_brand?post=35839"},{"taxonomy":"product_cat","embeddable":true,"href":"https:\/\/betterpros.com\/careers\/es\/wp-json\/wp\/v2\/product_cat?post=35839"},{"taxonomy":"product_tag","embeddable":true,"href":"https:\/\/betterpros.com\/careers\/es\/wp-json\/wp\/v2\/product_tag?post=35839"},{"taxonomy":"framework","embeddable":true,"href":"https:\/\/betterpros.com\/careers\/es\/wp-json\/wp\/v2\/framework?post=35839"},{"taxonomy":"expertise","embeddable":true,"href":"https:\/\/betterpros.com\/careers\/es\/wp-json\/wp\/v2\/expertise?post=35839"},{"taxonomy":"field","embeddable":true,"href":"https:\/\/betterpros.com\/careers\/es\/wp-json\/wp\/v2\/field?post=35839"},{"taxonomy":"software","embeddable":true,"href":"https:\/\/betterpros.com\/careers\/es\/wp-json\/wp\/v2\/software?post=35839"},{"taxonomy":"product-category","embeddable":true,"href":"https:\/\/betterpros.com\/careers\/es\/wp-json\/wp\/v2\/product-category?post=35839"}],"curies":[{"name":"wp","href":"https:\/\/api.w.org\/{rel}","templated":true}]}}