{"id":36231,"date":"2026-04-09T15:53:22","date_gmt":"2026-04-09T18:53:22","guid":{"rendered":"https:\/\/betterpros.com\/careers\/?post_type=product&#038;p=36231"},"modified":"2026-04-10T11:37:25","modified_gmt":"2026-04-10T14:37:25","slug":"arquitecto-a-senior-revit-part-time-texas","status":"publish","type":"product","link":"https:\/\/betterpros.com\/careers\/es\/arquitectura\/arquitecto-a-senior-revit-part-time-texas\/","title":{"rendered":"Arquitecto\/a Senior Revit (Part-Time, Texas)"},"excerpt":{"rendered":"","protected":false},"featured_media":0,"template":"","meta":{"content-type":"","footnotes":""},"product_brand":[],"product_cat":[168,438],"product_tag":[],"framework":[],"expertise":[699],"field":[],"software":[660,626],"product-category":[],"class_list":{"0":"post-36231","1":"product","2":"type-product","3":"status-publish","5":"product_cat-arquitectura","6":"product_cat-revit","7":"expertise-commercial","8":"software-bluebeam","9":"software-revit","11":"first","12":"instock","13":"shipping-taxable","14":"product-type-simple"},"yoast_head":"<!-- This site is optimized with the Yoast SEO plugin v27.3 - https:\/\/yoast.com\/product\/yoast-seo-wordpress\/ -->\n<title>Arquitecto\/a Senior Revit (Part-Time, Texas)<\/title>\n<meta name=\"description\" content=\"Post\u00falate al puesto Part-Time de Arquitecto Revit Senior en Texas. Lidera el dise\u00f1o arquitect\u00f3nico, coordina proyectos complejos y gestiona modelos Revit avanzados.\" \/>\n<meta name=\"robots\" content=\"index, follow, max-snippet:-1, max-image-preview:large, max-video-preview:-1\" \/>\n<link rel=\"canonical\" href=\"https:\/\/betterpros.com\/careers\/es\/arquitectura\/arquitecto-a-senior-revit-part-time-texas\/\" \/>\n<meta property=\"og:locale\" content=\"es_ES\" \/>\n<meta property=\"og:type\" content=\"article\" \/>\n<meta property=\"og:title\" content=\"Arquitecto\/a Senior Revit (Part-Time, Texas)\" \/>\n<meta property=\"og:description\" content=\"Post\u00falate al puesto Part-Time de Arquitecto Revit Senior en Texas. Lidera el dise\u00f1o arquitect\u00f3nico, coordina proyectos complejos y gestiona modelos Revit avanzados.\" \/>\n<meta property=\"og:url\" content=\"https:\/\/betterpros.com\/careers\/es\/arquitectura\/arquitecto-a-senior-revit-part-time-texas\/\" \/>\n<meta property=\"og:site_name\" content=\"Careers\" \/>\n<meta property=\"article:publisher\" content=\"https:\/\/www.facebook.com\/Better-Pros-105415752069554\" \/>\n<meta property=\"article:modified_time\" content=\"2026-04-10T14:37:25+00:00\" \/>\n<meta property=\"og:image\" content=\"https:\/\/betterpros.com\/careers\/wp-content\/uploads\/2023\/05\/gif-carrer-1.gif\" \/>\n\t<meta property=\"og:image:width\" content=\"720\" \/>\n\t<meta property=\"og:image:height\" content=\"405\" \/>\n\t<meta property=\"og:image:type\" content=\"image\/gif\" \/>\n<meta name=\"twitter:card\" content=\"summary_large_image\" \/>\n<meta name=\"twitter:label1\" content=\"Tiempo de lectura\" \/>\n\t<meta name=\"twitter:data1\" content=\"2 minutos\" \/>\n<script type=\"application\/ld+json\" class=\"yoast-schema-graph\">{\"@context\":\"https:\\\/\\\/schema.org\",\"@graph\":[{\"@type\":\"WebPage\",\"@id\":\"https:\\\/\\\/betterpros.com\\\/careers\\\/es\\\/arquitectura\\\/arquitecto-a-senior-revit-part-time-texas\\\/\",\"url\":\"https:\\\/\\\/betterpros.com\\\/careers\\\/es\\\/arquitectura\\\/arquitecto-a-senior-revit-part-time-texas\\\/\",\"name\":\"Arquitecto\\\/a Senior Revit (Part-Time, Texas)\",\"isPartOf\":{\"@id\":\"https:\\\/\\\/betterpros.com\\\/careers\\\/es\\\/#website\"},\"datePublished\":\"2026-04-09T18:53:22+00:00\",\"dateModified\":\"2026-04-10T14:37:25+00:00\",\"description\":\"Post\u00falate al puesto Part-Time de Arquitecto Revit Senior en Texas. Lidera el dise\u00f1o arquitect\u00f3nico, coordina proyectos complejos y gestiona modelos Revit avanzados.\",\"breadcrumb\":{\"@id\":\"https:\\\/\\\/betterpros.com\\\/careers\\\/es\\\/arquitectura\\\/arquitecto-a-senior-revit-part-time-texas\\\/#breadcrumb\"},\"inLanguage\":\"es\",\"potentialAction\":[{\"@type\":\"ReadAction\",\"target\":[\"https:\\\/\\\/betterpros.com\\\/careers\\\/es\\\/arquitectura\\\/arquitecto-a-senior-revit-part-time-texas\\\/\"]}]},{\"@type\":\"BreadcrumbList\",\"@id\":\"https:\\\/\\\/betterpros.com\\\/careers\\\/es\\\/arquitectura\\\/arquitecto-a-senior-revit-part-time-texas\\\/#breadcrumb\",\"itemListElement\":[{\"@type\":\"ListItem\",\"position\":1,\"name\":\"Home\",\"item\":\"https:\\\/\\\/betterpros.com\\\/careers\\\/es\\\/\"},{\"@type\":\"ListItem\",\"position\":2,\"name\":\"Carreras\",\"item\":\"https:\\\/\\\/betterpros.com\\\/careers\\\/es\\\/career\\\/\"},{\"@type\":\"ListItem\",\"position\":3,\"name\":\"Arquitectura\",\"item\":\"https:\\\/\\\/betterpros.com\\\/careers\\\/es\\\/arquitectura\\\/\"},{\"@type\":\"ListItem\",\"position\":4,\"name\":\"Arquitecto\\\/a Senior Revit (Part-Time, Texas)\"}]},{\"@type\":\"WebSite\",\"@id\":\"https:\\\/\\\/betterpros.com\\\/careers\\\/es\\\/#website\",\"url\":\"https:\\\/\\\/betterpros.com\\\/careers\\\/es\\\/\",\"name\":\"BetterPros Careers\",\"description\":\"Find a job in BetterPros Career Site\",\"publisher\":{\"@id\":\"https:\\\/\\\/betterpros.com\\\/careers\\\/es\\\/#organization\"},\"potentialAction\":[{\"@type\":\"SearchAction\",\"target\":{\"@type\":\"EntryPoint\",\"urlTemplate\":\"https:\\\/\\\/betterpros.com\\\/careers\\\/es\\\/?s={search_term_string}\"},\"query-input\":{\"@type\":\"PropertyValueSpecification\",\"valueRequired\":true,\"valueName\":\"search_term_string\"}}],\"inLanguage\":\"es\"},{\"@type\":\"Organization\",\"@id\":\"https:\\\/\\\/betterpros.com\\\/careers\\\/es\\\/#organization\",\"name\":\"BetterPros Careers\",\"url\":\"https:\\\/\\\/betterpros.com\\\/careers\\\/es\\\/\",\"logo\":{\"@type\":\"ImageObject\",\"inLanguage\":\"es\",\"@id\":\"https:\\\/\\\/betterpros.com\\\/careers\\\/es\\\/#\\\/schema\\\/logo\\\/image\\\/\",\"url\":\"https:\\\/\\\/betterpros.com\\\/careers\\\/wp-content\\\/uploads\\\/2023\\\/03\\\/betterpros-logo.png\",\"contentUrl\":\"https:\\\/\\\/betterpros.com\\\/careers\\\/wp-content\\\/uploads\\\/2023\\\/03\\\/betterpros-logo.png\",\"width\":1666,\"height\":491,\"caption\":\"BetterPros Careers\"},\"image\":{\"@id\":\"https:\\\/\\\/betterpros.com\\\/careers\\\/es\\\/#\\\/schema\\\/logo\\\/image\\\/\"},\"sameAs\":[\"https:\\\/\\\/www.facebook.com\\\/Better-Pros-105415752069554\",\"https:\\\/\\\/www.instagram.com\\\/betterpros\\\/\",\"https:\\\/\\\/www.linkedin.com\\\/company\\\/betterpros\\\/\"]}]}<\/script>\n<!-- \/ Yoast SEO plugin. -->","yoast_head_json":{"title":"Arquitecto\/a Senior Revit (Part-Time, Texas)","description":"Post\u00falate al puesto Part-Time de Arquitecto Revit Senior en Texas. Lidera el dise\u00f1o arquitect\u00f3nico, coordina proyectos complejos y gestiona modelos Revit avanzados.","robots":{"index":"index","follow":"follow","max-snippet":"max-snippet:-1","max-image-preview":"max-image-preview:large","max-video-preview":"max-video-preview:-1"},"canonical":"https:\/\/betterpros.com\/careers\/es\/arquitectura\/arquitecto-a-senior-revit-part-time-texas\/","og_locale":"es_ES","og_type":"article","og_title":"Arquitecto\/a Senior Revit (Part-Time, Texas)","og_description":"Post\u00falate al puesto Part-Time de Arquitecto Revit Senior en Texas. Lidera el dise\u00f1o arquitect\u00f3nico, coordina proyectos complejos y gestiona modelos Revit avanzados.","og_url":"https:\/\/betterpros.com\/careers\/es\/arquitectura\/arquitecto-a-senior-revit-part-time-texas\/","og_site_name":"Careers","article_publisher":"https:\/\/www.facebook.com\/Better-Pros-105415752069554","article_modified_time":"2026-04-10T14:37:25+00:00","og_image":[{"url":"https:\/\/betterpros.com\/careers\/wp-content\/uploads\/2023\/05\/gif-carrer-1.gif","width":720,"height":405,"type":"image\/gif"}],"twitter_card":"summary_large_image","twitter_misc":{"Tiempo de lectura":"2 minutos"},"schema":{"@context":"https:\/\/schema.org","@graph":[{"@type":"WebPage","@id":"https:\/\/betterpros.com\/careers\/es\/arquitectura\/arquitecto-a-senior-revit-part-time-texas\/","url":"https:\/\/betterpros.com\/careers\/es\/arquitectura\/arquitecto-a-senior-revit-part-time-texas\/","name":"Arquitecto\/a Senior Revit (Part-Time, Texas)","isPartOf":{"@id":"https:\/\/betterpros.com\/careers\/es\/#website"},"datePublished":"2026-04-09T18:53:22+00:00","dateModified":"2026-04-10T14:37:25+00:00","description":"Post\u00falate al puesto Part-Time de Arquitecto Revit Senior en Texas. Lidera el dise\u00f1o arquitect\u00f3nico, coordina proyectos complejos y gestiona modelos Revit avanzados.","breadcrumb":{"@id":"https:\/\/betterpros.com\/careers\/es\/arquitectura\/arquitecto-a-senior-revit-part-time-texas\/#breadcrumb"},"inLanguage":"es","potentialAction":[{"@type":"ReadAction","target":["https:\/\/betterpros.com\/careers\/es\/arquitectura\/arquitecto-a-senior-revit-part-time-texas\/"]}]},{"@type":"BreadcrumbList","@id":"https:\/\/betterpros.com\/careers\/es\/arquitectura\/arquitecto-a-senior-revit-part-time-texas\/#breadcrumb","itemListElement":[{"@type":"ListItem","position":1,"name":"Home","item":"https:\/\/betterpros.com\/careers\/es\/"},{"@type":"ListItem","position":2,"name":"Carreras","item":"https:\/\/betterpros.com\/careers\/es\/career\/"},{"@type":"ListItem","position":3,"name":"Arquitectura","item":"https:\/\/betterpros.com\/careers\/es\/arquitectura\/"},{"@type":"ListItem","position":4,"name":"Arquitecto\/a Senior Revit (Part-Time, Texas)"}]},{"@type":"WebSite","@id":"https:\/\/betterpros.com\/careers\/es\/#website","url":"https:\/\/betterpros.com\/careers\/es\/","name":"BetterPros Careers","description":"Find a job in BetterPros Career Site","publisher":{"@id":"https:\/\/betterpros.com\/careers\/es\/#organization"},"potentialAction":[{"@type":"SearchAction","target":{"@type":"EntryPoint","urlTemplate":"https:\/\/betterpros.com\/careers\/es\/?s={search_term_string}"},"query-input":{"@type":"PropertyValueSpecification","valueRequired":true,"valueName":"search_term_string"}}],"inLanguage":"es"},{"@type":"Organization","@id":"https:\/\/betterpros.com\/careers\/es\/#organization","name":"BetterPros Careers","url":"https:\/\/betterpros.com\/careers\/es\/","logo":{"@type":"ImageObject","inLanguage":"es","@id":"https:\/\/betterpros.com\/careers\/es\/#\/schema\/logo\/image\/","url":"https:\/\/betterpros.com\/careers\/wp-content\/uploads\/2023\/03\/betterpros-logo.png","contentUrl":"https:\/\/betterpros.com\/careers\/wp-content\/uploads\/2023\/03\/betterpros-logo.png","width":1666,"height":491,"caption":"BetterPros Careers"},"image":{"@id":"https:\/\/betterpros.com\/careers\/es\/#\/schema\/logo\/image\/"},"sameAs":["https:\/\/www.facebook.com\/Better-Pros-105415752069554","https:\/\/www.instagram.com\/betterpros\/","https:\/\/www.linkedin.com\/company\/betterpros\/"]}]}},"_links":{"self":[{"href":"https:\/\/betterpros.com\/careers\/es\/wp-json\/wp\/v2\/product\/36231","targetHints":{"allow":["GET"]}}],"collection":[{"href":"https:\/\/betterpros.com\/careers\/es\/wp-json\/wp\/v2\/product"}],"about":[{"href":"https:\/\/betterpros.com\/careers\/es\/wp-json\/wp\/v2\/types\/product"}],"version-history":[{"count":4,"href":"https:\/\/betterpros.com\/careers\/es\/wp-json\/wp\/v2\/product\/36231\/revisions"}],"predecessor-version":[{"id":36254,"href":"https:\/\/betterpros.com\/careers\/es\/wp-json\/wp\/v2\/product\/36231\/revisions\/36254"}],"wp:attachment":[{"href":"https:\/\/betterpros.com\/careers\/es\/wp-json\/wp\/v2\/media?parent=36231"}],"wp:term":[{"taxonomy":"product_brand","embeddable":true,"href":"https:\/\/betterpros.com\/careers\/es\/wp-json\/wp\/v2\/product_brand?post=36231"},{"taxonomy":"product_cat","embeddable":true,"href":"https:\/\/betterpros.com\/careers\/es\/wp-json\/wp\/v2\/product_cat?post=36231"},{"taxonomy":"product_tag","embeddable":true,"href":"https:\/\/betterpros.com\/careers\/es\/wp-json\/wp\/v2\/product_tag?post=36231"},{"taxonomy":"framework","embeddable":true,"href":"https:\/\/betterpros.com\/careers\/es\/wp-json\/wp\/v2\/framework?post=36231"},{"taxonomy":"expertise","embeddable":true,"href":"https:\/\/betterpros.com\/careers\/es\/wp-json\/wp\/v2\/expertise?post=36231"},{"taxonomy":"field","embeddable":true,"href":"https:\/\/betterpros.com\/careers\/es\/wp-json\/wp\/v2\/field?post=36231"},{"taxonomy":"software","embeddable":true,"href":"https:\/\/betterpros.com\/careers\/es\/wp-json\/wp\/v2\/software?post=36231"},{"taxonomy":"product-category","embeddable":true,"href":"https:\/\/betterpros.com\/careers\/es\/wp-json\/wp\/v2\/product-category?post=36231"}],"curies":[{"name":"wp","href":"https:\/\/api.w.org\/{rel}","templated":true}]}}