{"id":6046,"date":"2024-05-03T08:00:04","date_gmt":"2024-05-03T11:00:04","guid":{"rendered":"https:\/\/careers.betterpros.com\/?post_type=product&#038;p=6046"},"modified":"2025-08-21T12:54:34","modified_gmt":"2025-08-21T15:54:34","slug":"disenador-ingeniero-de-energias-renovables","status":"publish","type":"product","link":"https:\/\/betterpros.com\/careers\/es\/ingenieria\/disenador-ingeniero-de-energias-renovables\/","title":{"rendered":"Dise\u00f1ador \/ Ingeniero de Energ\u00edas Renovables"},"excerpt":{"rendered":"<p>\u00danete a BetterPros como Dise\u00f1ador \/ Ingeniero de Energ\u00edas Renovables. \u00a1Aplic\u00e1 ahora!<\/p>\n<p><button style=\"background-color: #26d0b2;\"><a style=\"text-decoration: none; color: white;\" href=\"https:\/\/career.betterpros.com\/jobs\/renewable-energy-designer-engineer?utm_source=career+site&amp;utm_medium=cta&amp;utm_campaign=global&amp;displayed_form=true\" target=\"_blank\" rel=\"noopener\">Aplic\u00e1 ahora<\/a><\/button><\/p>\n","protected":false},"featured_media":13927,"template":"","meta":{"content-type":"","footnotes":""},"product_brand":[],"product_cat":[469,197,171,172],"product_tag":[],"framework":[],"expertise":[586],"field":[],"software":[481,626],"product-category":[],"class_list":{"0":"post-6046","1":"product","2":"type-product","3":"status-publish","4":"has-post-thumbnail","6":"product_cat-engineering-talent-pool-es","7":"product_cat-ingenieria","8":"product_cat-mas-demandado","9":"product_cat-semi-senior","10":"expertise-energy-efficiency","11":"software-autocad","12":"software-revit","14":"first","15":"instock","16":"shipping-taxable","17":"product-type-simple"},"yoast_head":"<!-- This site is optimized with the Yoast SEO plugin v27.3 - https:\/\/yoast.com\/product\/yoast-seo-wordpress\/ -->\n<title>Ingeniero Dise\u00f1ador de Energias Renovables (Remoto)<\/title>\n<meta name=\"description\" content=\"\u00danete como Dise\u00f1ador\/a e Ingeniero\/a de Energ\u00edas Renovables. Oportunidad para desarrollar proyectos sostenibles e innovadores. \u00a1Aplica ahora!\" \/>\n<meta name=\"robots\" content=\"index, follow, max-snippet:-1, max-image-preview:large, max-video-preview:-1\" \/>\n<link rel=\"canonical\" href=\"https:\/\/betterpros.com\/careers\/es\/ingenieria\/disenador-ingeniero-de-energias-renovables\/\" \/>\n<meta property=\"og:locale\" content=\"es_ES\" \/>\n<meta property=\"og:type\" content=\"article\" \/>\n<meta property=\"og:title\" content=\"Ingeniero Civil Senior\" \/>\n<meta property=\"og:description\" content=\"\u00bfTe apasionan las energ\u00edas renovables? Buscamos un Dise\u00f1ador\/a e Ingeniero\/a para liderar proyectos sostenibles. \u00a1Post\u00falate hoy y s\u00e9 parte del cambio!\" \/>\n<meta property=\"og:url\" content=\"https:\/\/betterpros.com\/careers\/es\/ingenieria\/disenador-ingeniero-de-energias-renovables\/\" \/>\n<meta property=\"og:site_name\" content=\"Careers\" \/>\n<meta property=\"article:publisher\" content=\"https:\/\/www.facebook.com\/Better-Pros-105415752069554\" \/>\n<meta property=\"article:modified_time\" content=\"2025-08-21T15:54:34+00:00\" \/>\n<meta property=\"og:image\" content=\"https:\/\/betterpros.com\/careers\/wp-content\/uploads\/2023\/05\/gif-carrer.gif\" \/>\n\t<meta property=\"og:image:width\" content=\"720\" \/>\n\t<meta property=\"og:image:height\" content=\"405\" \/>\n\t<meta property=\"og:image:type\" content=\"image\/gif\" \/>\n<meta name=\"twitter:card\" content=\"summary_large_image\" \/>\n<meta name=\"twitter:title\" content=\"Ingeniero Civil Senior.\" \/>\n<meta name=\"twitter:description\" content=\"\u00danete a BetterPros como Ingeniero Civil Senior. \u00a1Aplic\u00e1 ahora!\" \/>\n<meta name=\"twitter:image\" content=\"https:\/\/betterpros.com\/careers\/wp-content\/uploads\/2023\/03\/Civil-Engineer-Roadways-1-1024x683.webp\" \/>\n<meta name=\"twitter:label1\" content=\"Tiempo de lectura\" \/>\n\t<meta name=\"twitter:data1\" content=\"4 minutos\" \/>\n<script type=\"application\/ld+json\" class=\"yoast-schema-graph\">{\"@context\":\"https:\\\/\\\/schema.org\",\"@graph\":[{\"@type\":\"WebPage\",\"@id\":\"https:\\\/\\\/betterpros.com\\\/careers\\\/es\\\/ingenieria\\\/disenador-ingeniero-de-energias-renovables\\\/\",\"url\":\"https:\\\/\\\/betterpros.com\\\/careers\\\/es\\\/ingenieria\\\/disenador-ingeniero-de-energias-renovables\\\/\",\"name\":\"Ingeniero Dise\u00f1ador de Energias Renovables (Remoto)\",\"isPartOf\":{\"@id\":\"https:\\\/\\\/betterpros.com\\\/careers\\\/es\\\/#website\"},\"primaryImageOfPage\":{\"@id\":\"https:\\\/\\\/betterpros.com\\\/careers\\\/es\\\/ingenieria\\\/disenador-ingeniero-de-energias-renovables\\\/#primaryimage\"},\"image\":{\"@id\":\"https:\\\/\\\/betterpros.com\\\/careers\\\/es\\\/ingenieria\\\/disenador-ingeniero-de-energias-renovables\\\/#primaryimage\"},\"thumbnailUrl\":\"https:\\\/\\\/betterpros.com\\\/careers\\\/wp-content\\\/uploads\\\/2024\\\/11\\\/Engineering-1.png\",\"datePublished\":\"2024-05-03T11:00:04+00:00\",\"dateModified\":\"2025-08-21T15:54:34+00:00\",\"description\":\"\u00danete como Dise\u00f1ador\\\/a e Ingeniero\\\/a de Energ\u00edas Renovables. Oportunidad para desarrollar proyectos sostenibles e innovadores. \u00a1Aplica ahora!\",\"breadcrumb\":{\"@id\":\"https:\\\/\\\/betterpros.com\\\/careers\\\/es\\\/ingenieria\\\/disenador-ingeniero-de-energias-renovables\\\/#breadcrumb\"},\"inLanguage\":\"es\",\"potentialAction\":[{\"@type\":\"ReadAction\",\"target\":[\"https:\\\/\\\/betterpros.com\\\/careers\\\/es\\\/ingenieria\\\/disenador-ingeniero-de-energias-renovables\\\/\"]}]},{\"@type\":\"ImageObject\",\"inLanguage\":\"es\",\"@id\":\"https:\\\/\\\/betterpros.com\\\/careers\\\/es\\\/ingenieria\\\/disenador-ingeniero-de-energias-renovables\\\/#primaryimage\",\"url\":\"https:\\\/\\\/betterpros.com\\\/careers\\\/wp-content\\\/uploads\\\/2024\\\/11\\\/Engineering-1.png\",\"contentUrl\":\"https:\\\/\\\/betterpros.com\\\/careers\\\/wp-content\\\/uploads\\\/2024\\\/11\\\/Engineering-1.png\",\"width\":783,\"height\":523},{\"@type\":\"BreadcrumbList\",\"@id\":\"https:\\\/\\\/betterpros.com\\\/careers\\\/es\\\/ingenieria\\\/disenador-ingeniero-de-energias-renovables\\\/#breadcrumb\",\"itemListElement\":[{\"@type\":\"ListItem\",\"position\":1,\"name\":\"Home\",\"item\":\"https:\\\/\\\/betterpros.com\\\/careers\\\/es\\\/\"},{\"@type\":\"ListItem\",\"position\":2,\"name\":\"Carreras\",\"item\":\"https:\\\/\\\/betterpros.com\\\/careers\\\/es\\\/career\\\/\"},{\"@type\":\"ListItem\",\"position\":3,\"name\":\"Ingenier\u00eda\",\"item\":\"https:\\\/\\\/betterpros.com\\\/careers\\\/es\\\/ingenieria\\\/\"},{\"@type\":\"ListItem\",\"position\":4,\"name\":\"Dise\u00f1ador \\\/ Ingeniero de Energ\u00edas Renovables\"}]},{\"@type\":\"WebSite\",\"@id\":\"https:\\\/\\\/betterpros.com\\\/careers\\\/es\\\/#website\",\"url\":\"https:\\\/\\\/betterpros.com\\\/careers\\\/es\\\/\",\"name\":\"BetterPros Careers\",\"description\":\"Find a job in BetterPros Career Site\",\"publisher\":{\"@id\":\"https:\\\/\\\/betterpros.com\\\/careers\\\/es\\\/#organization\"},\"potentialAction\":[{\"@type\":\"SearchAction\",\"target\":{\"@type\":\"EntryPoint\",\"urlTemplate\":\"https:\\\/\\\/betterpros.com\\\/careers\\\/es\\\/?s={search_term_string}\"},\"query-input\":{\"@type\":\"PropertyValueSpecification\",\"valueRequired\":true,\"valueName\":\"search_term_string\"}}],\"inLanguage\":\"es\"},{\"@type\":\"Organization\",\"@id\":\"https:\\\/\\\/betterpros.com\\\/careers\\\/es\\\/#organization\",\"name\":\"BetterPros Careers\",\"url\":\"https:\\\/\\\/betterpros.com\\\/careers\\\/es\\\/\",\"logo\":{\"@type\":\"ImageObject\",\"inLanguage\":\"es\",\"@id\":\"https:\\\/\\\/betterpros.com\\\/careers\\\/es\\\/#\\\/schema\\\/logo\\\/image\\\/\",\"url\":\"https:\\\/\\\/betterpros.com\\\/careers\\\/wp-content\\\/uploads\\\/2023\\\/03\\\/betterpros-logo.png\",\"contentUrl\":\"https:\\\/\\\/betterpros.com\\\/careers\\\/wp-content\\\/uploads\\\/2023\\\/03\\\/betterpros-logo.png\",\"width\":1666,\"height\":491,\"caption\":\"BetterPros Careers\"},\"image\":{\"@id\":\"https:\\\/\\\/betterpros.com\\\/careers\\\/es\\\/#\\\/schema\\\/logo\\\/image\\\/\"},\"sameAs\":[\"https:\\\/\\\/www.facebook.com\\\/Better-Pros-105415752069554\",\"https:\\\/\\\/www.instagram.com\\\/betterpros\\\/\",\"https:\\\/\\\/www.linkedin.com\\\/company\\\/betterpros\\\/\"]}]}<\/script>\n<!-- \/ Yoast SEO plugin. -->","yoast_head_json":{"title":"Ingeniero Dise\u00f1ador de Energias Renovables (Remoto)","description":"\u00danete como Dise\u00f1ador\/a e Ingeniero\/a de Energ\u00edas Renovables. Oportunidad para desarrollar proyectos sostenibles e innovadores. \u00a1Aplica ahora!","robots":{"index":"index","follow":"follow","max-snippet":"max-snippet:-1","max-image-preview":"max-image-preview:large","max-video-preview":"max-video-preview:-1"},"canonical":"https:\/\/betterpros.com\/careers\/es\/ingenieria\/disenador-ingeniero-de-energias-renovables\/","og_locale":"es_ES","og_type":"article","og_title":"Ingeniero Civil Senior","og_description":"\u00bfTe apasionan las energ\u00edas renovables? Buscamos un Dise\u00f1ador\/a e Ingeniero\/a para liderar proyectos sostenibles. \u00a1Post\u00falate hoy y s\u00e9 parte del cambio!","og_url":"https:\/\/betterpros.com\/careers\/es\/ingenieria\/disenador-ingeniero-de-energias-renovables\/","og_site_name":"Careers","article_publisher":"https:\/\/www.facebook.com\/Better-Pros-105415752069554","article_modified_time":"2025-08-21T15:54:34+00:00","og_image":[{"url":"https:\/\/betterpros.com\/careers\/wp-content\/uploads\/2023\/05\/gif-carrer.gif","width":720,"height":405,"type":"image\/gif"}],"twitter_card":"summary_large_image","twitter_title":"Ingeniero Civil Senior.","twitter_description":"\u00danete a BetterPros como Ingeniero Civil Senior. \u00a1Aplic\u00e1 ahora!","twitter_image":"https:\/\/betterpros.com\/careers\/wp-content\/uploads\/2023\/03\/Civil-Engineer-Roadways-1-1024x683.webp","twitter_misc":{"Tiempo de lectura":"4 minutos"},"schema":{"@context":"https:\/\/schema.org","@graph":[{"@type":"WebPage","@id":"https:\/\/betterpros.com\/careers\/es\/ingenieria\/disenador-ingeniero-de-energias-renovables\/","url":"https:\/\/betterpros.com\/careers\/es\/ingenieria\/disenador-ingeniero-de-energias-renovables\/","name":"Ingeniero Dise\u00f1ador de Energias Renovables (Remoto)","isPartOf":{"@id":"https:\/\/betterpros.com\/careers\/es\/#website"},"primaryImageOfPage":{"@id":"https:\/\/betterpros.com\/careers\/es\/ingenieria\/disenador-ingeniero-de-energias-renovables\/#primaryimage"},"image":{"@id":"https:\/\/betterpros.com\/careers\/es\/ingenieria\/disenador-ingeniero-de-energias-renovables\/#primaryimage"},"thumbnailUrl":"https:\/\/betterpros.com\/careers\/wp-content\/uploads\/2024\/11\/Engineering-1.png","datePublished":"2024-05-03T11:00:04+00:00","dateModified":"2025-08-21T15:54:34+00:00","description":"\u00danete como Dise\u00f1ador\/a e Ingeniero\/a de Energ\u00edas Renovables. Oportunidad para desarrollar proyectos sostenibles e innovadores. \u00a1Aplica ahora!","breadcrumb":{"@id":"https:\/\/betterpros.com\/careers\/es\/ingenieria\/disenador-ingeniero-de-energias-renovables\/#breadcrumb"},"inLanguage":"es","potentialAction":[{"@type":"ReadAction","target":["https:\/\/betterpros.com\/careers\/es\/ingenieria\/disenador-ingeniero-de-energias-renovables\/"]}]},{"@type":"ImageObject","inLanguage":"es","@id":"https:\/\/betterpros.com\/careers\/es\/ingenieria\/disenador-ingeniero-de-energias-renovables\/#primaryimage","url":"https:\/\/betterpros.com\/careers\/wp-content\/uploads\/2024\/11\/Engineering-1.png","contentUrl":"https:\/\/betterpros.com\/careers\/wp-content\/uploads\/2024\/11\/Engineering-1.png","width":783,"height":523},{"@type":"BreadcrumbList","@id":"https:\/\/betterpros.com\/careers\/es\/ingenieria\/disenador-ingeniero-de-energias-renovables\/#breadcrumb","itemListElement":[{"@type":"ListItem","position":1,"name":"Home","item":"https:\/\/betterpros.com\/careers\/es\/"},{"@type":"ListItem","position":2,"name":"Carreras","item":"https:\/\/betterpros.com\/careers\/es\/career\/"},{"@type":"ListItem","position":3,"name":"Ingenier\u00eda","item":"https:\/\/betterpros.com\/careers\/es\/ingenieria\/"},{"@type":"ListItem","position":4,"name":"Dise\u00f1ador \/ Ingeniero de Energ\u00edas Renovables"}]},{"@type":"WebSite","@id":"https:\/\/betterpros.com\/careers\/es\/#website","url":"https:\/\/betterpros.com\/careers\/es\/","name":"BetterPros Careers","description":"Find a job in BetterPros Career Site","publisher":{"@id":"https:\/\/betterpros.com\/careers\/es\/#organization"},"potentialAction":[{"@type":"SearchAction","target":{"@type":"EntryPoint","urlTemplate":"https:\/\/betterpros.com\/careers\/es\/?s={search_term_string}"},"query-input":{"@type":"PropertyValueSpecification","valueRequired":true,"valueName":"search_term_string"}}],"inLanguage":"es"},{"@type":"Organization","@id":"https:\/\/betterpros.com\/careers\/es\/#organization","name":"BetterPros Careers","url":"https:\/\/betterpros.com\/careers\/es\/","logo":{"@type":"ImageObject","inLanguage":"es","@id":"https:\/\/betterpros.com\/careers\/es\/#\/schema\/logo\/image\/","url":"https:\/\/betterpros.com\/careers\/wp-content\/uploads\/2023\/03\/betterpros-logo.png","contentUrl":"https:\/\/betterpros.com\/careers\/wp-content\/uploads\/2023\/03\/betterpros-logo.png","width":1666,"height":491,"caption":"BetterPros Careers"},"image":{"@id":"https:\/\/betterpros.com\/careers\/es\/#\/schema\/logo\/image\/"},"sameAs":["https:\/\/www.facebook.com\/Better-Pros-105415752069554","https:\/\/www.instagram.com\/betterpros\/","https:\/\/www.linkedin.com\/company\/betterpros\/"]}]}},"_links":{"self":[{"href":"https:\/\/betterpros.com\/careers\/es\/wp-json\/wp\/v2\/product\/6046","targetHints":{"allow":["GET"]}}],"collection":[{"href":"https:\/\/betterpros.com\/careers\/es\/wp-json\/wp\/v2\/product"}],"about":[{"href":"https:\/\/betterpros.com\/careers\/es\/wp-json\/wp\/v2\/types\/product"}],"version-history":[{"count":4,"href":"https:\/\/betterpros.com\/careers\/es\/wp-json\/wp\/v2\/product\/6046\/revisions"}],"predecessor-version":[{"id":30739,"href":"https:\/\/betterpros.com\/careers\/es\/wp-json\/wp\/v2\/product\/6046\/revisions\/30739"}],"wp:featuredmedia":[{"embeddable":true,"href":"https:\/\/betterpros.com\/careers\/es\/wp-json\/wp\/v2\/media\/13927"}],"wp:attachment":[{"href":"https:\/\/betterpros.com\/careers\/es\/wp-json\/wp\/v2\/media?parent=6046"}],"wp:term":[{"taxonomy":"product_brand","embeddable":true,"href":"https:\/\/betterpros.com\/careers\/es\/wp-json\/wp\/v2\/product_brand?post=6046"},{"taxonomy":"product_cat","embeddable":true,"href":"https:\/\/betterpros.com\/careers\/es\/wp-json\/wp\/v2\/product_cat?post=6046"},{"taxonomy":"product_tag","embeddable":true,"href":"https:\/\/betterpros.com\/careers\/es\/wp-json\/wp\/v2\/product_tag?post=6046"},{"taxonomy":"framework","embeddable":true,"href":"https:\/\/betterpros.com\/careers\/es\/wp-json\/wp\/v2\/framework?post=6046"},{"taxonomy":"expertise","embeddable":true,"href":"https:\/\/betterpros.com\/careers\/es\/wp-json\/wp\/v2\/expertise?post=6046"},{"taxonomy":"field","embeddable":true,"href":"https:\/\/betterpros.com\/careers\/es\/wp-json\/wp\/v2\/field?post=6046"},{"taxonomy":"software","embeddable":true,"href":"https:\/\/betterpros.com\/careers\/es\/wp-json\/wp\/v2\/software?post=6046"},{"taxonomy":"product-category","embeddable":true,"href":"https:\/\/betterpros.com\/careers\/es\/wp-json\/wp\/v2\/product-category?post=6046"}],"curies":[{"name":"wp","href":"https:\/\/api.w.org\/{rel}","templated":true}]}}